{"id":19912,"date":"2023-06-07T08:47:45","date_gmt":"2023-06-07T05:47:45","guid":{"rendered":"https:\/\/citicluster.upb.ro\/propuneri-active-2\/"},"modified":"2024-05-14T12:20:52","modified_gmt":"2024-05-14T09:20:52","slug":"propuneri-active-2","status":"publish","type":"page","link":"https:\/\/citicluster.upb.ro\/ro\/propuneri-active-2\/","title":{"rendered":"Propuneri active"},"content":{"rendered":"\t\t<div data-elementor-type=\"wp-page\" data-elementor-id=\"19912\" class=\"elementor elementor-19912 elementor-18010\">\n\t\t\t\t\t\t<section class=\"elementor-section elementor-top-section elementor-element elementor-element-e26540f elementor-section-boxed elementor-section-height-default elementor-section-height-default rt-parallax-bg-no\" data-id=\"e26540f\" data-element_type=\"section\" data-e-type=\"section\">\n\t\t\t\t\t\t<div class=\"elementor-container elementor-column-gap-default\">\n\t\t\t\t\t<div class=\"elementor-column elementor-col-100 elementor-top-column elementor-element elementor-element-95b6a34\" data-id=\"95b6a34\" data-element_type=\"column\" data-e-type=\"column\">\n\t\t\t<div class=\"elementor-widget-wrap\">\n\t\t\t\t\t\t\t<\/div>\n\t\t<\/div>\n\t\t\t\t\t<\/div>\n\t\t<\/section>\n\t\t\t\t<section class=\"elementor-section elementor-top-section elementor-element elementor-element-21f8a88 logged-out-condition hide-logged-out elementor-section-boxed elementor-section-height-default elementor-section-height-default rt-parallax-bg-no\" data-id=\"21f8a88\" data-element_type=\"section\" data-e-type=\"section\">\n\t\t\t\t\t\t<div class=\"elementor-container elementor-column-gap-default\">\n\t\t\t\t\t<div class=\"elementor-column elementor-col-100 elementor-top-column elementor-element elementor-element-3b02a11 networks_container\" data-id=\"3b02a11\" data-element_type=\"column\" data-e-type=\"column\">\n\t\t\t<div class=\"elementor-widget-wrap elementor-element-populated\">\n\t\t\t\t\t\t<div class=\"elementor-element elementor-element-959e051 elementor-widget elementor-widget-heading\" data-id=\"959e051\" data-element_type=\"widget\" data-e-type=\"widget\" data-widget_type=\"heading.default\">\n\t\t\t\t<div class=\"elementor-widget-container\">\n\t\t\t\t\t<h2 class=\"elementor-heading-title elementor-size-default\">\u00cen prezent, nu exist\u0103 propuneri de lucru active.<br>\n<br>R\u0103m\u00e2ne\u021bi pe faz\u0103 pentru ceea ce urmeaz\u0103!<\/h2>\t\t\t\t<\/div>\n\t\t\t\t<\/div>\n\t\t\t\t<div class=\"elementor-element elementor-element-d96f8ee elementor-align-center elementor-widget elementor-widget-button\" data-id=\"d96f8ee\" data-element_type=\"widget\" data-e-type=\"widget\" data-widget_type=\"button.default\">\n\t\t\t\t<div class=\"elementor-widget-container\">\n\t\t\t\t\t\t\t\t\t<div class=\"elementor-button-wrapper\">\n\t\t\t\t\t<a class=\"elementor-button elementor-button-link elementor-size-lg\" href=\"https:\/\/citicluster.upb.ro\/working-groups\/\">\n\t\t\t\t\t\t<span class=\"elementor-button-content-wrapper\">\n\t\t\t\t\t\t\t\t\t<span class=\"elementor-button-text\">\u00cenapoi la Grupuri de lucru<\/span>\n\t\t\t\t\t<\/span>\n\t\t\t\t\t<\/a>\n\t\t\t\t<\/div>\n\t\t\t\t\t\t\t\t<\/div>\n\t\t\t\t<\/div>\n\t\t\t\t\t<\/div>\n\t\t<\/div>\n\t\t\t\t\t<\/div>\n\t\t<\/section>\n\t\t\t\t<section class=\"elementor-section elementor-top-section elementor-element elementor-element-386a455  hide-logged-in elementor-section-boxed elementor-section-height-default elementor-section-height-default rt-parallax-bg-no\" data-id=\"386a455\" data-element_type=\"section\" data-e-type=\"section\">\n\t\t\t\t\t\t<div class=\"elementor-container elementor-column-gap-default\">\n\t\t\t\t\t<div class=\"elementor-column elementor-col-100 elementor-top-column elementor-element elementor-element-a7fdb1e networks_container\" data-id=\"a7fdb1e\" data-element_type=\"column\" data-e-type=\"column\">\n\t\t\t<div class=\"elementor-widget-wrap elementor-element-populated\">\n\t\t\t\t\t\t<div class=\"elementor-element elementor-element-ab04f15 elementor-widget elementor-widget-text-editor\" data-id=\"ab04f15\" data-element_type=\"widget\" data-e-type=\"widget\" data-widget_type=\"text-editor.default\">\n\t\t\t\t<div class=\"elementor-widget-container\">\n\t\t\t\t\t\t\t\t\t<p>Trebuie s\u0103 v\u0103 conecta\u021bi pentru a vedea formularul. <a href=\"https:\/\/citicluster.upb.ro\/login\/\" style=\"color:#69ab88 !important\">Merge\u021bi la login.<\/a><\/p>\n\t\t\t\t\t\t\t\t<\/div>\n\t\t\t\t<\/div>\n\t\t\t\t\t<\/div>\n\t\t<\/div>\n\t\t\t\t\t<\/div>\n\t\t<\/section>\n\t\t\t\t<\/div>\n\t\t","protected":false},"excerpt":{"rendered":"<p>\u00cen prezent, nu exist\u0103 propuneri de lucru active. R\u0103m\u00e2ne\u021bi pe faz\u0103 pentru ceea ce urmeaz\u0103! \u00cenapoi la Grupuri de lucru Trebuie s\u0103 v\u0103 conecta\u021bi pentru a vedea formularul. Merge\u021bi la [&hellip;]<\/p>\n","protected":false},"author":43,"featured_media":0,"parent":0,"menu_order":0,"comment_status":"closed","ping_status":"closed","template":"","meta":{"footnotes":""},"class_list":["post-19912","page","type-page","status-publish","hentry"],"_links":{"self":[{"href":"https:\/\/citicluster.upb.ro\/ro\/wp-json\/wp\/v2\/pages\/19912","targetHints":{"allow":["GET"]}}],"collection":[{"href":"https:\/\/citicluster.upb.ro\/ro\/wp-json\/wp\/v2\/pages"}],"about":[{"href":"https:\/\/citicluster.upb.ro\/ro\/wp-json\/wp\/v2\/types\/page"}],"author":[{"embeddable":true,"href":"https:\/\/citicluster.upb.ro\/ro\/wp-json\/wp\/v2\/users\/43"}],"replies":[{"embeddable":true,"href":"https:\/\/citicluster.upb.ro\/ro\/wp-json\/wp\/v2\/comments?post=19912"}],"version-history":[{"count":5,"href":"https:\/\/citicluster.upb.ro\/ro\/wp-json\/wp\/v2\/pages\/19912\/revisions"}],"predecessor-version":[{"id":19929,"href":"https:\/\/citicluster.upb.ro\/ro\/wp-json\/wp\/v2\/pages\/19912\/revisions\/19929"}],"wp:attachment":[{"href":"https:\/\/citicluster.upb.ro\/ro\/wp-json\/wp\/v2\/media?parent=19912"}],"curies":[{"name":"wp","href":"https:\/\/api.w.org\/{rel}","templated":true}]}}