{"id":19934,"date":"2023-02-23T11:59:14","date_gmt":"2023-02-23T09:59:14","guid":{"rendered":"https:\/\/citicluster.upb.ro\/deveniti-partener\/"},"modified":"2024-06-10T10:33:06","modified_gmt":"2024-06-10T07:33:06","slug":"deveniti-partener","status":"publish","type":"page","link":"https:\/\/citicluster.upb.ro\/ro\/deveniti-partener\/","title":{"rendered":"Deveni\u021bi partener"},"content":{"rendered":"\t\t<div data-elementor-type=\"wp-page\" data-elementor-id=\"19934\" class=\"elementor elementor-19934 elementor-7783\">\n\t\t\t\t\t\t<section class=\"elementor-section elementor-top-section elementor-element elementor-element-83e5926 elementor-section-boxed elementor-section-height-default elementor-section-height-default rt-parallax-bg-no\" data-id=\"83e5926\" data-element_type=\"section\" data-e-type=\"section\">\n\t\t\t\t\t\t<div class=\"elementor-container elementor-column-gap-default\">\n\t\t\t\t\t<div class=\"elementor-column elementor-col-100 elementor-top-column elementor-element elementor-element-15a1288\" data-id=\"15a1288\" data-element_type=\"column\" data-e-type=\"column\">\n\t\t\t<div class=\"elementor-widget-wrap elementor-element-populated\">\n\t\t\t\t\t\t<div class=\"elementor-element elementor-element-37a9ea0 elementor-widget elementor-widget-text-editor\" data-id=\"37a9ea0\" data-element_type=\"widget\" data-e-type=\"widget\" data-widget_type=\"text-editor.default\">\n\t\t\t\t<div class=\"elementor-widget-container\">\n\t\t\t\t\t\t\t\t\t<h4>Pentru a <strong style=\"color: #222a6b;\">deveni partener<\/strong>, este necesar s\u0103 urma\u021bi o procedur\u0103 simpl\u0103 de solicitare.<\/h4>\t\t\t\t\t\t\t\t<\/div>\n\t\t\t\t<\/div>\n\t\t\t\t\t<\/div>\n\t\t<\/div>\n\t\t\t\t\t<\/div>\n\t\t<\/section>\n\t\t\t\t<section class=\"elementor-section elementor-top-section elementor-element elementor-element-63ec085 elementor-hidden-tablet elementor-hidden-mobile elementor-section-boxed elementor-section-height-default elementor-section-height-default rt-parallax-bg-no\" data-id=\"63ec085\" data-element_type=\"section\" data-e-type=\"section\">\n\t\t\t\t\t\t<div class=\"elementor-container elementor-column-gap-default\">\n\t\t\t\t\t<div class=\"elementor-column elementor-col-100 elementor-top-column elementor-element elementor-element-19ca8cb\" data-id=\"19ca8cb\" data-element_type=\"column\" data-e-type=\"column\">\n\t\t\t<div class=\"elementor-widget-wrap elementor-element-populated\">\n\t\t\t\t\t\t<div class=\"elementor-element elementor-element-8b73543 elementor-invisible elementor-widget elementor-widget-rt-story\" data-id=\"8b73543\" data-element_type=\"widget\" data-e-type=\"widget\" data-settings=\"{&quot;_animation&quot;:&quot;none&quot;}\" data-widget_type=\"rt-story.default\">\n\t\t\t\t<div class=\"elementor-widget-container\">\n\t\t\t\t\t<div class=\"rtin-story\">\n\t<ul class=\"story-layout\">\n\t\t\t\t\n\t\t<li class=\"story-box-layout\">\n\t\t\t<div class=\"hide fadeInUp\" data-wow-delay=\"0.7s\" data-wow-duration=\"1.3s\">\n\t\t\t<div class=\"timeline-circle\"><\/div>\n\t\t\t\t\t\t<h2 class=\"rtin-year\">01<\/h2>\n\t\t\t\t\t\t\n\t\t\t\t\t\t<div class=\"rtin-img\"><\/div>\n\t\t\t\t\t\t<\/div>\n\t\t\t<div class=\"hide fadeInUp\" data-wow-delay=\"1s\" data-wow-duration=\"1.9s\">\n\t\t\t<div class=\"rtin-content\">\n\t\t\t\t\t\t\t\t<h3 class=\"rtin-title\">Trimite\u021bi cererea de parteneriat<\/h3>\n\t\t\t\t\t\t\t<\/div>\n\t\t\t<\/div>\n\t\t<\/li>\n\t\t\t\t\n\t\t<li class=\"story-box-layout\">\n\t\t\t<div class=\"hide fadeInUp\" data-wow-delay=\"0.7s\" data-wow-duration=\"1.3s\">\n\t\t\t<div class=\"timeline-circle\"><\/div>\n\t\t\t\t\t\t<h2 class=\"rtin-year\">02<\/h2>\n\t\t\t\t\t\t\n\t\t\t\t\t\t<div class=\"rtin-img\"><\/div>\n\t\t\t\t\t\t<\/div>\n\t\t\t<div class=\"hide fadeInUp\" data-wow-delay=\"1s\" data-wow-duration=\"1.9s\">\n\t\t\t<div class=\"rtin-content\">\n\t\t\t\t\t\t\t\t<h3 class=\"rtin-title\">Echipa noastr\u0103 executiv\u0103 aprob\u0103 cererea<\/h3>\n\t\t\t\t\t\t\t<\/div>\n\t\t\t<\/div>\n\t\t<\/li>\n\t\t\t\t\n\t\t<li class=\"story-box-layout\">\n\t\t\t<div class=\"hide fadeInUp\" data-wow-delay=\"0.7s\" data-wow-duration=\"1.3s\">\n\t\t\t<div class=\"timeline-circle\"><\/div>\n\t\t\t\t\t\t<h2 class=\"rtin-year\">03<\/h2>\n\t\t\t\t\t\t\n\t\t\t\t\t\t<div class=\"rtin-img\"><\/div>\n\t\t\t\t\t\t<\/div>\n\t\t\t<div class=\"hide fadeInUp\" data-wow-delay=\"1s\" data-wow-duration=\"1.9s\">\n\t\t\t<div class=\"rtin-content\">\n\t\t\t\t\t\t\t\t<h3 class=\"rtin-title\">Semnarea documentului de parteneriat<\/h3>\n\t\t\t\t\t\t\t<\/div>\n\t\t\t<\/div>\n\t\t<\/li>\n\t\t\t\t\n\t\t<li class=\"story-box-layout\">\n\t\t\t<div class=\"hide fadeInUp\" data-wow-delay=\"0.7s\" data-wow-duration=\"1.3s\">\n\t\t\t<div class=\"timeline-circle\"><\/div>\n\t\t\t\t\t\t<h2 class=\"rtin-year\">04<\/h2>\n\t\t\t\t\t\t\n\t\t\t\t\t\t<div class=\"rtin-img\"><\/div>\n\t\t\t\t\t\t<\/div>\n\t\t\t<div class=\"hide fadeInUp\" data-wow-delay=\"1s\" data-wow-duration=\"1.9s\">\n\t\t\t<div class=\"rtin-content\">\n\t\t\t\t\t\t\t\t<h3 class=\"rtin-title\">Emiterea \u0219i plata facturii<\/h3>\n\t\t\t\t\t\t\t<\/div>\n\t\t\t<\/div>\n\t\t<\/li>\n\t\t\t\t\n\t\t<li class=\"story-box-layout\">\n\t\t\t<div class=\"hide fadeInUp\" data-wow-delay=\"0.7s\" data-wow-duration=\"1.3s\">\n\t\t\t<div class=\"timeline-circle\"><\/div>\n\t\t\t\t\t\t<h2 class=\"rtin-year\">05<\/h2>\n\t\t\t\t\t\t\n\t\t\t\t\t\t<div class=\"rtin-img\"><\/div>\n\t\t\t\t\t\t<\/div>\n\t\t\t<div class=\"hide fadeInUp\" data-wow-delay=\"1s\" data-wow-duration=\"1.9s\">\n\t\t\t<div class=\"rtin-content\">\n\t\t\t\t\t\t\t\t<h3 class=\"rtin-title\">Deveni\u021bi partenerul nostru<\/h3>\n\t\t\t\t\t\t\t<\/div>\n\t\t\t<\/div>\n\t\t<\/li>\n\t\t\t<\/ul>\n<\/div>\n\n\t\t\t\t<\/div>\n\t\t\t\t<\/div>\n\t\t\t\t\t<\/div>\n\t\t<\/div>\n\t\t\t\t\t<\/div>\n\t\t<\/section>\n\t\t\t\t<section class=\"elementor-section elementor-top-section elementor-element elementor-element-02277b1 elementor-hidden-desktop elementor-section-boxed elementor-section-height-default elementor-section-height-default rt-parallax-bg-no\" data-id=\"02277b1\" data-element_type=\"section\" data-e-type=\"section\">\n\t\t\t\t\t\t<div class=\"elementor-container elementor-column-gap-default\">\n\t\t\t\t\t<div class=\"elementor-column elementor-col-100 elementor-top-column elementor-element elementor-element-1fea60c\" data-id=\"1fea60c\" data-element_type=\"column\" data-e-type=\"column\">\n\t\t\t<div class=\"elementor-widget-wrap elementor-element-populated\">\n\t\t\t\t\t\t<div class=\"elementor-element elementor-element-8f8e386 elementor-widget elementor-widget-rt-accordion\" data-id=\"8f8e386\" data-element_type=\"widget\" data-e-type=\"widget\" data-widget_type=\"rt-accordion.default\">\n\t\t\t\t<div class=\"elementor-widget-container\">\n\t\t\t\t\t<div id=\"rtaccordion-1\" class=\"rt-accordion rt-accordion-style-1\" >\r\n       <div class=\"accordion-item\">\r\n       <h2 class=\"accordion-header active\" id=\"rtaccordion-01\" >\r\n        <button class=\"accordion-button \" type=\"button\" data-bs-toggle=\"collapse\" data-bs-target=\"#rtaccordion-collapse-01\" aria-expanded=\"true\">\r\n            01            <\/button>\r\n       <\/h2>\r\n       <div id=\"rtaccordion-collapse-01\" class=\"accordion-collapse collapse show\" aria-labelledby=\"rtaccordion-01\" data-bs-parent=\"#rtaccordion-1\">\r\n            <div class=\"accordion-body\">\r\n              <h3 class=\"rtin-title\">Submit partnership request<\/h3>            <\/div>\r\n        <\/div>\r\n   <\/div>\r\n       <div class=\"accordion-item\">\r\n       <h2 class=\"accordion-header \" id=\"rtaccordion-02\" >\r\n        <button class=\"accordion-button collapsed\" type=\"button\" data-bs-toggle=\"collapse\" data-bs-target=\"#rtaccordion-collapse-02\" aria-expanded=\"true\">\r\n            02            <\/button>\r\n       <\/h2>\r\n       <div id=\"rtaccordion-collapse-02\" class=\"accordion-collapse collapse \" aria-labelledby=\"rtaccordion-02\" data-bs-parent=\"#rtaccordion-1\">\r\n            <div class=\"accordion-body\">\r\n              <h3 class=\"rtin-title\">Our Executive team approves the request<\/h3>            <\/div>\r\n        <\/div>\r\n   <\/div>\r\n       <div class=\"accordion-item\">\r\n       <h2 class=\"accordion-header \" id=\"rtaccordion-03\" >\r\n        <button class=\"accordion-button collapsed\" type=\"button\" data-bs-toggle=\"collapse\" data-bs-target=\"#rtaccordion-collapse-03\" aria-expanded=\"true\">\r\n            03            <\/button>\r\n       <\/h2>\r\n       <div id=\"rtaccordion-collapse-03\" class=\"accordion-collapse collapse \" aria-labelledby=\"rtaccordion-03\" data-bs-parent=\"#rtaccordion-1\">\r\n            <div class=\"accordion-body\">\r\n              <h3 class=\"rtin-title\">Sign partnership document\u200b<\/h3>            <\/div>\r\n        <\/div>\r\n   <\/div>\r\n       <div class=\"accordion-item\">\r\n       <h2 class=\"accordion-header \" id=\"rtaccordion-04\" >\r\n        <button class=\"accordion-button collapsed\" type=\"button\" data-bs-toggle=\"collapse\" data-bs-target=\"#rtaccordion-collapse-04\" aria-expanded=\"true\">\r\n            04            <\/button>\r\n       <\/h2>\r\n       <div id=\"rtaccordion-collapse-04\" class=\"accordion-collapse collapse \" aria-labelledby=\"rtaccordion-04\" data-bs-parent=\"#rtaccordion-1\">\r\n            <div class=\"accordion-body\">\r\n              <h3 class=\"rtin-title\">Issuing and paying the invoice<\/h3>            <\/div>\r\n        <\/div>\r\n   <\/div>\r\n       <div class=\"accordion-item\">\r\n       <h2 class=\"accordion-header \" id=\"rtaccordion-05\" >\r\n        <button class=\"accordion-button collapsed\" type=\"button\" data-bs-toggle=\"collapse\" data-bs-target=\"#rtaccordion-collapse-05\" aria-expanded=\"true\">\r\n            05            <\/button>\r\n       <\/h2>\r\n       <div id=\"rtaccordion-collapse-05\" class=\"accordion-collapse collapse \" aria-labelledby=\"rtaccordion-05\" data-bs-parent=\"#rtaccordion-1\">\r\n            <div class=\"accordion-body\">\r\n              <h3 class=\"rtin-title\">Become our integrated partner<\/h3>            <\/div>\r\n        <\/div>\r\n   <\/div>\r\n    <\/div>\r\n\t\t\t\t<\/div>\n\t\t\t\t<\/div>\n\t\t\t\t\t<\/div>\n\t\t<\/div>\n\t\t\t\t\t<\/div>\n\t\t<\/section>\n\t\t\t\t<section class=\"elementor-section elementor-top-section elementor-element elementor-element-0a0af2f networks_container elementor-section-boxed elementor-section-height-default elementor-section-height-default rt-parallax-bg-no\" data-id=\"0a0af2f\" data-element_type=\"section\" data-e-type=\"section\">\n\t\t\t\t\t\t<div class=\"elementor-container elementor-column-gap-default\">\n\t\t\t\t\t<div class=\"elementor-column elementor-col-100 elementor-top-column elementor-element elementor-element-0fe585a\" data-id=\"0fe585a\" data-element_type=\"column\" data-e-type=\"column\">\n\t\t\t<div class=\"elementor-widget-wrap elementor-element-populated\">\n\t\t\t\t\t\t<div class=\"elementor-element elementor-element-10bbb8a fluentform-widget-submit-button-center fluent-form-widget-step-header-yes fluent-form-widget-step-progressbar-yes fluentform-widget-submit-button-custom elementor-widget elementor-widget-fluent-form-widget\" data-id=\"10bbb8a\" data-element_type=\"widget\" data-e-type=\"widget\" data-widget_type=\"fluent-form-widget.default\">\n\t\t\t\t<div class=\"elementor-widget-container\">\n\t\t\t\t\t\n            <div class=\"fluentform-widget-wrapper fluentform-widget-align-default\">\n\n                            <div class=\"fluentform-widget-heading\">\n                                        <h3 class=\"fluentform-widget-title\">\n                        Trimite\u021bi cererea dumneavoastr\u0103 de parteneriat                    <\/h3>\n                                                        <\/div>\n            \n            <div class='fluentform ff-default fluentform_wrapper_39 ffs_default_wrap'><form data-form_id=\"39\" id=\"fluentform_39\" class=\"frm-fluent-form fluent_form_39 ff-el-form-top ff_form_instance_39_1 ff-form-loading ffs_default\" data-form_instance=\"ff_form_instance_39_1\" method=\"POST\" ><fieldset  style=\"border: none!important;margin: 0!important;padding: 0!important;background-color: transparent!important;box-shadow: none!important;outline: none!important; min-inline-size: 100%;\">\n                    <legend class=\"ff_screen_reader_title\" style=\"display: block; margin: 0!important;padding: 0!important;height: 0!important;text-indent: -999999px;width: 0!important;overflow:hidden;\">Deveni\u021bi partener (#39)<\/legend><input type='hidden' name='__fluent_form_embded_post_id' value='19934' \/><input type=\"hidden\" id=\"_fluentform_39_fluentformnonce\" name=\"_fluentform_39_fluentformnonce\" value=\"845027ffc3\" \/><input type=\"hidden\" name=\"_wp_http_referer\" value=\"\/ro\/wp-json\/wp\/v2\/pages\/19934\" \/><div data-type=\"name-element\" data-name=\"names\" class=\" ff-field_container ff-name-field-wrapper\" ><div class='ff-t-container'><div class='ff-t-cell '><div class='ff-el-group  ff-el-form-top'><div class=\"ff-el-input--label ff-el-is-required asterisk-right\"><label for='ff_39_names_first_name_' id='label_ff_39_names_first_name_' >Numele organiza\u021biei<\/label><\/div><div class='ff-el-input--content'><input type=\"text\" name=\"names[first_name]\" id=\"ff_39_names_first_name_\" class=\"ff-el-form-control\" placeholder=\"Numele organiza\u021biei\" aria-invalid=\"false\" aria-required=true><\/div><\/div><\/div><\/div><\/div><div data-type=\"name-element\" data-name=\"names_1\" class=\" ff-field_container ff-name-field-wrapper\" ><div class='ff-t-container'><div class='ff-t-cell '><div class='ff-el-group  ff-el-form-top'><div class=\"ff-el-input--label ff-el-is-required asterisk-right\"><label for='ff_39_names_1_first_name_' id='label_ff_39_names_1_first_name_' >Prenume<\/label><\/div><div class='ff-el-input--content'><input type=\"text\" name=\"names_1[first_name]\" id=\"ff_39_names_1_first_name_\" class=\"ff-el-form-control\" placeholder=\"Prenume\" aria-invalid=\"false\" aria-required=true><\/div><\/div><\/div><div class='ff-t-cell '><div class='ff-el-group  ff-el-form-top'><div class=\"ff-el-input--label ff-el-is-required asterisk-right\"><label for='ff_39_names_1_last_name_' id='label_ff_39_names_1_last_name_' >Nume<\/label><\/div><div class='ff-el-input--content'><input type=\"text\" name=\"names_1[last_name]\" id=\"ff_39_names_1_last_name_\" class=\"ff-el-form-control\" placeholder=\"Nume\" aria-invalid=\"false\" aria-required=true><\/div><\/div><\/div><\/div><\/div><div class='ff-el-group'><div class=\"ff-el-input--label ff-el-is-required asterisk-right\"><label for='ff_39_email' id='label_ff_39_email' aria-label=\"Adres\u0103 de email\">Adres\u0103 de email<\/label><\/div><div class='ff-el-input--content'><input type=\"email\" name=\"email\" id=\"ff_39_email\" class=\"ff-el-form-control\" placeholder=\"Adres\u0103 de email\" data-name=\"email\"  aria-invalid=\"false\" aria-required=true><\/div><\/div><div class='ff-el-group'><div class=\"ff-el-input--label ff-el-is-required asterisk-right\"><label for='ff_39_numeric-field' id='label_ff_39_numeric-field' aria-label=\"Num\u0103r de telefon\">Num\u0103r de telefon<\/label><\/div><div class='ff-el-input--content'><input type=\"number\" name=\"numeric-field\" id=\"ff_39_numeric-field\" class=\"ff-el-form-control\" placeholder=\"Num\u0103r de telefon\" data-name=\"numeric-field\" inputmode=\"numeric\" step=\"any\"  aria-invalid=\"false\" aria-required=true><\/div><\/div><div class='ff-el-group'><div class=\"ff-el-input--label ff-el-is-required asterisk-right\"><label for='ff_39_url' id='label_ff_39_url' aria-label=\"Site organiza\u021bie\">Site organiza\u021bie<\/label><\/div><div class='ff-el-input--content'><input type=\"url\" name=\"url\" class=\"ff-el-form-control\" placeholder=\"Site-ul web al organiza\u021biei\" data-name=\"url\" id=\"ff_39_url\"  aria-invalid=\"false\" aria-required=true><\/div><\/div><div class='ff-el-group'><div class=\"ff-el-input--label asterisk-right\"><label for='ff_39_description' id='label_ff_39_description' aria-label=\"Mesaj (max 1000 de caractere)\">Mesaj (max 1000 de caractere)<\/label><\/div><div class='ff-el-input--content'><textarea aria-required=\"false\" aria-labelledby=\"label_ff_39_description\" name=\"description\" id=\"ff_39_description\" class=\"ff-el-form-control\" placeholder=\"Mesaj\" rows=\"3\" cols=\"2\" maxlength=\"1000\" data-name=\"description\" ><\/textarea><\/div><\/div><div class='ff-el-group    ff-el-input--content'><div class='ff-el-form-check ff-el-tc'><label aria-label='Sunt de acord ca acest site web s\u0103 stocheze informa\u021biile pe care le-am trimis, astfel \u00eenc\u00e2t s\u0103 poat\u0103 r\u0103spunde la cererea mea.' class='ff-el-form-check-label ff_tc_label' for=gdpr-agreement_c62b6abed54bf7105d8ac73f52e8bb94><span class='ff_tc_checkbox'><input type=\"checkbox\" name=\"gdpr-agreement\" class=\"ff-el-form-check-input ff_gdpr_field\" data-name=\"gdpr-agreement\" id=\"gdpr-agreement_c62b6abed54bf7105d8ac73f52e8bb94\"  value='on' aria-invalid='false' aria-required=true><\/span> <div class='ff_t_c'>Sunt de acord ca acest site web s\u0103 stocheze informa\u021biile pe care le-am trimis, astfel \u00eenc\u00e2t s\u0103 poat\u0103 r\u0103spunde la cererea mea.<\/div><\/label><\/div><\/div><div class='ff-el-group ff-text-left ff_submit_btn_wrapper'><button type=\"submit\" class=\"ff-btn ff-btn-submit ff-btn-md ff_btn_style\"  aria-label=\"Trimite\">Trimite<\/button><\/div><\/fieldset><\/form><div id='fluentform_39_errors' class='ff-errors-in-stack ff_form_instance_39_1 ff-form-loading_errors ff_form_instance_39_1_errors'><\/div><\/div>            <script type=\"text\/javascript\">\n                window.fluent_form_ff_form_instance_39_1 = {\"id\":\"39\",\"settings\":{\"layout\":{\"labelPlacement\":\"top\",\"helpMessagePlacement\":\"with_label\",\"errorMessagePlacement\":\"inline\",\"cssClassName\":\"\",\"asteriskPlacement\":\"asterisk-right\"},\"restrictions\":{\"denyEmptySubmission\":{\"enabled\":false}}},\"form_instance\":\"ff_form_instance_39_1\",\"form_id_selector\":\"fluentform_39\",\"rules\":{\"names[first_name]\":{\"required\":{\"value\":true,\"message\":\"Acest c\\u00e2mp este obligatoriu\",\"global\":false,\"global_message\":\"This field is required\"}},\"names[middle_name]\":{\"required\":{\"value\":false,\"message\":\"This field is required\",\"global\":false,\"global_message\":\"This field is required\"}},\"names[last_name]\":{\"required\":{\"value\":false,\"message\":\"This field is required\",\"global\":false,\"global_message\":\"This field is required\"}},\"names_1[first_name]\":{\"required\":{\"value\":true,\"message\":\"Acest c\\u00e2mp este obligatoriu\",\"global\":false,\"global_message\":\"This field is required\"}},\"names_1[middle_name]\":{\"required\":{\"value\":false,\"message\":\"This field is required\",\"global\":false,\"global_message\":\"This field is required\"}},\"names_1[last_name]\":{\"required\":{\"value\":true,\"message\":\"Acest c\\u00e2mp este obligatoriu\",\"global\":false,\"global_message\":\"This field is required\"}},\"email\":{\"required\":{\"value\":true,\"message\":\"Acest c\\u00e2mp este obligatoriu\",\"global\":false,\"global_message\":\"This field is required\"},\"email\":{\"value\":true,\"message\":\"Acest c\\u00e2mp trebuie s\\u0103 con\\u021bin\\u0103 un email valid\",\"global\":false,\"global_message\":\"This field must contain a valid email\"}},\"numeric-field\":{\"required\":{\"value\":true,\"message\":\"Acest c\\u00e2mp este obligatoriu\",\"global\":false,\"global_message\":\"This field is required\"},\"numeric\":{\"value\":true,\"message\":\"This field must contain numeric value\",\"global\":false,\"global_message\":\"This field must contain numeric value\"},\"min\":{\"value\":\"\",\"message\":\"Minimum value is \",\"global\":false,\"global_message\":\"Validation fails for minimum value\"},\"max\":{\"value\":\"\",\"message\":\"Maximum value is \",\"global\":false,\"global_message\":\"Validation fails for maximum value\"},\"digits\":{\"value\":\"\",\"message\":\"The number of digits has to be \",\"global\":false,\"global_message\":\"Validation fails for limited digits\"}},\"url\":{\"required\":{\"value\":true,\"message\":\"Acest c\\u00e2mp este obligatoriu\",\"global\":false,\"global_message\":\"This field is required\"},\"url\":{\"value\":true,\"message\":\"Acest c\\u00e2mp trebuie s\\u0103 con\\u021bin\\u0103 o adres\\u0103 URL valid\\u0103\",\"global\":false,\"global_message\":\"This field must contain a valid url\"}},\"description\":{\"required\":{\"value\":false,\"message\":\"This field is required\",\"global\":false,\"global_message\":\"This field is required\"}},\"gdpr-agreement\":{\"required\":{\"value\":true,\"message\":\"Acest c\\u00e2mp este obligatoriu\",\"global\":false,\"global_message\":\"This field is required\"}}},\"debounce_time\":300};\n                            <\/script>\n                        <\/div>\n\n            \t\t\t\t<\/div>\n\t\t\t\t<\/div>\n\t\t\t\t<div class=\"elementor-element elementor-element-42ee332 elementor-widget elementor-widget-text-editor\" data-id=\"42ee332\" data-element_type=\"widget\" data-e-type=\"widget\" data-widget_type=\"text-editor.default\">\n\t\t\t\t<div class=\"elementor-widget-container\">\n\t\t\t\t\t\t\t\t\t<p>\u00centreb\u0103rile despre cum s\u0103 deveni\u021bi partenerul nostru \u0219i despre beneficii sunt acceptate, contact\u00e2nd echipa noastr\u0103 la <b style=\"color: #184273;\">citicluster@upb.ro <\/b><strong>.<\/strong><\/p>\t\t\t\t\t\t\t\t<\/div>\n\t\t\t\t<\/div>\n\t\t\t\t\t<\/div>\n\t\t<\/div>\n\t\t\t\t\t<\/div>\n\t\t<\/section>\n\t\t\t\t<\/div>\n\t\t","protected":false},"excerpt":{"rendered":"<p>Pentru a deveni partener, este necesar s\u0103 urma\u021bi o procedur\u0103 simpl\u0103 de solicitare. 01 Trimite\u021bi cererea de parteneriat 02 Echipa noastr\u0103 executiv\u0103 aprob\u0103 cererea 03 Semnarea documentului de parteneriat 04 [&hellip;]<\/p>\n","protected":false},"author":43,"featured_media":0,"parent":0,"menu_order":0,"comment_status":"closed","ping_status":"closed","template":"","meta":{"footnotes":""},"class_list":["post-19934","page","type-page","status-publish","hentry"],"_links":{"self":[{"href":"https:\/\/citicluster.upb.ro\/ro\/wp-json\/wp\/v2\/pages\/19934","targetHints":{"allow":["GET"]}}],"collection":[{"href":"https:\/\/citicluster.upb.ro\/ro\/wp-json\/wp\/v2\/pages"}],"about":[{"href":"https:\/\/citicluster.upb.ro\/ro\/wp-json\/wp\/v2\/types\/page"}],"author":[{"embeddable":true,"href":"https:\/\/citicluster.upb.ro\/ro\/wp-json\/wp\/v2\/users\/43"}],"replies":[{"embeddable":true,"href":"https:\/\/citicluster.upb.ro\/ro\/wp-json\/wp\/v2\/comments?post=19934"}],"version-history":[{"count":35,"href":"https:\/\/citicluster.upb.ro\/ro\/wp-json\/wp\/v2\/pages\/19934\/revisions"}],"predecessor-version":[{"id":21606,"href":"https:\/\/citicluster.upb.ro\/ro\/wp-json\/wp\/v2\/pages\/19934\/revisions\/21606"}],"wp:attachment":[{"href":"https:\/\/citicluster.upb.ro\/ro\/wp-json\/wp\/v2\/media?parent=19934"}],"curies":[{"name":"wp","href":"https:\/\/api.w.org\/{rel}","templated":true}]}}