{"id":19941,"date":"2023-02-23T11:48:50","date_gmt":"2023-02-23T09:48:50","guid":{"rendered":"https:\/\/citicluster.upb.ro\/bucuresti-smart-days\/"},"modified":"2025-02-25T18:08:13","modified_gmt":"2025-02-25T16:08:13","slug":"bucuresti-smart-days","status":"publish","type":"page","link":"https:\/\/citicluster.upb.ro\/ro\/bucuresti-smart-days\/","title":{"rendered":"Bucure\u0219ti Smart Days"},"content":{"rendered":"\t\t<div data-elementor-type=\"wp-page\" data-elementor-id=\"19941\" class=\"elementor elementor-19941 elementor-7686\">\n\t\t\t\t\t\t<section class=\"elementor-section elementor-top-section elementor-element elementor-element-8234765 border_and_shadow elementor-section-boxed elementor-section-height-default elementor-section-height-default rt-parallax-bg-no\" data-id=\"8234765\" data-element_type=\"section\" data-e-type=\"section\">\n\t\t\t\t\t\t<div class=\"elementor-container elementor-column-gap-default\">\n\t\t\t\t\t<div class=\"elementor-column elementor-col-100 elementor-top-column elementor-element elementor-element-babed2b networks_container\" data-id=\"babed2b\" data-element_type=\"column\" data-e-type=\"column\">\n\t\t\t<div class=\"elementor-widget-wrap elementor-element-populated\">\n\t\t\t\t\t\t<div class=\"elementor-element elementor-element-5b8e05b elementor-invisible elementor-widget elementor-widget-rt-title\" data-id=\"5b8e05b\" data-element_type=\"widget\" data-e-type=\"widget\" data-widget_type=\"rt-title.default\">\n\t\t\t\t<div class=\"elementor-widget-container\">\n\t\t\t\t\t<div class=\"sec-title style1\">\n\t<div class=\"sec-title-holder\">\t\t\n\t\t\t\t\t\t<h2 class=\"rtin-title hide fadeInUp\" data-wow-delay=\"1.2s\" data-wow-duration=\"1s\">Evenimentul nostru anual<\/h2>\n\t\t\t\t<div class=\"hide fadeInUp\" data-wow-delay=\"1.4s\" data-wow-duration=\"1s\">\n\t\t\t<span class=\"section-line section-line-one\"><\/span>\n\t\t\t<span class=\"section-line section-line-two\"><\/span>\n\t\t\t<span class=\"section-line section-line-three\"><\/span>\n\t\t<\/div>\n\t<\/div>\n<\/div>\n\t\t\t\t<\/div>\n\t\t\t\t<\/div>\n\t\t\t\t<section class=\"elementor-section elementor-inner-section elementor-element elementor-element-bd86aea elementor-section-boxed elementor-section-height-default elementor-section-height-default rt-parallax-bg-no\" data-id=\"bd86aea\" data-element_type=\"section\" data-e-type=\"section\">\n\t\t\t\t\t\t<div class=\"elementor-container elementor-column-gap-default\">\n\t\t\t\t\t<div class=\"elementor-column elementor-col-50 elementor-inner-column elementor-element elementor-element-68304e4\" data-id=\"68304e4\" data-element_type=\"column\" data-e-type=\"column\">\n\t\t\t<div class=\"elementor-widget-wrap elementor-element-populated\">\n\t\t\t\t\t\t<div class=\"elementor-element elementor-element-95d14c1 elementor-widget elementor-widget-text-editor\" data-id=\"95d14c1\" data-element_type=\"widget\" data-e-type=\"widget\" data-widget_type=\"text-editor.default\">\n\t\t\t\t<div class=\"elementor-widget-container\">\n\t\t\t\t\t\t\t\t\t<p><strong>Bucharest Smart Days<\/strong> este un eveniment anual care se concentreaz\u0103 pe promovarea inova\u021biei, cercet\u0103rii \u0219i colabor\u0103rii \u00eentre diverse persoane \u0219i organiza\u021bii, de la sectorul public, p\u00e2n\u0103 la \u00eentreprinderi, mediul academic, antreprenori \u0219i comunit\u0103\u021bi de start-up-uri implicate \u00een conceptele Smart City.<\/p><p>Dorim s\u0103 cre\u0103m un spa\u021biu prietenos \u0219i deschis pentru a discuta modele de afaceri noi, ecologice \u0219i durabile \u0219i pentru a stabili parteneriate inovatoare.<\/p><p>Evenimentul conecteaz\u0103 \u0219i celebreaz\u0103 oamenii \u0219i organiza\u021biile care \u00eembr\u0103\u021bi\u0219eaz\u0103 inova\u021bia \u0219i folosesc sau dezvolt\u0103 noi modele, tehnologii \u0219i instrumente pentru a-\u0219i \u00eendeplini obiectivele de afaceri \u0219i proiectele care aduc o contribu\u021bie scalabil\u0103 pentru <strong style=\"color: #184273;\">ora\u0219ul inteligent<\/strong>.<\/p><p><strong><i class=\"far fa-calendar-alt fa-custom-style\"><\/i>Proiectul se afl\u0103 \u00een faza de dezvoltare.<\/strong><\/p>\t\t\t\t\t\t\t\t<\/div>\n\t\t\t\t<\/div>\n\t\t\t\t\t<\/div>\n\t\t<\/div>\n\t\t\t\t<div class=\"elementor-column elementor-col-50 elementor-inner-column elementor-element elementor-element-543ac5a\" data-id=\"543ac5a\" data-element_type=\"column\" data-e-type=\"column\">\n\t\t\t<div class=\"elementor-widget-wrap elementor-element-populated\">\n\t\t\t\t\t\t<div class=\"elementor-element elementor-element-be50d77 elementor-hidden-mobile elementor-widget elementor-widget-image\" data-id=\"be50d77\" data-element_type=\"widget\" data-e-type=\"widget\" data-widget_type=\"image.default\">\n\t\t\t\t<div class=\"elementor-widget-container\">\n\t\t\t\t\t\t\t\t\t\t\t\t\t\t\t<img decoding=\"async\" src=\"https:\/\/citicluster.upb.ro\/wp-content\/uploads\/elementor\/thumbs\/ameen-fahmy-_gEKtyIbRSM-unsplash-scaled-e1685021055116-q6zi0j739ta8vuwfr0bsj7a5856su72isjobm2s1ds.webp\" title=\"ameen-fahmy-_gEKtyIbRSM-unsplash\" alt=\"ameen-fahmy-_gEKtyIbRSM-unsplash\" loading=\"lazy\" \/>\t\t\t\t\t\t\t\t\t\t\t\t\t\t\t<\/div>\n\t\t\t\t<\/div>\n\t\t\t\t\t<\/div>\n\t\t<\/div>\n\t\t\t\t\t<\/div>\n\t\t<\/section>\n\t\t\t\t\t<\/div>\n\t\t<\/div>\n\t\t\t\t\t<\/div>\n\t\t<\/section>\n\t\t\t\t<\/div>\n\t\t","protected":false},"excerpt":{"rendered":"<p>Evenimentul nostru anual Bucharest Smart Days este un eveniment anual care se concentreaz\u0103 pe promovarea inova\u021biei, cercet\u0103rii \u0219i colabor\u0103rii \u00eentre diverse persoane \u0219i organiza\u021bii, de la sectorul public, p\u00e2n\u0103 la [&hellip;]<\/p>\n","protected":false},"author":43,"featured_media":0,"parent":0,"menu_order":0,"comment_status":"closed","ping_status":"closed","template":"","meta":{"footnotes":""},"class_list":["post-19941","page","type-page","status-publish","hentry"],"_links":{"self":[{"href":"https:\/\/citicluster.upb.ro\/ro\/wp-json\/wp\/v2\/pages\/19941","targetHints":{"allow":["GET"]}}],"collection":[{"href":"https:\/\/citicluster.upb.ro\/ro\/wp-json\/wp\/v2\/pages"}],"about":[{"href":"https:\/\/citicluster.upb.ro\/ro\/wp-json\/wp\/v2\/types\/page"}],"author":[{"embeddable":true,"href":"https:\/\/citicluster.upb.ro\/ro\/wp-json\/wp\/v2\/users\/43"}],"replies":[{"embeddable":true,"href":"https:\/\/citicluster.upb.ro\/ro\/wp-json\/wp\/v2\/comments?post=19941"}],"version-history":[{"count":26,"href":"https:\/\/citicluster.upb.ro\/ro\/wp-json\/wp\/v2\/pages\/19941\/revisions"}],"predecessor-version":[{"id":22997,"href":"https:\/\/citicluster.upb.ro\/ro\/wp-json\/wp\/v2\/pages\/19941\/revisions\/22997"}],"wp:attachment":[{"href":"https:\/\/citicluster.upb.ro\/ro\/wp-json\/wp\/v2\/media?parent=19941"}],"curies":[{"name":"wp","href":"https:\/\/api.w.org\/{rel}","templated":true}]}}