{"id":19963,"date":"2023-03-15T09:36:36","date_gmt":"2023-03-15T07:36:36","guid":{"rendered":"https:\/\/citicluster.upb.ro\/grupuri-de-lucru-inchise\/"},"modified":"2024-05-14T12:41:06","modified_gmt":"2024-05-14T09:41:06","slug":"grupuri-de-lucru-inchise","status":"publish","type":"page","link":"https:\/\/citicluster.upb.ro\/ro\/grupuri-de-lucru-inchise\/","title":{"rendered":"Grupuri de lucru \u00eenchise"},"content":{"rendered":"\t\t<div data-elementor-type=\"wp-page\" data-elementor-id=\"19963\" class=\"elementor elementor-19963 elementor-8603\">\n\t\t\t\t\t\t<section class=\"elementor-section elementor-top-section elementor-element elementor-element-0d84a3c elementor-section-boxed elementor-section-height-default elementor-section-height-default rt-parallax-bg-no\" data-id=\"0d84a3c\" data-element_type=\"section\" data-e-type=\"section\">\n\t\t\t\t\t\t<div class=\"elementor-container elementor-column-gap-default\">\n\t\t\t\t\t<div class=\"elementor-column elementor-col-100 elementor-top-column elementor-element elementor-element-2572805\" data-id=\"2572805\" data-element_type=\"column\" data-e-type=\"column\">\n\t\t\t<div class=\"elementor-widget-wrap\">\n\t\t\t\t\t\t\t<\/div>\n\t\t<\/div>\n\t\t\t\t\t<\/div>\n\t\t<\/section>\n\t\t\t\t<section class=\"elementor-section elementor-top-section elementor-element elementor-element-e69053d elementor-section-boxed elementor-section-height-default elementor-section-height-default rt-parallax-bg-no\" data-id=\"e69053d\" data-element_type=\"section\" data-e-type=\"section\">\n\t\t\t\t\t\t<div class=\"elementor-container elementor-column-gap-default\">\n\t\t\t\t\t<div class=\"elementor-column elementor-col-100 elementor-top-column elementor-element elementor-element-f149db3 networks_container\" data-id=\"f149db3\" data-element_type=\"column\" data-e-type=\"column\">\n\t\t\t<div class=\"elementor-widget-wrap elementor-element-populated\">\n\t\t\t\t\t\t<div class=\"elementor-element elementor-element-e58855e elementor-widget elementor-widget-heading\" data-id=\"e58855e\" data-element_type=\"widget\" data-e-type=\"widget\" data-widget_type=\"heading.default\">\n\t\t\t\t<div class=\"elementor-widget-container\">\n\t\t\t\t\t<h2 class=\"elementor-heading-title elementor-size-default\">\u00cen prezent, nu exist\u0103 grupuri de lucru \u00eenchise.<br>\n<br>R\u0103m\u00e2ne\u021bi pe faz\u0103 pentru ceea ce urmeaz\u0103!<\/h2>\t\t\t\t<\/div>\n\t\t\t\t<\/div>\n\t\t\t\t<div class=\"elementor-element elementor-element-d163838 elementor-align-center elementor-widget elementor-widget-button\" data-id=\"d163838\" data-element_type=\"widget\" data-e-type=\"widget\" data-widget_type=\"button.default\">\n\t\t\t\t<div class=\"elementor-widget-container\">\n\t\t\t\t\t\t\t\t\t<div class=\"elementor-button-wrapper\">\n\t\t\t\t\t<a class=\"elementor-button elementor-button-link elementor-size-lg\" href=\"https:\/\/citicluster.upb.ro\/working-groups\/\">\n\t\t\t\t\t\t<span class=\"elementor-button-content-wrapper\">\n\t\t\t\t\t\t\t\t\t<span class=\"elementor-button-text\">\u00cenapoi la Grupuri de lucru<\/span>\n\t\t\t\t\t<\/span>\n\t\t\t\t\t<\/a>\n\t\t\t\t<\/div>\n\t\t\t\t\t\t\t\t<\/div>\n\t\t\t\t<\/div>\n\t\t\t\t\t<\/div>\n\t\t<\/div>\n\t\t\t\t\t<\/div>\n\t\t<\/section>\n\t\t\t\t<\/div>\n\t\t","protected":false},"excerpt":{"rendered":"<p>\u00cen prezent, nu exist\u0103 grupuri de lucru \u00eenchise. R\u0103m\u00e2ne\u021bi pe faz\u0103 pentru ceea ce urmeaz\u0103! \u00cenapoi la Grupuri de lucru<\/p>\n","protected":false},"author":43,"featured_media":0,"parent":0,"menu_order":0,"comment_status":"closed","ping_status":"closed","template":"","meta":{"footnotes":""},"class_list":["post-19963","page","type-page","status-publish","hentry"],"_links":{"self":[{"href":"https:\/\/citicluster.upb.ro\/ro\/wp-json\/wp\/v2\/pages\/19963","targetHints":{"allow":["GET"]}}],"collection":[{"href":"https:\/\/citicluster.upb.ro\/ro\/wp-json\/wp\/v2\/pages"}],"about":[{"href":"https:\/\/citicluster.upb.ro\/ro\/wp-json\/wp\/v2\/types\/page"}],"author":[{"embeddable":true,"href":"https:\/\/citicluster.upb.ro\/ro\/wp-json\/wp\/v2\/users\/43"}],"replies":[{"embeddable":true,"href":"https:\/\/citicluster.upb.ro\/ro\/wp-json\/wp\/v2\/comments?post=19963"}],"version-history":[{"count":1,"href":"https:\/\/citicluster.upb.ro\/ro\/wp-json\/wp\/v2\/pages\/19963\/revisions"}],"predecessor-version":[{"id":19964,"href":"https:\/\/citicluster.upb.ro\/ro\/wp-json\/wp\/v2\/pages\/19963\/revisions\/19964"}],"wp:attachment":[{"href":"https:\/\/citicluster.upb.ro\/ro\/wp-json\/wp\/v2\/media?parent=19963"}],"curies":[{"name":"wp","href":"https:\/\/api.w.org\/{rel}","templated":true}]}}