{"id":19969,"date":"2021-06-17T04:02:38","date_gmt":"2021-06-17T01:02:38","guid":{"rendered":"https:\/\/citicluster.upb.ro\/contactati\/"},"modified":"2024-05-31T12:50:24","modified_gmt":"2024-05-31T09:50:24","slug":"contactati","status":"publish","type":"page","link":"https:\/\/citicluster.upb.ro\/ro\/contactati\/","title":{"rendered":"Contact"},"content":{"rendered":"\t\t<div data-elementor-type=\"wp-page\" data-elementor-id=\"19969\" class=\"elementor elementor-19969 elementor-225\">\n\t\t\t\t\t\t<section class=\"elementor-section elementor-top-section elementor-element elementor-element-1790129 elementor-section-stretched elementor-section-boxed elementor-section-height-default elementor-section-height-default rt-parallax-bg-no\" data-id=\"1790129\" data-element_type=\"section\" data-e-type=\"section\" data-settings=\"{&quot;stretch_section&quot;:&quot;section-stretched&quot;}\">\n\t\t\t\t\t\t<div class=\"elementor-container elementor-column-gap-default\">\n\t\t\t\t\t<div class=\"elementor-column elementor-col-100 elementor-top-column elementor-element elementor-element-55e031f networks_container\" data-id=\"55e031f\" data-element_type=\"column\" data-e-type=\"column\">\n\t\t\t<div class=\"elementor-widget-wrap elementor-element-populated\">\n\t\t\t\t\t\t<div class=\"elementor-element elementor-element-2d84951 fluentform-widget-submit-button-center fluent-form-widget-step-header-yes fluent-form-widget-step-progressbar-yes fluentform-widget-submit-button-custom elementor-widget elementor-widget-fluent-form-widget\" data-id=\"2d84951\" data-element_type=\"widget\" data-e-type=\"widget\" data-widget_type=\"fluent-form-widget.default\">\n\t\t\t\t<div class=\"elementor-widget-container\">\n\t\t\t\t\t\n            <div class=\"fluentform-widget-wrapper fluentform-widget-align-default\">\n\n            \n            <div class='fluentform ff-default fluentform_wrapper_40 ffs_default_wrap'><form data-form_id=\"40\" id=\"fluentform_40\" class=\"frm-fluent-form fluent_form_40 ff-el-form-top ff_form_instance_40_1 ff-form-loading ffs_default\" data-form_instance=\"ff_form_instance_40_1\" method=\"POST\" ><fieldset  style=\"border: none!important;margin: 0!important;padding: 0!important;background-color: transparent!important;box-shadow: none!important;outline: none!important; min-inline-size: 100%;\">\n                    <legend class=\"ff_screen_reader_title\" style=\"display: block; margin: 0!important;padding: 0!important;height: 0!important;text-indent: -999999px;width: 0!important;overflow:hidden;\">Contact (#40)<\/legend><input type='hidden' name='__fluent_form_embded_post_id' value='19969' \/><input type=\"hidden\" id=\"_fluentform_40_fluentformnonce\" name=\"_fluentform_40_fluentformnonce\" value=\"60455b14e0\" \/><input type=\"hidden\" name=\"_wp_http_referer\" value=\"\/ro\/wp-json\/wp\/v2\/pages\/19969\" \/><div data-type=\"name-element\" data-name=\"names\" class=\" ff-field_container ff-name-field-wrapper contact-form\" ><div class='ff-t-container'><div class='ff-t-cell '><div class='ff-el-group'><div class=\"ff-el-input--label ff-el-is-required asterisk-right\"><label for='ff_40_names_first_name_' id='label_ff_40_names_first_name_' >Prenume<\/label><\/div><div class='ff-el-input--content'><input type=\"text\" name=\"names[first_name]\" id=\"ff_40_names_first_name_\" class=\"ff-el-form-control\" placeholder=\"Prenume\" aria-invalid=\"false\" aria-required=true><\/div><\/div><\/div><div class='ff-t-cell '><div class='ff-el-group'><div class=\"ff-el-input--label ff-el-is-required asterisk-right\"><label for='ff_40_names_last_name_' id='label_ff_40_names_last_name_' >Nume<\/label><\/div><div class='ff-el-input--content'><input type=\"text\" name=\"names[last_name]\" id=\"ff_40_names_last_name_\" class=\"ff-el-form-control\" placeholder=\"Nume\" aria-invalid=\"false\" aria-required=true><\/div><\/div><\/div><\/div><\/div><div class='ff-el-group contact-form'><div class=\"ff-el-input--label ff-el-is-required asterisk-right\"><label for='ff_40_email' id='label_ff_40_email' aria-label=\"Adres\u0103 de email\">Adres\u0103 de email<\/label><\/div><div class='ff-el-input--content'><input type=\"email\" name=\"email\" id=\"ff_40_email\" class=\"ff-el-form-control\" placeholder=\"Adres\u0103 de email\" data-name=\"email\"  aria-invalid=\"false\" aria-required=true><\/div><\/div><div class='ff-el-group contact-form'><div class=\"ff-el-input--label ff-el-is-required asterisk-right\"><label for='ff_40_description' id='label_ff_40_description' aria-label=\"L\u0103sa\u021bi un mesaj (max 500 de caractere)\">L\u0103sa\u021bi un mesaj (max 500 de caractere)<\/label><\/div><div class='ff-el-input--content'><textarea aria-required=\"true\" aria-labelledby=\"label_ff_40_description\" name=\"description\" id=\"ff_40_description\" class=\"ff-el-form-control\" placeholder=\"Mesaj\" rows=\"3\" cols=\"2\" maxlength=\"500\" data-name=\"description\" ><\/textarea><\/div><\/div><div class='ff-el-group    ff-el-input--content'><div class='ff-el-form-check ff-el-tc'><label aria-label='Sunt de acord ca acest site web s\u0103 stocheze informa\u021biile pe care le-am trimis, astfel \u00eenc\u00e2t s\u0103 poat\u0103 r\u0103spunde la cererea mea.' class='ff-el-form-check-label ff_tc_label' for=gdpr-agreement_3401e4c1c4f4e4ba06cfdd36c58dcc0c><span class='ff_tc_checkbox'><input type=\"checkbox\" name=\"gdpr-agreement\" class=\"ff-el-form-check-input ff_gdpr_field\" data-name=\"gdpr-agreement\" id=\"gdpr-agreement_3401e4c1c4f4e4ba06cfdd36c58dcc0c\"  value='on' aria-invalid='false' aria-required=true><\/span> <div class='ff_t_c'>Sunt de acord ca acest site web s\u0103 stocheze informa\u021biile pe care le-am trimis, astfel \u00eenc\u00e2t s\u0103 poat\u0103 r\u0103spunde la cererea mea.<\/div><\/label><\/div><\/div><div class='ff-el-group ff-text-center contact-form ff_submit_btn_wrapper'><button type=\"submit\" class=\"ff-btn ff-btn-submit ff-btn-md ff_btn_style wpf_has_custom_css\"  aria-label=\"Trimite\">Trimite<\/button><\/div><\/fieldset><\/form><div id='fluentform_40_errors' class='ff-errors-in-stack ff_form_instance_40_1 ff-form-loading_errors ff_form_instance_40_1_errors'><\/div><\/div>            <script type=\"text\/javascript\">\n                window.fluent_form_ff_form_instance_40_1 = {\"id\":\"40\",\"settings\":{\"layout\":{\"labelPlacement\":\"top\",\"helpMessagePlacement\":\"with_label\",\"errorMessagePlacement\":\"inline\",\"asteriskPlacement\":\"asterisk-right\"},\"restrictions\":{\"denyEmptySubmission\":{\"enabled\":false}}},\"form_instance\":\"ff_form_instance_40_1\",\"form_id_selector\":\"fluentform_40\",\"rules\":{\"names[first_name]\":{\"required\":{\"value\":true,\"message\":\"Acest c\\u00e2mp este obligatoriu\",\"global\":false,\"global_message\":\"This field is required\"}},\"names[middle_name]\":{\"required\":{\"value\":false,\"message\":\"This field is required\",\"global\":false,\"global_message\":\"This field is required\"}},\"names[last_name]\":{\"required\":{\"value\":true,\"message\":\"Acest c\\u00e2mp este obligatoriu\",\"global\":false,\"global_message\":\"This field is required\"}},\"email\":{\"required\":{\"value\":true,\"message\":\"Acest c\\u00e2mp este obligatoriu\",\"global\":false,\"global_message\":\"This field is required\"},\"email\":{\"value\":true,\"message\":\"Acest c\\u00e2mp trebuie s\\u0103 con\\u021bin\\u0103 un email valid\",\"global\":false,\"global_message\":\"This field must contain a valid email\"}},\"description\":{\"required\":{\"value\":true,\"message\":\"Acest c\\u00e2mp este obligatoriu\",\"global\":false,\"global_message\":\"This field is required\"}},\"gdpr-agreement\":{\"required\":{\"value\":true,\"message\":\"This field is required\",\"global\":false,\"global_message\":\"This field is required\"}}},\"debounce_time\":300};\n                            <\/script>\n                        <\/div>\n\n            \t\t\t\t<\/div>\n\t\t\t\t<\/div>\n\t\t\t\t\t<\/div>\n\t\t<\/div>\n\t\t\t\t\t<\/div>\n\t\t<\/section>\n\t\t\t\t<section class=\"elementor-section elementor-top-section elementor-element elementor-element-5d5d195 elementor-section-boxed elementor-section-height-default elementor-section-height-default rt-parallax-bg-no\" data-id=\"5d5d195\" data-element_type=\"section\" data-e-type=\"section\">\n\t\t\t\t\t\t<div class=\"elementor-container elementor-column-gap-default\">\n\t\t\t\t\t<div class=\"elementor-column elementor-col-33 elementor-top-column elementor-element elementor-element-ab331a0\" data-id=\"ab331a0\" data-element_type=\"column\" data-e-type=\"column\">\n\t\t\t<div class=\"elementor-widget-wrap elementor-element-populated\">\n\t\t\t\t\t\t<div class=\"elementor-element elementor-element-c183e3d elementor-widget__width-inherit city_of_future_cards elementor-widget elementor-widget-rt-contact-info\" data-id=\"c183e3d\" data-element_type=\"widget\" data-e-type=\"widget\" data-widget_type=\"rt-contact-info.default\">\n\t\t\t\t<div class=\"elementor-widget-container\">\n\t\t\t\t\t<div class=\"rtin-contact-info\">\n\t<div class=\"rtin-item item-icon\">\n\t\t \t\n\t\t\t\t\t<span class=\"rtin-icon\"><i class=\" flaticon-phone-call\"><\/i><\/span>\n\t\t\t\t\t\n\n\t\t<div class=\"contrent-wrap\">\n\t\t\t\t\t<h3 class=\"rtin-title\">Call Us<\/h3>\n\t\t\t\t\t\t\t<p class=\"rtin-text\"><a href=\"+40723384238\"> +40723384238<\/a><br>\n\n\n\n\n<\/p>\n\t\t\t\t<\/div>\n\t<\/div>\n<\/div>\t\t\t\t<\/div>\n\t\t\t\t<\/div>\n\t\t\t\t\t<\/div>\n\t\t<\/div>\n\t\t\t\t<div class=\"elementor-column elementor-col-33 elementor-top-column elementor-element elementor-element-99bfca9\" data-id=\"99bfca9\" data-element_type=\"column\" data-e-type=\"column\">\n\t\t\t<div class=\"elementor-widget-wrap elementor-element-populated\">\n\t\t\t\t\t\t<div class=\"elementor-element elementor-element-cb3711c elementor-widget__width-inherit city_of_future_cards elementor-widget elementor-widget-rt-contact-info\" data-id=\"cb3711c\" data-element_type=\"widget\" data-e-type=\"widget\" data-widget_type=\"rt-contact-info.default\">\n\t\t\t\t<div class=\"elementor-widget-container\">\n\t\t\t\t\t<div class=\"rtin-contact-info\">\n\t<div class=\"rtin-item item-icon\">\n\t\t \t\n\t\t\t\t\t<span class=\"rtin-icon\"><i class=\" flaticon-location\"><\/i><\/span>\n\t\t\t\t\t\n\n\t\t<div class=\"contrent-wrap\">\n\t\t\t\t\t<h3 class=\"rtin-title\">Our Location<\/h3>\n\t\t\t\t\t\t\t<p class=\"rtin-text\">POLITEHNICA Bucuresti<\/p>\n\t\t\t\t<\/div>\n\t<\/div>\n<\/div>\t\t\t\t<\/div>\n\t\t\t\t<\/div>\n\t\t\t\t\t<\/div>\n\t\t<\/div>\n\t\t\t\t<div class=\"elementor-column elementor-col-33 elementor-top-column elementor-element elementor-element-971bb1d\" data-id=\"971bb1d\" data-element_type=\"column\" data-e-type=\"column\">\n\t\t\t<div class=\"elementor-widget-wrap elementor-element-populated\">\n\t\t\t\t\t\t<div class=\"elementor-element elementor-element-75d0806 elementor-widget__width-inherit city_of_future_cards elementor-widget elementor-widget-rt-contact-info\" data-id=\"75d0806\" data-element_type=\"widget\" data-e-type=\"widget\" data-widget_type=\"rt-contact-info.default\">\n\t\t\t\t<div class=\"elementor-widget-container\">\n\t\t\t\t\t<div class=\"rtin-contact-info\">\n\t<div class=\"rtin-item item-icon\">\n\t\t \t\n\t\t\t\t\t<span class=\"rtin-icon\"><i class=\" flaticon-envelope\"><\/i><\/span>\n\t\t\t\t\t\n\n\t\t<div class=\"contrent-wrap\">\n\t\t\t\t\t<h3 class=\"rtin-title\">Email Us<\/h3>\n\t\t\t\t\t\t\t<p class=\"rtin-text\"><a href=\"mailto:citicluster@upb.ro\">citicluster@upb.ro<\/a>  <br \/><\/p>\n\t\t\t\t<\/div>\n\t<\/div>\n<\/div>\t\t\t\t<\/div>\n\t\t\t\t<\/div>\n\t\t\t\t\t<\/div>\n\t\t<\/div>\n\t\t\t\t\t<\/div>\n\t\t<\/section>\n\t\t\t\t<\/div>\n\t\t","protected":false},"excerpt":{"rendered":"<p>Contact (#40) PrenumeNumeAdres\u0103 de emailL\u0103sa\u021bi un mesaj (max 500 de caractere) Sunt de acord ca acest site web s\u0103 stocheze informa\u021biile pe care le-am trimis, astfel \u00eenc\u00e2t s\u0103 poat\u0103 r\u0103spunde [&hellip;]<\/p>\n","protected":false},"author":43,"featured_media":0,"parent":0,"menu_order":0,"comment_status":"closed","ping_status":"closed","template":"elementor_header_footer","meta":{"footnotes":""},"class_list":["post-19969","page","type-page","status-publish","hentry"],"_links":{"self":[{"href":"https:\/\/citicluster.upb.ro\/ro\/wp-json\/wp\/v2\/pages\/19969","targetHints":{"allow":["GET"]}}],"collection":[{"href":"https:\/\/citicluster.upb.ro\/ro\/wp-json\/wp\/v2\/pages"}],"about":[{"href":"https:\/\/citicluster.upb.ro\/ro\/wp-json\/wp\/v2\/types\/page"}],"author":[{"embeddable":true,"href":"https:\/\/citicluster.upb.ro\/ro\/wp-json\/wp\/v2\/users\/43"}],"replies":[{"embeddable":true,"href":"https:\/\/citicluster.upb.ro\/ro\/wp-json\/wp\/v2\/comments?post=19969"}],"version-history":[{"count":14,"href":"https:\/\/citicluster.upb.ro\/ro\/wp-json\/wp\/v2\/pages\/19969\/revisions"}],"predecessor-version":[{"id":21193,"href":"https:\/\/citicluster.upb.ro\/ro\/wp-json\/wp\/v2\/pages\/19969\/revisions\/21193"}],"wp:attachment":[{"href":"https:\/\/citicluster.upb.ro\/ro\/wp-json\/wp\/v2\/media?parent=19969"}],"curies":[{"name":"wp","href":"https:\/\/api.w.org\/{rel}","templated":true}]}}