{"id":19979,"date":"2023-02-23T11:54:02","date_gmt":"2023-02-23T09:54:02","guid":{"rendered":"https:\/\/citicluster.upb.ro\/potrivirea-si-gasirea-resurselor-umane\/"},"modified":"2024-06-10T10:57:06","modified_gmt":"2024-06-10T07:57:06","slug":"potrivirea-si-gasirea-resurselor-umane","status":"publish","type":"page","link":"https:\/\/citicluster.upb.ro\/ro\/potrivirea-si-gasirea-resurselor-umane\/","title":{"rendered":"Identificarea resurselor umane"},"content":{"rendered":"\t\t<div data-elementor-type=\"wp-page\" data-elementor-id=\"19979\" class=\"elementor elementor-19979 elementor-7735\">\n\t\t\t\t\t\t<section class=\"elementor-section elementor-top-section elementor-element elementor-element-23d404c elementor-section-boxed elementor-section-height-default elementor-section-height-default rt-parallax-bg-no\" data-id=\"23d404c\" data-element_type=\"section\" data-e-type=\"section\">\n\t\t\t\t\t\t<div class=\"elementor-container elementor-column-gap-default\">\n\t\t\t\t\t<div class=\"elementor-column elementor-col-100 elementor-top-column elementor-element elementor-element-71c8193\" data-id=\"71c8193\" data-element_type=\"column\" data-e-type=\"column\">\n\t\t\t<div class=\"elementor-widget-wrap elementor-element-populated\">\n\t\t\t\t\t\t<div class=\"elementor-element elementor-element-0d5fb94 elementor-invisible elementor-widget elementor-widget-rt-title\" data-id=\"0d5fb94\" data-element_type=\"widget\" data-e-type=\"widget\" data-widget_type=\"rt-title.default\">\n\t\t\t\t<div class=\"elementor-widget-container\">\n\t\t\t\t\t<div class=\"sec-title style1\">\n\t<div class=\"sec-title-holder\">\t\t\n\t\t\t\t\t\t<h2 class=\"rtin-title hide fadeInUp\" data-wow-delay=\"1.2s\" data-wow-duration=\"1s\">\u00cen calitate de membru sau partener, pute\u021bi s\u0103 ne \u00eemp\u0103rt\u0103\u0219i\u021bi, anual, 2 descrieri ale locurilor de munc\u0103 \u0219i cerin\u021bele aferente \u00een urm\u0103toarele domeniile urm\u0103toare:<\/h2>\n\t\t\t\t<div class=\"hide fadeInUp\" data-wow-delay=\"1.4s\" data-wow-duration=\"1s\">\n\t\t\t<span class=\"section-line section-line-one\"><\/span>\n\t\t\t<span class=\"section-line section-line-two\"><\/span>\n\t\t\t<span class=\"section-line section-line-three\"><\/span>\n\t\t<\/div>\n\t<\/div>\n<\/div>\n\t\t\t\t<\/div>\n\t\t\t\t<\/div>\n\t\t\t\t\t<\/div>\n\t\t<\/div>\n\t\t\t\t\t<\/div>\n\t\t<\/section>\n\t\t\t\t<section class=\"elementor-section elementor-top-section elementor-element elementor-element-feee2c4 elementor-section-boxed elementor-section-height-default elementor-section-height-default rt-parallax-bg-no\" data-id=\"feee2c4\" data-element_type=\"section\" data-e-type=\"section\">\n\t\t\t\t\t\t<div class=\"elementor-container elementor-column-gap-default\">\n\t\t\t\t\t<div class=\"elementor-column elementor-col-33 elementor-top-column elementor-element elementor-element-f9c257f\" data-id=\"f9c257f\" data-element_type=\"column\" data-e-type=\"column\">\n\t\t\t<div class=\"elementor-widget-wrap elementor-element-populated\">\n\t\t\t\t\t\t<div class=\"elementor-element elementor-element-0da992e working_domains elementor-widget elementor-widget-rt-info-box\" data-id=\"0da992e\" data-element_type=\"widget\" data-e-type=\"widget\" data-widget_type=\"rt-info-box.default\">\n\t\t\t\t<div class=\"elementor-widget-container\">\n\t\t\t\t\t<div class=\"info-box info-style8  fadeInUp\" data-wow-delay=\"1s\" data-wow-duration=\"1s\">\n\t<div class=\"info-overlay\"><\/div>\n\t<div class=\"rtin-item media-icon\">\n\t\t \t\n\t\t\t\t\t<span class=\"rtin-icon\"><img decoding=\"async\" src=\"https:\/\/citicluster.upb.ro\/wp-content\/uploads\/2023\/05\/server-svgrepo-com.svg\" alt=\"SVG Icon\"><\/span>\n\t\t\t\t\t\t\t\t<div class=\"rtin-text\">Ingineria \u0219i Managementul Sistemelor Tehnologice<\/div>\t\t\n\t\t\t\t\n\t\t\t<\/div>\n<\/div>\t\t\t\t<\/div>\n\t\t\t\t<\/div>\n\t\t\t\t\t<\/div>\n\t\t<\/div>\n\t\t\t\t<div class=\"elementor-column elementor-col-33 elementor-top-column elementor-element elementor-element-5492be4\" data-id=\"5492be4\" data-element_type=\"column\" data-e-type=\"column\">\n\t\t\t<div class=\"elementor-widget-wrap elementor-element-populated\">\n\t\t\t\t\t\t<div class=\"elementor-element elementor-element-e98c1c8 working_domains elementor-widget elementor-widget-rt-info-box\" data-id=\"e98c1c8\" data-element_type=\"widget\" data-e-type=\"widget\" data-widget_type=\"rt-info-box.default\">\n\t\t\t\t<div class=\"elementor-widget-container\">\n\t\t\t\t\t<div class=\"info-box info-style8  fadeInUp\" data-wow-delay=\"1s\" data-wow-duration=\"1s\">\n\t<div class=\"info-overlay\"><\/div>\n\t<div class=\"rtin-item media-icon\">\n\t\t \t\n\t\t\t\t\t<span class=\"rtin-icon\"><img decoding=\"async\" src=\"https:\/\/citicluster.upb.ro\/wp-content\/uploads\/2023\/05\/founder-business-svgrepo-com.svg\" alt=\"SVG Icon\"><\/span>\n\t\t\t\t\t\t\t\t<div class=\"rtin-text\">Antreprenoriat, Ingineria Afacerilor \u0219i Management<\/div>\t\t\n\t\t\t\t\n\t\t\t<\/div>\n<\/div>\t\t\t\t<\/div>\n\t\t\t\t<\/div>\n\t\t\t\t\t<\/div>\n\t\t<\/div>\n\t\t\t\t<div class=\"elementor-column elementor-col-33 elementor-top-column elementor-element elementor-element-92d5588\" data-id=\"92d5588\" data-element_type=\"column\" data-e-type=\"column\">\n\t\t\t<div class=\"elementor-widget-wrap elementor-element-populated\">\n\t\t\t\t\t\t<div class=\"elementor-element elementor-element-2f63e28 working_domains elementor-widget elementor-widget-rt-info-box\" data-id=\"2f63e28\" data-element_type=\"widget\" data-e-type=\"widget\" data-widget_type=\"rt-info-box.default\">\n\t\t\t\t<div class=\"elementor-widget-container\">\n\t\t\t\t\t<div class=\"info-box info-style8  fadeInUp\" data-wow-delay=\"1s\" data-wow-duration=\"1s\">\n\t<div class=\"info-overlay\"><\/div>\n\t<div class=\"rtin-item media-icon\">\n\t\t \t\n\t\t\t\t\t<span class=\"rtin-icon\"><img decoding=\"async\" src=\"https:\/\/citicluster.upb.ro\/wp-content\/uploads\/2023\/05\/antenna-radiowaves-left-right-svgrepo-com.svg\" alt=\"SVG Icon\"><\/span>\n\t\t\t\t\t\t\t\t<div class=\"rtin-text\">Electronic\u0103, Telecomunica\u021bii \u0219i Tehnologia Informa\u021biei<\/div>\t\t\n\t\t\t\t\n\t\t\t<\/div>\n<\/div>\t\t\t\t<\/div>\n\t\t\t\t<\/div>\n\t\t\t\t\t<\/div>\n\t\t<\/div>\n\t\t\t\t\t<\/div>\n\t\t<\/section>\n\t\t\t\t<section class=\"elementor-section elementor-top-section elementor-element elementor-element-ee76235 elementor-section-boxed elementor-section-height-default elementor-section-height-default rt-parallax-bg-no\" data-id=\"ee76235\" data-element_type=\"section\" data-e-type=\"section\">\n\t\t\t\t\t\t<div class=\"elementor-container elementor-column-gap-default\">\n\t\t\t\t\t<div class=\"elementor-column elementor-col-33 elementor-top-column elementor-element elementor-element-2a7e7eb\" data-id=\"2a7e7eb\" data-element_type=\"column\" data-e-type=\"column\" data-settings=\"{&quot;background_background&quot;:&quot;classic&quot;}\">\n\t\t\t<div class=\"elementor-widget-wrap elementor-element-populated\">\n\t\t\t\t\t\t<div class=\"elementor-element elementor-element-b9b5aa1 elementor-widget__width-inherit working_domains elementor-invisible elementor-widget elementor-widget-rt-info-box\" data-id=\"b9b5aa1\" data-element_type=\"widget\" data-e-type=\"widget\" data-widget_type=\"rt-info-box.default\">\n\t\t\t\t<div class=\"elementor-widget-container\">\n\t\t\t\t\t<div class=\"info-box info-style8 hide fadeInUp\" data-wow-delay=\"1s\" data-wow-duration=\"1s\">\n\t<div class=\"info-overlay\"><\/div>\n\t<div class=\"rtin-item media-icon\">\n\t\t \t\n\t\t\t\t\t<span class=\"rtin-icon\"><img decoding=\"async\" src=\"https:\/\/citicluster.upb.ro\/wp-content\/uploads\/2023\/05\/bolt-svgrepo-com.svg\" alt=\"SVG Icon\"><\/span>\n\t\t\t\t\t\t\t\t<div class=\"rtin-text\">Inginerie Electric\u0103<\/div>\t\t\n\t\t\t\t\n\t\t\t<\/div>\n<\/div>\t\t\t\t<\/div>\n\t\t\t\t<\/div>\n\t\t\t\t\t<\/div>\n\t\t<\/div>\n\t\t\t\t<div class=\"elementor-column elementor-col-33 elementor-top-column elementor-element elementor-element-0ae78a8\" data-id=\"0ae78a8\" data-element_type=\"column\" data-e-type=\"column\">\n\t\t\t<div class=\"elementor-widget-wrap elementor-element-populated\">\n\t\t\t\t\t\t<div class=\"elementor-element elementor-element-0a9eb92 working_domains elementor-invisible elementor-widget elementor-widget-rt-info-box\" data-id=\"0a9eb92\" data-element_type=\"widget\" data-e-type=\"widget\" data-widget_type=\"rt-info-box.default\">\n\t\t\t\t<div class=\"elementor-widget-container\">\n\t\t\t\t\t<div class=\"info-box info-style8 hide fadeInUp\" data-wow-delay=\"1s\" data-wow-duration=\"1s\">\n\t<div class=\"info-overlay\"><\/div>\n\t<div class=\"rtin-item media-icon\">\n\t\t \t\n\t\t\t\t\t<span class=\"rtin-icon\"><img decoding=\"async\" src=\"https:\/\/citicluster.upb.ro\/wp-content\/uploads\/2023\/05\/robot-svgrepo-com-2.svg\" alt=\"SVG Icon\"><\/span>\n\t\t\t\t\t\t\t\t<div class=\"rtin-text\">Inginerie mecanic\u0103 \u0219i mecatronic\u0103<\/div>\t\t\n\t\t\t\t\n\t\t\t<\/div>\n<\/div>\t\t\t\t<\/div>\n\t\t\t\t<\/div>\n\t\t\t\t\t<\/div>\n\t\t<\/div>\n\t\t\t\t<div class=\"elementor-column elementor-col-33 elementor-top-column elementor-element elementor-element-555b4b3\" data-id=\"555b4b3\" data-element_type=\"column\" data-e-type=\"column\">\n\t\t\t<div class=\"elementor-widget-wrap elementor-element-populated\">\n\t\t\t\t\t\t<div class=\"elementor-element elementor-element-c2166ad working_domains elementor-invisible elementor-widget elementor-widget-rt-info-box\" data-id=\"c2166ad\" data-element_type=\"widget\" data-e-type=\"widget\" data-widget_type=\"rt-info-box.default\">\n\t\t\t\t<div class=\"elementor-widget-container\">\n\t\t\t\t\t<div class=\"info-box info-style8 hide fadeInUp\" data-wow-delay=\"1s\" data-wow-duration=\"1s\">\n\t<div class=\"info-overlay\"><\/div>\n\t<div class=\"rtin-item media-icon\">\n\t\t \t\n\t\t\t\t\t<span class=\"rtin-icon\"><img decoding=\"async\" src=\"https:\/\/citicluster.upb.ro\/wp-content\/uploads\/2023\/05\/energy-distribution-svgrepo-com-1.svg\" alt=\"SVG Icon\"><\/span>\n\t\t\t\t\t\t\t\t<div class=\"rtin-text\">Energie<\/br><\/div>\t\t\n\t\t\t\t\n\t\t\t<\/div>\n<\/div>\t\t\t\t<\/div>\n\t\t\t\t<\/div>\n\t\t\t\t\t<\/div>\n\t\t<\/div>\n\t\t\t\t\t<\/div>\n\t\t<\/section>\n\t\t\t\t<section class=\"elementor-section elementor-top-section elementor-element elementor-element-26cea1f elementor-section-boxed elementor-section-height-default elementor-section-height-default rt-parallax-bg-no\" data-id=\"26cea1f\" data-element_type=\"section\" data-e-type=\"section\">\n\t\t\t\t\t\t<div class=\"elementor-container elementor-column-gap-default\">\n\t\t\t\t\t<div class=\"elementor-column elementor-col-33 elementor-top-column elementor-element elementor-element-f45bbcc\" data-id=\"f45bbcc\" data-element_type=\"column\" data-e-type=\"column\">\n\t\t\t<div class=\"elementor-widget-wrap elementor-element-populated\">\n\t\t\t\t\t\t<div class=\"elementor-element elementor-element-b31fd11 working_domains elementor-invisible elementor-widget elementor-widget-rt-info-box\" data-id=\"b31fd11\" data-element_type=\"widget\" data-e-type=\"widget\" data-widget_type=\"rt-info-box.default\">\n\t\t\t\t<div class=\"elementor-widget-container\">\n\t\t\t\t\t<div class=\"info-box info-style8 hide fadeInUp\" data-wow-delay=\"1s\" data-wow-duration=\"1s\">\n\t<div class=\"info-overlay\"><\/div>\n\t<div class=\"rtin-item media-icon\">\n\t\t \t\n\t\t\t\t\t<span class=\"rtin-icon\"><img decoding=\"async\" src=\"https:\/\/citicluster.upb.ro\/wp-content\/uploads\/2023\/05\/materials-science-svgrepo-com-2.svg\" alt=\"SVG Icon\"><\/span>\n\t\t\t\t\t\t\t\t<div class=\"rtin-text\">\u0218tiin\u021ba \u0219i Ingineria Materialelor<\/div>\t\t\n\t\t\t\t\n\t\t\t<\/div>\n<\/div>\t\t\t\t<\/div>\n\t\t\t\t<\/div>\n\t\t\t\t\t<\/div>\n\t\t<\/div>\n\t\t\t\t<div class=\"elementor-column elementor-col-33 elementor-top-column elementor-element elementor-element-d540a34\" data-id=\"d540a34\" data-element_type=\"column\" data-e-type=\"column\">\n\t\t\t<div class=\"elementor-widget-wrap elementor-element-populated\">\n\t\t\t\t\t\t<div class=\"elementor-element elementor-element-df0d4ea working_domains elementor-widget elementor-widget-rt-info-box\" data-id=\"df0d4ea\" data-element_type=\"widget\" data-e-type=\"widget\" data-widget_type=\"rt-info-box.default\">\n\t\t\t\t<div class=\"elementor-widget-container\">\n\t\t\t\t\t<div class=\"info-box info-style8  fadeInUp\" data-wow-delay=\"1s\" data-wow-duration=\"1s\">\n\t<div class=\"info-overlay\"><\/div>\n\t<div class=\"rtin-item media-icon\">\n\t\t \t\n\t\t\t\t\t<span class=\"rtin-icon\"><img decoding=\"async\" src=\"https:\/\/citicluster.upb.ro\/wp-content\/uploads\/2023\/05\/computer-monitor-svgrepo-com.svg\" alt=\"SVG Icon\"><\/span>\n\t\t\t\t\t\t\t\t<div class=\"rtin-text\">Automatic\u0103 \u0219i calculatoare<\/div>\t\t\n\t\t\t\t\n\t\t\t<\/div>\n<\/div>\t\t\t\t<\/div>\n\t\t\t\t<\/div>\n\t\t\t\t\t<\/div>\n\t\t<\/div>\n\t\t\t\t<div class=\"elementor-column elementor-col-33 elementor-top-column elementor-element elementor-element-009e01b\" data-id=\"009e01b\" data-element_type=\"column\" data-e-type=\"column\">\n\t\t\t<div class=\"elementor-widget-wrap elementor-element-populated\">\n\t\t\t\t\t\t<div class=\"elementor-element elementor-element-f9a4f9f working_domains elementor-widget elementor-widget-rt-info-box\" data-id=\"f9a4f9f\" data-element_type=\"widget\" data-e-type=\"widget\" data-widget_type=\"rt-info-box.default\">\n\t\t\t\t<div class=\"elementor-widget-container\">\n\t\t\t\t\t<div class=\"info-box info-style8  fadeInUp\" data-wow-delay=\"1s\" data-wow-duration=\"1s\">\n\t<div class=\"info-overlay\"><\/div>\n\t<div class=\"rtin-item media-icon\">\n\t\t \t\n\t\t\t\t\t<span class=\"rtin-icon\"><img decoding=\"async\" src=\"https:\/\/citicluster.upb.ro\/wp-content\/uploads\/2023\/05\/environment-svgrepo-com-1.svg\" alt=\"SVG Icon\"><\/span>\n\t\t\t\t\t\t\t\t<div class=\"rtin-text\">Ingineria Sistemelor Biotehnice<\/div>\t\t\n\t\t\t\t\n\t\t\t<\/div>\n<\/div>\t\t\t\t<\/div>\n\t\t\t\t<\/div>\n\t\t\t\t\t<\/div>\n\t\t<\/div>\n\t\t\t\t\t<\/div>\n\t\t<\/section>\n\t\t\t\t<section class=\"elementor-section elementor-top-section elementor-element elementor-element-6109fd3 elementor-section-boxed elementor-section-height-default elementor-section-height-default rt-parallax-bg-no\" data-id=\"6109fd3\" data-element_type=\"section\" data-e-type=\"section\">\n\t\t\t\t\t\t<div class=\"elementor-container elementor-column-gap-default\">\n\t\t\t\t\t<div class=\"elementor-column elementor-col-33 elementor-top-column elementor-element elementor-element-30005e4\" data-id=\"30005e4\" data-element_type=\"column\" data-e-type=\"column\">\n\t\t\t<div class=\"elementor-widget-wrap elementor-element-populated\">\n\t\t\t\t\t\t<div class=\"elementor-element elementor-element-24c2013 working_domains elementor-widget elementor-widget-rt-info-box\" data-id=\"24c2013\" data-element_type=\"widget\" data-e-type=\"widget\" data-widget_type=\"rt-info-box.default\">\n\t\t\t\t<div class=\"elementor-widget-container\">\n\t\t\t\t\t<div class=\"info-box info-style8  fadeInUp\" data-wow-delay=\"1s\" data-wow-duration=\"1s\">\n\t<div class=\"info-overlay\"><\/div>\n\t<div class=\"rtin-item media-icon\">\n\t\t \t\n\t\t\t\t\t<span class=\"rtin-icon\"><img decoding=\"async\" src=\"https:\/\/citicluster.upb.ro\/wp-content\/uploads\/2023\/05\/driving-svgrepo-com-2.svg\" alt=\"SVG Icon\"><\/span>\n\t\t\t\t\t\t\t\t<div class=\"rtin-text\">Transport<\/div>\t\t\n\t\t\t\t\n\t\t\t<\/div>\n<\/div>\t\t\t\t<\/div>\n\t\t\t\t<\/div>\n\t\t\t\t\t<\/div>\n\t\t<\/div>\n\t\t\t\t<div class=\"elementor-column elementor-col-33 elementor-top-column elementor-element elementor-element-f8f9cc7\" data-id=\"f8f9cc7\" data-element_type=\"column\" data-e-type=\"column\">\n\t\t\t<div class=\"elementor-widget-wrap elementor-element-populated\">\n\t\t\t\t\t\t<div class=\"elementor-element elementor-element-e1afec9 working_domains elementor-widget elementor-widget-rt-info-box\" data-id=\"e1afec9\" data-element_type=\"widget\" data-e-type=\"widget\" data-widget_type=\"rt-info-box.default\">\n\t\t\t\t<div class=\"elementor-widget-container\">\n\t\t\t\t\t<div class=\"info-box info-style8  fadeInUp\" data-wow-delay=\"1s\" data-wow-duration=\"1s\">\n\t<div class=\"info-overlay\"><\/div>\n\t<div class=\"rtin-item media-icon\">\n\t\t \t\n\t\t\t\t\t<span class=\"rtin-icon\"><img decoding=\"async\" src=\"https:\/\/citicluster.upb.ro\/wp-content\/uploads\/2023\/05\/airplane-svgrepo-com.svg\" alt=\"SVG Icon\"><\/span>\n\t\t\t\t\t\t\t\t<div class=\"rtin-text\">Inginerie aerospa\u021bial\u0103<\/div>\t\t\n\t\t\t\t\n\t\t\t<\/div>\n<\/div>\t\t\t\t<\/div>\n\t\t\t\t<\/div>\n\t\t\t\t\t<\/div>\n\t\t<\/div>\n\t\t\t\t<div class=\"elementor-column elementor-col-33 elementor-top-column elementor-element elementor-element-68beba9\" data-id=\"68beba9\" data-element_type=\"column\" data-e-type=\"column\">\n\t\t\t<div class=\"elementor-widget-wrap elementor-element-populated\">\n\t\t\t\t\t\t<div class=\"elementor-element elementor-element-8890a69 working_domains elementor-widget elementor-widget-rt-info-box\" data-id=\"8890a69\" data-element_type=\"widget\" data-e-type=\"widget\" data-widget_type=\"rt-info-box.default\">\n\t\t\t\t<div class=\"elementor-widget-container\">\n\t\t\t\t\t<div class=\"info-box info-style8  fadeInUp\" data-wow-delay=\"1s\" data-wow-duration=\"1s\">\n\t<div class=\"info-overlay\"><\/div>\n\t<div class=\"rtin-item media-icon\">\n\t\t \t\n\t\t\t\t\t<span class=\"rtin-icon\"><img decoding=\"async\" src=\"https:\/\/citicluster.upb.ro\/wp-content\/uploads\/2023\/05\/test-tube-7-svgrepo-com.svg\" alt=\"SVG Icon\"><\/span>\n\t\t\t\t\t\t\t\t<div class=\"rtin-text\">Inginerie medical\u0103<\/div>\t\t\n\t\t\t\t\n\t\t\t<\/div>\n<\/div>\t\t\t\t<\/div>\n\t\t\t\t<\/div>\n\t\t\t\t\t<\/div>\n\t\t<\/div>\n\t\t\t\t\t<\/div>\n\t\t<\/section>\n\t\t\t\t<section class=\"elementor-section elementor-top-section elementor-element elementor-element-a9b0655 elementor-section-boxed elementor-section-height-default elementor-section-height-default rt-parallax-bg-no\" data-id=\"a9b0655\" data-element_type=\"section\" data-e-type=\"section\">\n\t\t\t\t\t\t<div class=\"elementor-container elementor-column-gap-default\">\n\t\t\t\t\t<div class=\"elementor-column elementor-col-33 elementor-top-column elementor-element elementor-element-c88730e\" data-id=\"c88730e\" data-element_type=\"column\" data-e-type=\"column\">\n\t\t\t<div class=\"elementor-widget-wrap\">\n\t\t\t\t\t\t\t<\/div>\n\t\t<\/div>\n\t\t\t\t<div class=\"elementor-column elementor-col-33 elementor-top-column elementor-element elementor-element-56171a2\" data-id=\"56171a2\" data-element_type=\"column\" data-e-type=\"column\">\n\t\t\t<div class=\"elementor-widget-wrap elementor-element-populated\">\n\t\t\t\t\t\t<div class=\"elementor-element elementor-element-aaee2e9 working_domains elementor-invisible elementor-widget elementor-widget-rt-info-box\" data-id=\"aaee2e9\" data-element_type=\"widget\" data-e-type=\"widget\" data-widget_type=\"rt-info-box.default\">\n\t\t\t\t<div class=\"elementor-widget-container\">\n\t\t\t\t\t<div class=\"info-box info-style8 hide fadeInUp\" data-wow-delay=\"1s\" data-wow-duration=\"1s\">\n\t<div class=\"info-overlay\"><\/div>\n\t<div class=\"rtin-item media-icon\">\n\t\t \t\n\t\t\t\t\t<span class=\"rtin-icon\"><img decoding=\"async\" src=\"https:\/\/citicluster.upb.ro\/wp-content\/uploads\/2023\/05\/test-tube-7-svgrepo-com.svg\" alt=\"SVG Icon\"><\/span>\n\t\t\t\t\t\t\t\t<div class=\"rtin-text\">Chimie aplicat\u0103 \u0219i \u0219tiin\u021ba materialelor<\/div>\t\t\n\t\t\t\t\n\t\t\t<\/div>\n<\/div>\t\t\t\t<\/div>\n\t\t\t\t<\/div>\n\t\t\t\t\t<\/div>\n\t\t<\/div>\n\t\t\t\t<div class=\"elementor-column elementor-col-33 elementor-top-column elementor-element elementor-element-726cbb7\" data-id=\"726cbb7\" data-element_type=\"column\" data-e-type=\"column\">\n\t\t\t<div class=\"elementor-widget-wrap\">\n\t\t\t\t\t\t\t<\/div>\n\t\t<\/div>\n\t\t\t\t\t<\/div>\n\t\t<\/section>\n\t\t\t\t<section class=\"elementor-section elementor-top-section elementor-element elementor-element-441fd3a elementor-section-boxed elementor-section-height-default elementor-section-height-default rt-parallax-bg-no\" data-id=\"441fd3a\" data-element_type=\"section\" data-e-type=\"section\">\n\t\t\t\t\t\t<div class=\"elementor-container elementor-column-gap-default\">\n\t\t\t\t\t<div class=\"elementor-column elementor-col-100 elementor-top-column elementor-element elementor-element-e104ee7\" data-id=\"e104ee7\" data-element_type=\"column\" data-e-type=\"column\">\n\t\t\t<div class=\"elementor-widget-wrap elementor-element-populated\">\n\t\t\t\t\t\t<div class=\"elementor-element elementor-element-bf9d9f2 elementor-invisible elementor-widget elementor-widget-rt-text-with-button\" data-id=\"bf9d9f2\" data-element_type=\"widget\" data-e-type=\"widget\" data-widget_type=\"rt-text-with-button.default\">\n\t\t\t\t<div class=\"elementor-widget-container\">\n\t\t\t\t\t<div class=\"title-text-button barhide text-style1\">\n\t\t\t<div class=\"subtitle hide fadeInUp\" data-wow-delay=\"1s\" data-wow-duration=\"1s\">Las\u0103-ne s\u0103 te ajut\u0103m<\/div>\n\t\t\t\t<h2 class=\"rtin-title hide fadeInUp\" data-wow-delay=\"1.2s\" data-wow-duration=\"1s\">Ai nevoie de un CV?<\/h2>\t\t<div class=\"rtin-content hide fadeInUp\" data-wow-delay=\"1.6s\" data-wow-duration=\"1s\"><p><strong>Vom \u00eencerca s\u0103 g\u0103sim cele mai bune 10 CV-uri \u00een maxim 30 zile.<br \/><\/strong><\/p><\/div>\n\t    <div class=\"hide fadeInUp\" data-wow-delay=\"1.6s\" data-wow-duration=\"1s\">\n\t\t<a class=\"button-style-2 btn-common rt-animation-out\" href=\"https:\/\/citicluster.upb.ro\/ro\/am-nevoie-de-un-cv\/\">Trimite cerin\u021ba<svg\n\n            xmlns=\"http:\/\/www.w3.org\/2000\/svg\"\n\n            xmlns:xlink=\"http:\/\/www.w3.org\/1999\/xlink\"\n\n            width=\"34px\"\n\n            height=\"16px\"\n\n            viewBox=\"0 0 34.53 16\"\n\n            xml:space=\"preserve\"\n\n          >\n\n            <rect\n\n              class=\"rt-button-line\"\n\n              y=\"7.6\"\n\n              width=\"34\"\n\n              height=\".4\"\n\n            ><\/rect>\n\n            <g class=\"rt-button-cap-fake\">\n\n              <path\n\n                class=\"rt-button-cap\"\n\n                d=\"M25.83.7l.7-.7,8,8-.7.71Zm0,14.6,8-8,.71.71-8,8Z\"\n\n              ><\/path>\n\n            <\/g>\n\n          <\/svg><\/a>\n      <\/div>\n\t<\/div>\t\t\t\t<\/div>\n\t\t\t\t<\/div>\n\t\t\t\t\t<\/div>\n\t\t<\/div>\n\t\t\t\t\t<\/div>\n\t\t<\/section>\n\t\t\t\t<\/div>\n\t\t","protected":false},"excerpt":{"rendered":"<p>\u00cen calitate de membru sau partener, pute\u021bi s\u0103 ne \u00eemp\u0103rt\u0103\u0219i\u021bi, anual, 2 descrieri ale locurilor de munc\u0103 \u0219i cerin\u021bele aferente \u00een urm\u0103toarele domeniile urm\u0103toare: Ingineria \u0219i Managementul Sistemelor Tehnologice Antreprenoriat, [&hellip;]<\/p>\n","protected":false},"author":43,"featured_media":0,"parent":0,"menu_order":0,"comment_status":"closed","ping_status":"closed","template":"","meta":{"footnotes":""},"class_list":["post-19979","page","type-page","status-publish","hentry"],"_links":{"self":[{"href":"https:\/\/citicluster.upb.ro\/ro\/wp-json\/wp\/v2\/pages\/19979","targetHints":{"allow":["GET"]}}],"collection":[{"href":"https:\/\/citicluster.upb.ro\/ro\/wp-json\/wp\/v2\/pages"}],"about":[{"href":"https:\/\/citicluster.upb.ro\/ro\/wp-json\/wp\/v2\/types\/page"}],"author":[{"embeddable":true,"href":"https:\/\/citicluster.upb.ro\/ro\/wp-json\/wp\/v2\/users\/43"}],"replies":[{"embeddable":true,"href":"https:\/\/citicluster.upb.ro\/ro\/wp-json\/wp\/v2\/comments?post=19979"}],"version-history":[{"count":112,"href":"https:\/\/citicluster.upb.ro\/ro\/wp-json\/wp\/v2\/pages\/19979\/revisions"}],"predecessor-version":[{"id":21711,"href":"https:\/\/citicluster.upb.ro\/ro\/wp-json\/wp\/v2\/pages\/19979\/revisions\/21711"}],"wp:attachment":[{"href":"https:\/\/citicluster.upb.ro\/ro\/wp-json\/wp\/v2\/media?parent=19979"}],"curies":[{"name":"wp","href":"https:\/\/api.w.org\/{rel}","templated":true}]}}