{"id":20038,"date":"2023-02-23T11:50:37","date_gmt":"2023-02-23T09:50:37","guid":{"rendered":"https:\/\/citicluster.upb.ro\/conferinte-anterioare\/"},"modified":"2024-05-16T14:43:27","modified_gmt":"2024-05-16T11:43:27","slug":"conferinte-anterioare","status":"publish","type":"page","link":"https:\/\/citicluster.upb.ro\/ro\/conferinte-anterioare\/","title":{"rendered":"Conferin\u021be Anterioare"},"content":{"rendered":"\t\t<div data-elementor-type=\"wp-page\" data-elementor-id=\"20038\" class=\"elementor elementor-20038 elementor-7704\">\n\t\t\t\t\t\t<section class=\"elementor-section elementor-top-section elementor-element elementor-element-5d28704 elementor-section-boxed elementor-section-height-default elementor-section-height-default rt-parallax-bg-no\" data-id=\"5d28704\" data-element_type=\"section\" data-e-type=\"section\">\n\t\t\t\t\t\t<div class=\"elementor-container elementor-column-gap-default\">\n\t\t\t\t\t<div class=\"elementor-column elementor-col-100 elementor-top-column elementor-element elementor-element-da6558a networks_container\" data-id=\"da6558a\" data-element_type=\"column\" data-e-type=\"column\">\n\t\t\t<div class=\"elementor-widget-wrap elementor-element-populated\">\n\t\t\t\t\t\t<div class=\"elementor-element elementor-element-61de67c elementor-widget elementor-widget-heading\" data-id=\"61de67c\" data-element_type=\"widget\" data-e-type=\"widget\" data-widget_type=\"heading.default\">\n\t\t\t\t<div class=\"elementor-widget-container\">\n\t\t\t\t\t<h2 class=\"elementor-heading-title elementor-size-default\">Sec\u021biune \u00een curs de dezvoltare<br>\n<br>R\u0103m\u00e2ne\u021bi pe faz\u0103 pentru ceea ce urmeaz\u0103!<\/h2>\t\t\t\t<\/div>\n\t\t\t\t<\/div>\n\t\t\t\t<div class=\"elementor-element elementor-element-583803c elementor-align-center elementor-widget elementor-widget-button\" data-id=\"583803c\" data-element_type=\"widget\" data-e-type=\"widget\" data-widget_type=\"button.default\">\n\t\t\t\t<div class=\"elementor-widget-container\">\n\t\t\t\t\t\t\t\t\t<div class=\"elementor-button-wrapper\">\n\t\t\t\t\t<a class=\"elementor-button elementor-button-link elementor-size-lg\" href=\"https:\/\/citicluster.upb.ro\/ro\/\">\n\t\t\t\t\t\t<span class=\"elementor-button-content-wrapper\">\n\t\t\t\t\t\t\t\t\t<span class=\"elementor-button-text\">Mergi \u00eenapoi la Pagina Principal\u0103<\/span>\n\t\t\t\t\t<\/span>\n\t\t\t\t\t<\/a>\n\t\t\t\t<\/div>\n\t\t\t\t\t\t\t\t<\/div>\n\t\t\t\t<\/div>\n\t\t\t\t\t<\/div>\n\t\t<\/div>\n\t\t\t\t\t<\/div>\n\t\t<\/section>\n\t\t\t\t<section class=\"elementor-section elementor-top-section elementor-element elementor-element-22ed70a project_card_mobile elementor-hidden-desktop elementor-hidden-tablet elementor-hidden-mobile elementor-section-boxed elementor-section-height-default elementor-section-height-default rt-parallax-bg-no\" data-id=\"22ed70a\" data-element_type=\"section\" data-e-type=\"section\" id=\"project_container\">\n\t\t\t\t\t\t<div class=\"elementor-container elementor-column-gap-default\">\n\t\t\t\t\t<div class=\"elementor-column elementor-col-50 elementor-top-column elementor-element elementor-element-d944782\" data-id=\"d944782\" data-element_type=\"column\" data-e-type=\"column\">\n\t\t\t<div class=\"elementor-widget-wrap elementor-element-populated\">\n\t\t\t\t\t\t<div class=\"elementor-element elementor-element-b467b84 elementor-widget elementor-widget-image\" data-id=\"b467b84\" data-element_type=\"widget\" data-e-type=\"widget\" data-widget_type=\"image.default\">\n\t\t\t\t<div class=\"elementor-widget-container\">\n\t\t\t\t\t\t\t\t\t\t\t\t\t\t\t<img fetchpriority=\"high\" decoding=\"async\" width=\"1024\" height=\"683\" src=\"https:\/\/citicluster.upb.ro\/wp-content\/uploads\/2023\/04\/evangeline-shaw-nwLTVwb7DbU-unsplash-1024x683.jpg\" class=\"attachment-large size-large wp-image-19640\" alt=\"\" srcset=\"https:\/\/citicluster.upb.ro\/wp-content\/uploads\/2023\/04\/evangeline-shaw-nwLTVwb7DbU-unsplash-1024x683.jpg 1024w, https:\/\/citicluster.upb.ro\/wp-content\/uploads\/2023\/04\/evangeline-shaw-nwLTVwb7DbU-unsplash-300x200.jpg 300w, https:\/\/citicluster.upb.ro\/wp-content\/uploads\/2023\/04\/evangeline-shaw-nwLTVwb7DbU-unsplash-768x512.jpg 768w, https:\/\/citicluster.upb.ro\/wp-content\/uploads\/2023\/04\/evangeline-shaw-nwLTVwb7DbU-unsplash-1536x1024.jpg 1536w, https:\/\/citicluster.upb.ro\/wp-content\/uploads\/2023\/04\/evangeline-shaw-nwLTVwb7DbU-unsplash-155x103.jpg 155w, https:\/\/citicluster.upb.ro\/wp-content\/uploads\/2023\/04\/evangeline-shaw-nwLTVwb7DbU-unsplash.jpg 1920w\" sizes=\"(max-width: 1024px) 100vw, 1024px\" \/>\t\t\t\t\t\t\t\t\t\t\t\t\t\t\t<\/div>\n\t\t\t\t<\/div>\n\t\t\t\t\t<\/div>\n\t\t<\/div>\n\t\t\t\t<div class=\"elementor-column elementor-col-50 elementor-top-column elementor-element elementor-element-3b0bf88 networks_containers\" data-id=\"3b0bf88\" data-element_type=\"column\" data-e-type=\"column\">\n\t\t\t<div class=\"elementor-widget-wrap elementor-element-populated\">\n\t\t\t\t\t\t<div class=\"elementor-element elementor-element-1e572a2 elementor-invisible elementor-widget elementor-widget-rt-title\" data-id=\"1e572a2\" data-element_type=\"widget\" data-e-type=\"widget\" data-widget_type=\"rt-title.default\">\n\t\t\t\t<div class=\"elementor-widget-container\">\n\t\t\t\t\t<div class=\"sec-title style3\">\n\t<div class=\"sec-title-holder\">\n\t\t\t\t<span class=\"sub-title hide fadeInUp\" data-wow-delay=\"1s\" data-wow-duration=\"1s\">22.03.2022<\/span>\n\t\t\t\t<h2 class=\"rtin-title hide fadeInUp\" data-wow-delay=\"1.2s\" data-wow-duration=\"1s\">Wellcome To Techkit<\/h2>\n\t<\/div>\n<\/div>\n\t\t\t\t<\/div>\n\t\t\t\t<\/div>\n\t\t\t\t<div class=\"elementor-element elementor-element-2362d75 elementor-widget elementor-widget-text-editor\" data-id=\"2362d75\" data-element_type=\"widget\" data-e-type=\"widget\" data-widget_type=\"text-editor.default\">\n\t\t\t\t<div class=\"elementor-widget-container\">\n\t\t\t\t\t\t\t\t\t<p>Lorem ipsum dolor sit amet, consectetur adipiscing elit. Ut elit tellus, luctus nec ullamcorper mattis, pulvinar dapibus leo.<\/p>\n<p>Lorem Ipsum is simply dummy text of the printing and typesetting industry. Lorem Ipsum has been the industry&#8217;s standard dummy text ever since the 1500s.<\/p>\n\t\t\t\t\t\t\t\t<\/div>\n\t\t\t\t<\/div>\n\t\t\t\t\t<\/div>\n\t\t<\/div>\n\t\t\t\t\t<\/div>\n\t\t<\/section>\n\t\t\t\t<\/div>\n\t\t","protected":false},"excerpt":{"rendered":"<p>Sec\u021biune \u00een curs de dezvoltare R\u0103m\u00e2ne\u021bi pe faz\u0103 pentru ceea ce urmeaz\u0103! Mergi \u00eenapoi la Pagina Principal\u0103 22.03.2022 Wellcome To Techkit Lorem ipsum dolor sit amet, consectetur adipiscing elit. Ut [&hellip;]<\/p>\n","protected":false},"author":43,"featured_media":0,"parent":0,"menu_order":0,"comment_status":"closed","ping_status":"closed","template":"","meta":{"footnotes":""},"class_list":["post-20038","page","type-page","status-publish","hentry"],"_links":{"self":[{"href":"https:\/\/citicluster.upb.ro\/ro\/wp-json\/wp\/v2\/pages\/20038","targetHints":{"allow":["GET"]}}],"collection":[{"href":"https:\/\/citicluster.upb.ro\/ro\/wp-json\/wp\/v2\/pages"}],"about":[{"href":"https:\/\/citicluster.upb.ro\/ro\/wp-json\/wp\/v2\/types\/page"}],"author":[{"embeddable":true,"href":"https:\/\/citicluster.upb.ro\/ro\/wp-json\/wp\/v2\/users\/43"}],"replies":[{"embeddable":true,"href":"https:\/\/citicluster.upb.ro\/ro\/wp-json\/wp\/v2\/comments?post=20038"}],"version-history":[{"count":6,"href":"https:\/\/citicluster.upb.ro\/ro\/wp-json\/wp\/v2\/pages\/20038\/revisions"}],"predecessor-version":[{"id":20480,"href":"https:\/\/citicluster.upb.ro\/ro\/wp-json\/wp\/v2\/pages\/20038\/revisions\/20480"}],"wp:attachment":[{"href":"https:\/\/citicluster.upb.ro\/ro\/wp-json\/wp\/v2\/media?parent=20038"}],"curies":[{"name":"wp","href":"https:\/\/api.w.org\/{rel}","templated":true}]}}