{"id":20053,"date":"2021-06-08T10:59:30","date_gmt":"2021-06-08T07:59:30","guid":{"rendered":"https:\/\/citicluster.upb.ro\/politica-de-confidentialitate\/"},"modified":"2024-05-14T15:06:17","modified_gmt":"2024-05-14T12:06:17","slug":"politica-de-confidentialitate","status":"publish","type":"page","link":"https:\/\/citicluster.upb.ro\/ro\/politica-de-confidentialitate\/","title":{"rendered":"Politica de Confiden\u021bialitate"},"content":{"rendered":"\r\n\r\n\n<h2 class=\"wp-block-heading\">Cine suntem<\/h2>\n\n<p><strong class=\"privacy-policy-tutorial\"> <\/strong>Adresa noastr\u0103 de internet este: https:\/\/citicluster.upb.ro.<\/p>\n\n<h2 class=\"wp-block-heading\">Comentarii<\/h2>\n\n<p>C\u00e2nd vizitatorii las\u0103 comentarii pe site, colect\u0103m datele afi\u0219ate \u00een formularul de comentarii, precum \u0219i adresa IP \u0219i \u0219irul de agent utilizator al browserului vizitatorului pentru a ajuta la detectarea spamului.<\/p>\n\n<p>Un \u0219ir anonimizat creat din adresa ta de email (numit \u0219i un hash) poate fi furnizat serviciului Gravatar pentru a vedea dac\u0103 \u00eel folose\u0219ti. Politica de confiden\u021bialitate a serviciului Gravatar este disponibil\u0103 aici: https:\/\/automattic.com\/privacy\/. Dup\u0103 aprobarea comentariului t\u0103u, fotografia profilului t\u0103u este vizibil\u0103 publicului \u00een contextul comentariului t\u0103u.<\/p>\n\n<h2 class=\"wp-block-heading\">Media<\/h2>\n\n<p>Dac\u0103 \u00eencarci imagini pe site, ar trebui s\u0103 evi\u021bi s\u0103 \u00eencarci imagini cu date de localizare \u00eencorporate (EXIF GPS) incluse. Vizitatorii site-ului pot desc\u0103rca \u0219i extrage orice date de localizare din imagini de pe site.<\/p>\n\n<h2 class=\"wp-block-heading\">Cookie-uri<\/h2>\n\n<p>Dac\u0103 la\u0219i un comentariu pe site-ul nostru, po\u021bi opta pentru salvarea numelui t\u0103u, adresei tale de email \u0219i site-ului web \u00een cookie-uri. Acestea sunt pentru confortul t\u0103u, astfel \u00eenc\u00e2t s\u0103 nu mai fie necesar s\u0103 completezi din nou detaliile tale atunci c\u00e2nd la\u0219i un alt comentariu. Aceste cookie-uri vor dura un an.<\/p>\n\n<p>Dac\u0103 vizitezi pagina noastr\u0103 de conectare, vom seta un cookie temporar pentru a determina dac\u0103 browserul t\u0103u accept\u0103 cookie-uri. Acest cookie nu con\u021bine date personale \u0219i este eliminat c\u00e2nd \u00eenchizi browserul.<\/p>\n\n<p>C\u00e2nd te conectezi, vom configura \u0219i mai multe cookie-uri pentru a salva informa\u021biile tale de conectare \u0219i alegerile tale de afi\u0219are a ecranului. Cookie-urile de conectare dureaz\u0103 dou\u0103 zile, iar cookie-urile pentru op\u021biunile de afi\u0219are a ecranului dureaz\u0103 un an. Dac\u0103 selectezi &#8220;\u021aine-m\u0103 minte&#8221;, conectarea ta va persista timp de dou\u0103 s\u0103pt\u0103m\u00e2ni. Dac\u0103 te deconectezi din contul t\u0103u, cookie-urile de conectare vor fi eliminate.<\/p>\n\n<p>Dac\u0103 editezi sau publici un articol, un cookie suplimentar va fi salvat \u00een browserul t\u0103u. Acest cookie nu include date personale \u0219i indic\u0103 pur \u0219i simplu ID-ul articolului pe care tocmai l-ai editat. Expir\u0103 dup\u0103 1 zi.<\/p>\n\n<h2 class=\"wp-block-heading\">Con\u021binut \u00eencorporat de pe alte site-uri web<\/h2>\n\n<p>Articolele de pe acest site pot include con\u021binut \u00eencorporat (de exemplu, videoclipuri, imagini, articole etc.). Con\u021binutul \u00eencorporat de pe alte site-uri web se comport\u0103 exact la fel ca \u0219i cum vizitatorul ar fi accesat direct acel alt site web.<\/p>\n\n<p>Aceste site-uri web pot colecta date despre tine, pot utiliza cookie-uri, pot \u00eencorpora urm\u0103rire suplimentar\u0103 de la ter\u021be p\u0103r\u021bi \u0219i pot monitoriza interac\u021biunea ta cu acel con\u021binut \u00eencorporat, inclusiv urm\u0103rirea interac\u021biunii tale cu con\u021binutul \u00eencorporat dac\u0103 ai un cont \u0219i e\u0219ti autentificat pe acel site web.<\/p>\n\n<h2 class=\"wp-block-heading\">Cui \u00eemp\u0103rt\u0103\u0219im datele tale<\/h2>\n\n<p>Dac\u0103 solicita\u021bi o resetare a parolei, adresa dvs. IP va fi inclus\u0103 \u00een emailul de resetare.<\/p>\n\n<h2 class=\"wp-block-heading\">Perioada pentru care p\u0103str\u0103m datele tale<\/h2>\n\n<p>Dac\u0103 la\u0219i un comentariu, comentariul \u0219i metadatele acestuia sunt re\u021binute pe termen nedeterminat. Aceasta este pentru a putea recunoa\u0219te \u0219i aproba automat orice comentarii ulterioare \u00een loc s\u0103 le re\u021binem \u00eentr-o coad\u0103 de moderare.<\/p>\n\n<p>Pentru utilizatorii care se \u00eenregistreaz\u0103 pe site-ul nostru (dac\u0103 exist\u0103), stoc\u0103m \u0219i informa\u021biile personale pe care le furnizeaz\u0103 \u00een profilul lor de utilizator. To\u021bi utilizatorii pot vedea, edita sau \u0219terge informa\u021biile lor personale \u00een orice moment (cu excep\u021bia faptului c\u0103 nu pot schimba numele de utilizator). Administratorii site-ului web pot, de asemenea, vedea \u0219i edita acele informa\u021bii.<\/p>\n\n<h2 class=\"wp-block-heading\">Ce drepturi ave\u021bi asupra datelor dvs.<\/h2>\n\n<p>Dac\u0103 ave\u021bi un cont pe acest site sau a\u021bi l\u0103sat comentarii, pute\u021bi solicita s\u0103 primi\u021bi un fi\u0219ier exportat cu datele personale pe care le de\u021binem despre dvs., inclusiv orice date pe care ni le-a\u021bi furnizat. Pute\u021bi, de asemenea, s\u0103 solicita\u021bi s\u0103 \u0219tergem orice date personale pe care le de\u021binem despre dvs. Aceasta nu include nicio dat\u0103 pe care suntem obliga\u021bi s\u0103 o p\u0103str\u0103m din motive administrative, legale sau de securitate.<\/p>\n\n<h2 class=\"wp-block-heading\">Unde trimitem datele tale<\/h2>\n\n<p>Comentariile vizitatorilor pot fi verificate printr-un serviciu automatizat de detectare a spamului.<\/p>\n\r\n","protected":false},"excerpt":{"rendered":"<p>Cine suntem Adresa noastr\u0103 de internet este: https:\/\/citicluster.upb.ro. Comentarii C\u00e2nd vizitatorii las\u0103 comentarii pe site, colect\u0103m datele afi\u0219ate \u00een formularul de comentarii, precum \u0219i adresa IP \u0219i \u0219irul de agent [&hellip;]<\/p>\n","protected":false},"author":43,"featured_media":0,"parent":0,"menu_order":0,"comment_status":"closed","ping_status":"open","template":"","meta":{"footnotes":""},"class_list":["post-20053","page","type-page","status-publish","hentry"],"_links":{"self":[{"href":"https:\/\/citicluster.upb.ro\/ro\/wp-json\/wp\/v2\/pages\/20053","targetHints":{"allow":["GET"]}}],"collection":[{"href":"https:\/\/citicluster.upb.ro\/ro\/wp-json\/wp\/v2\/pages"}],"about":[{"href":"https:\/\/citicluster.upb.ro\/ro\/wp-json\/wp\/v2\/types\/page"}],"author":[{"embeddable":true,"href":"https:\/\/citicluster.upb.ro\/ro\/wp-json\/wp\/v2\/users\/43"}],"replies":[{"embeddable":true,"href":"https:\/\/citicluster.upb.ro\/ro\/wp-json\/wp\/v2\/comments?post=20053"}],"version-history":[{"count":1,"href":"https:\/\/citicluster.upb.ro\/ro\/wp-json\/wp\/v2\/pages\/20053\/revisions"}],"predecessor-version":[{"id":20054,"href":"https:\/\/citicluster.upb.ro\/ro\/wp-json\/wp\/v2\/pages\/20053\/revisions\/20054"}],"wp:attachment":[{"href":"https:\/\/citicluster.upb.ro\/ro\/wp-json\/wp\/v2\/media?parent=20053"}],"curies":[{"name":"wp","href":"https:\/\/api.w.org\/{rel}","templated":true}]}}