{"id":20064,"date":"2023-02-23T11:55:32","date_gmt":"2023-02-23T09:55:32","guid":{"rendered":"https:\/\/citicluster.upb.ro\/revista-smart\/"},"modified":"2025-03-06T18:52:54","modified_gmt":"2025-03-06T16:52:54","slug":"revista-smart","status":"publish","type":"page","link":"https:\/\/citicluster.upb.ro\/ro\/revista-smart\/","title":{"rendered":"Revista Smart"},"content":{"rendered":"\t\t<div data-elementor-type=\"wp-page\" data-elementor-id=\"20064\" class=\"elementor elementor-20064 elementor-7747\">\n\t\t\t\t\t\t<section class=\"elementor-section elementor-top-section elementor-element elementor-element-24b2e1f project_card_mobile elementor-section-boxed elementor-section-height-default elementor-section-height-default rt-parallax-bg-no\" data-id=\"24b2e1f\" data-element_type=\"section\" data-e-type=\"section\" id=\"project_container\">\n\t\t\t\t\t\t<div class=\"elementor-container elementor-column-gap-default\">\n\t\t\t\t\t<div class=\"elementor-column elementor-col-50 elementor-top-column elementor-element elementor-element-3b7d7c4\" data-id=\"3b7d7c4\" data-element_type=\"column\" data-e-type=\"column\">\n\t\t\t<div class=\"elementor-widget-wrap elementor-element-populated\">\n\t\t\t\t\t\t<div class=\"elementor-element elementor-element-3b2a416 elementor-widget elementor-widget-image\" data-id=\"3b2a416\" data-element_type=\"widget\" data-e-type=\"widget\" data-widget_type=\"image.default\">\n\t\t\t\t<div class=\"elementor-widget-container\">\n\t\t\t\t\t\t\t\t\t\t\t\t\t\t\t<img fetchpriority=\"high\" decoding=\"async\" width=\"1024\" height=\"683\" src=\"https:\/\/citicluster.upb.ro\/wp-content\/uploads\/2023\/04\/smart-magazine-cred-1024x683.webp\" class=\"attachment-large size-large wp-image-19699\" alt=\"\" srcset=\"https:\/\/citicluster.upb.ro\/wp-content\/uploads\/2023\/04\/smart-magazine-cred-1024x683.webp 1024w, https:\/\/citicluster.upb.ro\/wp-content\/uploads\/2023\/04\/smart-magazine-cred-300x200.webp 300w, https:\/\/citicluster.upb.ro\/wp-content\/uploads\/2023\/04\/smart-magazine-cred-768x512.webp 768w, https:\/\/citicluster.upb.ro\/wp-content\/uploads\/2023\/04\/smart-magazine-cred-1536x1024.webp 1536w, https:\/\/citicluster.upb.ro\/wp-content\/uploads\/2023\/04\/smart-magazine-cred-155x103.webp 155w, https:\/\/citicluster.upb.ro\/wp-content\/uploads\/2023\/04\/smart-magazine-cred.jpg 1920w\" sizes=\"(max-width: 1024px) 100vw, 1024px\" \/>\t\t\t\t\t\t\t\t\t\t\t\t\t\t\t<\/div>\n\t\t\t\t<\/div>\n\t\t\t\t\t<\/div>\n\t\t<\/div>\n\t\t\t\t<div class=\"elementor-column elementor-col-50 elementor-top-column elementor-element elementor-element-44d45bc networks_containers\" data-id=\"44d45bc\" data-element_type=\"column\" data-e-type=\"column\">\n\t\t\t<div class=\"elementor-widget-wrap elementor-element-populated\">\n\t\t\t\t\t\t<div class=\"elementor-element elementor-element-1a7c739 elementor-invisible elementor-widget elementor-widget-rt-text-with-button\" data-id=\"1a7c739\" data-element_type=\"widget\" data-e-type=\"widget\" data-widget_type=\"rt-text-with-button.default\">\n\t\t\t\t<div class=\"elementor-widget-container\">\n\t\t\t\t\t<div class=\"title-text-button barhide text-style2\">\n\t\t\t\t<h2 class=\"rtin-title hide fadeInUp\" data-wow-delay=\"1.2s\" data-wow-duration=\"1s\">Bun venit la Smart Magazine\t\t\t\t\t<\/h2>\t\t\n\t\t\n\t<div class=\"rtin-content hide fadeInUp\" data-wow-delay=\"1.4s\" data-wow-duration=\"1s\"><p>\u00a0<\/p><p>Revista va fi compus\u0103 din articole \u0219tiin\u021bifice apar\u021bin\u00e2nd domeniilor clusterului \u0219i prezent\u0103ri de produse \u0219i servicii inovatoare, ecologice \u0219i durabile de la membrii \u0219i partenerii no\u0219tri.<\/p><p>Revista va fi distribuit\u0103, \u00een format electronic, c\u0103tre \u00eentreaga noastr\u0103 baz\u0103 de date.<\/p><p><strong>Proiectul este \u00een faz\u0103 de dezvoltare.<\/strong><\/p><\/div>\n\t<\/div>\t\t\t\t<\/div>\n\t\t\t\t<\/div>\n\t\t\t\t\t<\/div>\n\t\t<\/div>\n\t\t\t\t\t<\/div>\n\t\t<\/section>\n\t\t\t\t<section class=\"elementor-section elementor-top-section elementor-element elementor-element-524cf9f networks_container elementor-section-boxed elementor-section-height-default elementor-section-height-default rt-parallax-bg-no\" data-id=\"524cf9f\" data-element_type=\"section\" data-e-type=\"section\">\n\t\t\t\t\t\t<div class=\"elementor-container elementor-column-gap-default\">\n\t\t\t\t\t<div class=\"elementor-column elementor-col-100 elementor-top-column elementor-element elementor-element-bf0cc66\" data-id=\"bf0cc66\" data-element_type=\"column\" data-e-type=\"column\">\n\t\t\t<div class=\"elementor-widget-wrap elementor-element-populated\">\n\t\t\t\t\t\t<div class=\"elementor-element elementor-element-6cf8f32 fluent-form-widget-step-header-yes fluent-form-widget-step-progressbar-yes fluentform-widget-submit-button-custom elementor-widget elementor-widget-fluent-form-widget\" data-id=\"6cf8f32\" data-element_type=\"widget\" data-e-type=\"widget\" data-widget_type=\"fluent-form-widget.default\">\n\t\t\t\t<div class=\"elementor-widget-container\">\n\t\t\t\t\t\n            <div class=\"fluentform-widget-wrapper fluentform-widget-align-default\">\n\n                            <div class=\"fluentform-widget-heading\">\n                                        <h3 class=\"fluentform-widget-title\">\n                        Vreau s\u0103 public                    <\/h3>\n                                                        <\/div>\n            \n            <div id='ff_form_37' class='ff_form_not_render'>You must be logged in to see the form. <a href=\"https:\/\/citicluster.upb.ro\/login\/\">Go to login.<\/a><\/div>            <\/div>\n\n            \t\t\t\t<\/div>\n\t\t\t\t<\/div>\n\t\t\t\t\t<\/div>\n\t\t<\/div>\n\t\t\t\t\t<\/div>\n\t\t<\/section>\n\t\t\t\t<\/div>\n\t\t","protected":false},"excerpt":{"rendered":"<p>Bun venit la Smart Magazine \u00a0 Revista va fi compus\u0103 din articole \u0219tiin\u021bifice apar\u021bin\u00e2nd domeniilor clusterului \u0219i prezent\u0103ri de produse \u0219i servicii inovatoare, ecologice \u0219i durabile de la membrii \u0219i [&hellip;]<\/p>\n","protected":false},"author":43,"featured_media":0,"parent":0,"menu_order":0,"comment_status":"closed","ping_status":"closed","template":"","meta":{"footnotes":""},"class_list":["post-20064","page","type-page","status-publish","hentry"],"_links":{"self":[{"href":"https:\/\/citicluster.upb.ro\/ro\/wp-json\/wp\/v2\/pages\/20064","targetHints":{"allow":["GET"]}}],"collection":[{"href":"https:\/\/citicluster.upb.ro\/ro\/wp-json\/wp\/v2\/pages"}],"about":[{"href":"https:\/\/citicluster.upb.ro\/ro\/wp-json\/wp\/v2\/types\/page"}],"author":[{"embeddable":true,"href":"https:\/\/citicluster.upb.ro\/ro\/wp-json\/wp\/v2\/users\/43"}],"replies":[{"embeddable":true,"href":"https:\/\/citicluster.upb.ro\/ro\/wp-json\/wp\/v2\/comments?post=20064"}],"version-history":[{"count":18,"href":"https:\/\/citicluster.upb.ro\/ro\/wp-json\/wp\/v2\/pages\/20064\/revisions"}],"predecessor-version":[{"id":23367,"href":"https:\/\/citicluster.upb.ro\/ro\/wp-json\/wp\/v2\/pages\/20064\/revisions\/23367"}],"wp:attachment":[{"href":"https:\/\/citicluster.upb.ro\/ro\/wp-json\/wp\/v2\/media?parent=20064"}],"curies":[{"name":"wp","href":"https:\/\/api.w.org\/{rel}","templated":true}]}}