{"id":20072,"date":"2023-02-23T11:08:38","date_gmt":"2023-02-23T09:08:38","guid":{"rendered":"https:\/\/citicluster.upb.ro\/asteptari\/"},"modified":"2024-05-29T14:53:08","modified_gmt":"2024-05-29T11:53:08","slug":"asteptari","status":"publish","type":"page","link":"https:\/\/citicluster.upb.ro\/ro\/asteptari\/","title":{"rendered":"Road Map"},"content":{"rendered":"\t\t<div data-elementor-type=\"wp-page\" data-elementor-id=\"20072\" class=\"elementor elementor-20072 elementor-7496\">\n\t\t\t\t\t\t<section class=\"elementor-section elementor-top-section elementor-element elementor-element-2b63ae0 elementor-section-boxed elementor-section-height-default elementor-section-height-default rt-parallax-bg-no\" data-id=\"2b63ae0\" data-element_type=\"section\" data-e-type=\"section\">\n\t\t\t\t\t\t<div class=\"elementor-container elementor-column-gap-default\">\n\t\t\t\t\t<div class=\"elementor-column elementor-col-100 elementor-top-column elementor-element elementor-element-71c9801\" data-id=\"71c9801\" data-element_type=\"column\" data-e-type=\"column\">\n\t\t\t<div class=\"elementor-widget-wrap elementor-element-populated\">\n\t\t\t\t\t\t<div class=\"elementor-element elementor-element-26b45f4 elementor-invisible elementor-widget elementor-widget-rt-story\" data-id=\"26b45f4\" data-element_type=\"widget\" data-e-type=\"widget\" data-widget_type=\"rt-story.default\">\n\t\t\t\t<div class=\"elementor-widget-container\">\n\t\t\t\t\t<div class=\"rtin-story\">\n\t<ul class=\"story-layout\">\n\t\t\t\t\n\t\t<li class=\"story-box-layout\">\n\t\t\t<div class=\"hide none\" data-wow-delay=\"0.7s\" data-wow-duration=\"1.3s\">\n\t\t\t<div class=\"timeline-circle\"><\/div>\n\t\t\t\t\t\t<h2 class=\"rtin-year\">Septembrie <\/br>2023<\/h2>\n\t\t\t\t\t\t\n\t\t\t\t\t\t<div class=\"rtin-img\"><\/div>\n\t\t\t\t\t\t<\/div>\n\t\t\t<div class=\"hide none\" data-wow-delay=\"1s\" data-wow-duration=\"1.9s\">\n\t\t\t<div class=\"rtin-content\">\n\t\t\t\t\t\t\t\t<div class=\"rtin-text\"><p>Cluster-ul este \u00eenfiin\u021bat<\/p><\/div>\n\t\t\t\t\t\t\t<\/div>\n\t\t\t<\/div>\n\t\t<\/li>\n\t\t\t\t\n\t\t<li class=\"story-box-layout\">\n\t\t\t<div class=\"hide none\" data-wow-delay=\"0.7s\" data-wow-duration=\"1.3s\">\n\t\t\t<div class=\"timeline-circle\"><\/div>\n\t\t\t\t\t\t<h2 class=\"rtin-year\">Octombrie <\/br>2023<\/h2>\n\t\t\t\t\t\t\n\t\t\t\t\t\t<div class=\"rtin-img\"><\/div>\n\t\t\t\t\t\t<\/div>\n\t\t\t<div class=\"hide none\" data-wow-delay=\"1s\" data-wow-duration=\"1.9s\">\n\t\t\t<div class=\"rtin-content\">\n\t\t\t\t\t\t\t\t<div class=\"rtin-text\"><p>Instrumentele noastre (pia\u021ba, identificarea resurselor umane \u0219i platforma de buletine informative) sunt disponibile \u0219i complet opera\u021bionale<\/p><\/div>\n\t\t\t\t\t\t\t<\/div>\n\t\t\t<\/div>\n\t\t<\/li>\n\t\t\t\t\n\t\t<li class=\"story-box-layout\">\n\t\t\t<div class=\"hide none\" data-wow-delay=\"0.7s\" data-wow-duration=\"1.3s\">\n\t\t\t<div class=\"timeline-circle\"><\/div>\n\t\t\t\t\t\t<h2 class=\"rtin-year\">Noiembrie <\/br>2023<\/h2>\n\t\t\t\t\t\t\n\t\t\t\t\t\t<div class=\"rtin-img\"><\/div>\n\t\t\t\t\t\t<\/div>\n\t\t\t<div class=\"hide none\" data-wow-delay=\"1s\" data-wow-duration=\"1.9s\">\n\t\t\t<div class=\"rtin-content\">\n\t\t\t\t\t\t\t\t<div class=\"rtin-text\"><p><span class=\"HwtZe\" lang=\"ro\"><span class=\"jCAhz JxVs2d ChMk0b\"><span class=\"ryNqvb\">Prima conferin\u021b\u0103\/mas\u0103 rotund\u0103 a fost un succes<\/span><\/span><\/span><\/p><\/div>\n\t\t\t\t\t\t\t<\/div>\n\t\t\t<\/div>\n\t\t<\/li>\n\t\t\t\t\n\t\t<li class=\"story-box-layout\">\n\t\t\t<div class=\"hide none\" data-wow-delay=\"0.7s\" data-wow-duration=\"1.3s\">\n\t\t\t<div class=\"timeline-circle\"><\/div>\n\t\t\t\t\t\t<h2 class=\"rtin-year\">Martie <\/br>2024<\/h2>\n\t\t\t\t\t\t\n\t\t\t\t\t\t<div class=\"rtin-img\"><\/div>\n\t\t\t\t\t\t<\/div>\n\t\t\t<div class=\"hide none\" data-wow-delay=\"1s\" data-wow-duration=\"1.9s\">\n\t\t\t<div class=\"rtin-content\">\n\t\t\t\t\t\t\t\t<div class=\"rtin-text\"><p><span class=\"HwtZe\" lang=\"ro\"><span class=\"jCAhz JxVs2d ChMk0b\"><span class=\"ryNqvb\">Al 2-lea grup de lucru se dezvolt\u0103<\/span><\/span><\/span> conform a\u0219tept\u0103rilor<\/p><\/div>\n\t\t\t\t\t\t\t<\/div>\n\t\t\t<\/div>\n\t\t<\/li>\n\t\t\t\t\n\t\t<li class=\"story-box-layout\">\n\t\t\t<div class=\"hide none\" data-wow-delay=\"0.7s\" data-wow-duration=\"1.3s\">\n\t\t\t<div class=\"timeline-circle\"><\/div>\n\t\t\t\t\t\t<h2 class=\"rtin-year\">Mai <\/br>2024<\/h2>\n\t\t\t\t\t\t\n\t\t\t\t\t\t<div class=\"rtin-img\"><\/div>\n\t\t\t\t\t\t<\/div>\n\t\t\t<div class=\"hide none\" data-wow-delay=\"1s\" data-wow-duration=\"1.9s\">\n\t\t\t<div class=\"rtin-content\">\n\t\t\t\t\t\t\t\t<div class=\"rtin-text\"><p>A \u00eenceput implementarea primului proiect intern<\/p><\/div>\n\t\t\t\t\t\t\t<\/div>\n\t\t\t<\/div>\n\t\t<\/li>\n\t\t\t\t\n\t\t<li class=\"story-box-layout\">\n\t\t\t<div class=\"hide none\" data-wow-delay=\"0.7s\" data-wow-duration=\"1.3s\">\n\t\t\t<div class=\"timeline-circle\"><\/div>\n\t\t\t\t\t\t<h2 class=\"rtin-year\">Iunie <\/br>2024<\/h2>\n\t\t\t\t\t\t\n\t\t\t\t\t\t<div class=\"rtin-img\"><\/div>\n\t\t\t\t\t\t<\/div>\n\t\t\t<div class=\"hide none\" data-wow-delay=\"1s\" data-wow-duration=\"1.9s\">\n\t\t\t<div class=\"rtin-content\">\n\t\t\t\t\t\t\t\t<div class=\"rtin-text\"><p>A dou\u0103 conferin\u021b\u0103\/mas\u0103 rotund\u0103 a fost organizat\u0103 cu succes<\/p><\/div>\n\t\t\t\t\t\t\t<\/div>\n\t\t\t<\/div>\n\t\t<\/li>\n\t\t\t\t\n\t\t<li class=\"story-box-layout\">\n\t\t\t<div class=\"hide none\" data-wow-delay=\"0.7s\" data-wow-duration=\"1.3s\">\n\t\t\t<div class=\"timeline-circle\"><\/div>\n\t\t\t\t\t\t<h2 class=\"rtin-year\">Iulie <\/br>2024<\/h2>\n\t\t\t\t\t\t\n\t\t\t\t\t\t<div class=\"rtin-img\"><\/div>\n\t\t\t\t\t\t<\/div>\n\t\t\t<div class=\"hide none\" data-wow-delay=\"1s\" data-wow-duration=\"1.9s\">\n\t\t\t<div class=\"rtin-content\">\n\t\t\t\t\t\t\t\t<div class=\"rtin-text\"><p>Primul training din 2024 a fost un succes potrivit feedback-ului participan\u021bilor<\/p><\/div>\n\t\t\t\t\t\t\t<\/div>\n\t\t\t<\/div>\n\t\t<\/li>\n\t\t\t\t\n\t\t<li class=\"story-box-layout\">\n\t\t\t<div class=\"hide none\" data-wow-delay=\"0.7s\" data-wow-duration=\"1.3s\">\n\t\t\t<div class=\"timeline-circle\"><\/div>\n\t\t\t\t\t\t<h2 class=\"rtin-year\">Noiembrie <\/br>2024<\/h2>\n\t\t\t\t\t\t\n\t\t\t\t\t\t<div class=\"rtin-img\"><\/div>\n\t\t\t\t\t\t<\/div>\n\t\t\t<div class=\"hide none\" data-wow-delay=\"1s\" data-wow-duration=\"1.9s\">\n\t\t\t<div class=\"rtin-content\">\n\t\t\t\t\t\t\t\t<div class=\"rtin-text\"><p><span class=\"HwtZe\" lang=\"ro\"><span class=\"jCAhz JxVs2d ChMk0b\"><span class=\"ryNqvb\">2 planuri de afaceri sunt deja finan\u021bate<\/span><\/span><\/span><\/p><\/div>\n\t\t\t\t\t\t\t<\/div>\n\t\t\t<\/div>\n\t\t<\/li>\n\t\t\t\t\n\t\t<li class=\"story-box-layout\">\n\t\t\t<div class=\"hide none\" data-wow-delay=\"0.7s\" data-wow-duration=\"1.3s\">\n\t\t\t<div class=\"timeline-circle\"><\/div>\n\t\t\t\t\t\t<h2 class=\"rtin-year\">Decembrie <\/br>2024<\/h2>\n\t\t\t\t\t\t\n\t\t\t\t\t\t<div class=\"rtin-img\"><\/div>\n\t\t\t\t\t\t<\/div>\n\t\t\t<div class=\"hide none\" data-wow-delay=\"1s\" data-wow-duration=\"1.9s\">\n\t\t\t<div class=\"rtin-content\">\n\t\t\t\t\t\t\t\t<div class=\"rtin-text\"><p><span class=\"HwtZe\" lang=\"ro\"><span class=\"jCAhz JxVs2d ChMk0b\"><span class=\"ryNqvb\">Al 2-lea num\u0103r al Revistei Smart<\/span><\/span><\/span> a fost publicat<\/p><\/div>\n\t\t\t\t\t\t\t<\/div>\n\t\t\t<\/div>\n\t\t<\/li>\n\t\t\t\t\n\t\t<li class=\"story-box-layout\">\n\t\t\t<div class=\"hide none\" data-wow-delay=\"0.7s\" data-wow-duration=\"1.3s\">\n\t\t\t<div class=\"timeline-circle\"><\/div>\n\t\t\t\t\t\t<h2 class=\"rtin-year\">Ianuarie <\/br>2025<\/h2>\n\t\t\t\t\t\t\n\t\t\t\t\t\t<div class=\"rtin-img\"><\/div>\n\t\t\t\t\t\t<\/div>\n\t\t\t<div class=\"hide none\" data-wow-delay=\"1s\" data-wow-duration=\"1.9s\">\n\t\t\t<div class=\"rtin-content\">\n\t\t\t\t\t\t\t\t<div class=\"rtin-text\"><p>Modelul nostru de ora\u0219 \"inteligent\" este implementat<\/p><\/div>\n\t\t\t\t\t\t\t<\/div>\n\t\t\t<\/div>\n\t\t<\/li>\n\t\t\t\t\n\t\t<li class=\"story-box-layout\">\n\t\t\t<div class=\"hide none\" data-wow-delay=\"0.7s\" data-wow-duration=\"1.3s\">\n\t\t\t<div class=\"timeline-circle\"><\/div>\n\t\t\t\t\t\t<h2 class=\"rtin-year\">Februrarie <\/br>2025<\/h2>\n\t\t\t\t\t\t\n\t\t\t\t\t\t<div class=\"rtin-img\"><\/div>\n\t\t\t\t\t\t<\/div>\n\t\t\t<div class=\"hide none\" data-wow-delay=\"1s\" data-wow-duration=\"1.9s\">\n\t\t\t<div class=\"rtin-content\">\n\t\t\t\t\t\t\t\t<div class=\"rtin-text\"><p><span class=\"HwtZe\" lang=\"ro\"><span class=\"jCAhz JxVs2d ChMk0b\"><span class=\"ryNqvb\">Avem cel pu\u021bin 2 proiecte interne \u00eencheiate cu produse\/servicii viabile<\/span><\/span><\/span><\/p><\/div>\n\t\t\t\t\t\t\t<\/div>\n\t\t\t<\/div>\n\t\t<\/li>\n\t\t\t\t\n\t\t<li class=\"story-box-layout\">\n\t\t\t<div class=\"hide none\" data-wow-delay=\"0.7s\" data-wow-duration=\"1.3s\">\n\t\t\t<div class=\"timeline-circle\"><\/div>\n\t\t\t\t\t\t<h2 class=\"rtin-year\">Aprilie <\/br>2025<\/h2>\n\t\t\t\t\t\t\n\t\t\t\t\t\t<div class=\"rtin-img\"><\/div>\n\t\t\t\t\t\t<\/div>\n\t\t\t<div class=\"hide none\" data-wow-delay=\"1s\" data-wow-duration=\"1.9s\">\n\t\t\t<div class=\"rtin-content\">\n\t\t\t\t\t\t\t\t<div class=\"rtin-text\"><p><span class=\"HwtZe\" lang=\"ro\"><span class=\"jCAhz JxVs2d ChMk0b\"><span class=\"ryNqvb\">Facem parte din cel putin 2 proiecte cu finan\u021bare extern\u0103<\/span><\/span><\/span><\/p><\/div>\n\t\t\t\t\t\t\t<\/div>\n\t\t\t<\/div>\n\t\t<\/li>\n\t\t\t\t\n\t\t<li class=\"story-box-layout\">\n\t\t\t<div class=\"hide none\" data-wow-delay=\"0.7s\" data-wow-duration=\"1.3s\">\n\t\t\t<div class=\"timeline-circle\"><\/div>\n\t\t\t\t\t\t<h2 class=\"rtin-year\">Mai <\/br>2025<\/h2>\n\t\t\t\t\t\t\n\t\t\t\t\t\t<div class=\"rtin-img\"><\/div>\n\t\t\t\t\t\t<\/div>\n\t\t\t<div class=\"hide none\" data-wow-delay=\"1s\" data-wow-duration=\"1.9s\">\n\t\t\t<div class=\"rtin-content\">\n\t\t\t\t\t\t\t\t<div class=\"rtin-text\"><p><span class=\"HwtZe\" lang=\"ro\"><span class=\"jCAhz JxVs2d ChMk0b\"><span class=\"ryNqvb\">Facem parte din cel pu\u021bin 2 re\u021bele de profil na\u021bionale \u0219i una interna\u021bional\u0103<\/span><\/span><\/span><\/p><\/div>\n\t\t\t\t\t\t\t<\/div>\n\t\t\t<\/div>\n\t\t<\/li>\n\t\t\t\t\n\t\t<li class=\"story-box-layout\">\n\t\t\t<div class=\"hide none\" data-wow-delay=\"0.7s\" data-wow-duration=\"1.3s\">\n\t\t\t<div class=\"timeline-circle\"><\/div>\n\t\t\t\t\t\t<h2 class=\"rtin-year\">Iunie <\/br>2025<\/h2>\n\t\t\t\t\t\t\n\t\t\t\t\t\t<div class=\"rtin-img\"><\/div>\n\t\t\t\t\t\t<\/div>\n\t\t\t<div class=\"hide none\" data-wow-delay=\"1s\" data-wow-duration=\"1.9s\">\n\t\t\t<div class=\"rtin-content\">\n\t\t\t\t\t\t\t\t<div class=\"rtin-text\"><p><span class=\"HwtZe\" lang=\"ro\"><span class=\"jCAhz JxVs2d ChMk0b\"><span class=\"ryNqvb\">Podcast-ul \u201eOra\u0219ul viitorului\u201d este deja o tradi\u021bie<\/span><\/span><\/span><\/p><\/div>\n\t\t\t\t\t\t\t<\/div>\n\t\t\t<\/div>\n\t\t<\/li>\n\t\t\t\t\n\t\t<li class=\"story-box-layout\">\n\t\t\t<div class=\"hide none\" data-wow-delay=\"0.7s\" data-wow-duration=\"1.3s\">\n\t\t\t<div class=\"timeline-circle\"><\/div>\n\t\t\t\t\t\t<h2 class=\"rtin-year\">Septembrie <\/br>2025<\/h2>\n\t\t\t\t\t\t\n\t\t\t\t\t\t<div class=\"rtin-img\"><\/div>\n\t\t\t\t\t\t<\/div>\n\t\t\t<div class=\"hide none\" data-wow-delay=\"1s\" data-wow-duration=\"1.9s\">\n\t\t\t<div class=\"rtin-content\">\n\t\t\t\t\t\t\t\t<div class=\"rtin-text\"><p><span class=\"HwtZe\" lang=\"ro\"><span class=\"jCAhz JxVs2d ChMk0b\"><span class=\"ryNqvb\">Implement\u0103m a 7-a conferin\u021b\u0103\/mas\u0103 rotund\u0103<\/span><\/span><\/span><\/p><\/div>\n\t\t\t\t\t\t\t<\/div>\n\t\t\t<\/div>\n\t\t<\/li>\n\t\t\t\t\n\t\t<li class=\"story-box-layout\">\n\t\t\t<div class=\"hide none\" data-wow-delay=\"0.7s\" data-wow-duration=\"1.3s\">\n\t\t\t<div class=\"timeline-circle\"><\/div>\n\t\t\t\t\t\t<h2 class=\"rtin-year\">Octombrie <\/br>2025<\/h2>\n\t\t\t\t\t\t\n\t\t\t\t\t\t<div class=\"rtin-img\"><\/div>\n\t\t\t\t\t\t<\/div>\n\t\t\t<div class=\"hide none\" data-wow-delay=\"1s\" data-wow-duration=\"1.9s\">\n\t\t\t<div class=\"rtin-content\">\n\t\t\t\t\t\t\t\t<div class=\"rtin-text\"><p><span class=\"HwtZe\" lang=\"ro\"><span class=\"jCAhz JxVs2d ChMk0b\"><span class=\"ryNqvb\">Organiz\u0103m cea de-a 6-a sesiune de<\/span><\/span><\/span> training<\/p><\/div>\n\t\t\t\t\t\t\t<\/div>\n\t\t\t<\/div>\n\t\t<\/li>\n\t\t\t\t\n\t\t<li class=\"story-box-layout\">\n\t\t\t<div class=\"hide none\" data-wow-delay=\"0.7s\" data-wow-duration=\"1.3s\">\n\t\t\t<div class=\"timeline-circle\"><\/div>\n\t\t\t\t\t\t<h2 class=\"rtin-year\">Ianuarie <\/br>2026<\/h2>\n\t\t\t\t\t\t\n\t\t\t\t\t\t<div class=\"rtin-img\"><\/div>\n\t\t\t\t\t\t<\/div>\n\t\t\t<div class=\"hide none\" data-wow-delay=\"1s\" data-wow-duration=\"1.9s\">\n\t\t\t<div class=\"rtin-content\">\n\t\t\t\t\t\t\t\t<div class=\"rtin-text\"><p><span class=\"HwtZe\" lang=\"ro\"><span class=\"jCAhz JxVs2d ChMk0b\"><span class=\"ryNqvb\">S-a \u00eenfiin\u021bat al 12-lea grup de lucru<\/span><\/span><\/span><\/p><\/div>\n\t\t\t\t\t\t\t<\/div>\n\t\t\t<\/div>\n\t\t<\/li>\n\t\t\t\t\n\t\t<li class=\"story-box-layout\">\n\t\t\t<div class=\"hide none\" data-wow-delay=\"0.7s\" data-wow-duration=\"1.3s\">\n\t\t\t<div class=\"timeline-circle\"><\/div>\n\t\t\t\t\t\t<h2 class=\"rtin-year\">Martie <\/br>2026<\/h2>\n\t\t\t\t\t\t\n\t\t\t\t\t\t<div class=\"rtin-img\"><\/div>\n\t\t\t\t\t\t<\/div>\n\t\t\t<div class=\"hide none\" data-wow-delay=\"1s\" data-wow-duration=\"1.9s\">\n\t\t\t<div class=\"rtin-content\">\n\t\t\t\t\t\t\t\t<div class=\"rtin-text\"><p><span class=\"HwtZe\" lang=\"ro\"><span class=\"jCAhz JxVs2d ChMk0b\"><span class=\"ryNqvb\">Al 8-lea num\u0103r al revistei Smart<\/span><\/span><\/span> este publicat<\/p><\/div>\n\t\t\t\t\t\t\t<\/div>\n\t\t\t<\/div>\n\t\t<\/li>\n\t\t\t\t\n\t\t<li class=\"story-box-layout\">\n\t\t\t<div class=\"hide none\" data-wow-delay=\"0.7s\" data-wow-duration=\"1.3s\">\n\t\t\t<div class=\"timeline-circle\"><\/div>\n\t\t\t\t\t\t<h2 class=\"rtin-year\">Aprilie <\/br>2026<\/h2>\n\t\t\t\t\t\t\n\t\t\t\t\t\t<div class=\"rtin-img\"><\/div>\n\t\t\t\t\t\t<\/div>\n\t\t\t<div class=\"hide none\" data-wow-delay=\"1s\" data-wow-duration=\"1.9s\">\n\t\t\t<div class=\"rtin-content\">\n\t\t\t\t\t\t\t\t<div class=\"rtin-text\"><p><span class=\"HwtZe\" lang=\"ro\"><span class=\"jCAhz JxVs2d ChMk0b\"><span class=\"ryNqvb\">Am crescut \u00eempreun\u0103 \u0219i acum suntem \u00een num\u0103r mare:<\/span><\/span><\/span><\/p><p><span class=\"HwtZe\" lang=\"ro\"><span class=\"jCAhz JxVs2d ChMk0b\"><span class=\"ryNqvb\">-20 de membri<\/span><\/span><\/span><\/p><p><span class=\"HwtZe\" lang=\"ro\"><span class=\"jCAhz JxVs2d ChMk0b\"><span class=\"ryNqvb\">-70 de parteneri<\/span><\/span><\/span><\/p><p><span class=\"HwtZe\" lang=\"ro\"><span class=\"jCAhz JxVs2d ChMk0b\"><span class=\"ryNqvb\">-5 institute de cercetare<\/span><\/span><\/span><\/p><p><span class=\"HwtZe\" lang=\"ro\"><span class=\"jCAhz JxVs2d ChMk0b\"><span class=\"ryNqvb\">-10 organiza\u021bii catalizatoare<\/span><\/span><\/span><\/p><\/div>\n\t\t\t\t\t\t\t<\/div>\n\t\t\t<\/div>\n\t\t<\/li>\n\t\t\t\t\n\t\t<li class=\"story-box-layout\">\n\t\t\t<div class=\"hide none\" data-wow-delay=\"0.7s\" data-wow-duration=\"1.3s\">\n\t\t\t<div class=\"timeline-circle\"><\/div>\n\t\t\t\t\t\t<h2 class=\"rtin-year\">Decembrie <\/br>2026<\/h2>\n\t\t\t\t\t\t\n\t\t\t\t\t\t<div class=\"rtin-img\"><\/div>\n\t\t\t\t\t\t<\/div>\n\t\t\t<div class=\"hide none\" data-wow-delay=\"1s\" data-wow-duration=\"1.9s\">\n\t\t\t<div class=\"rtin-content\">\n\t\t\t\t\t\t\t\t<div class=\"rtin-text\"><p><span class=\"HwtZe\" lang=\"ro\"><span class=\"jCAhz JxVs2d ChMk0b\"><span class=\"ryNqvb\">Am folosit toat\u0103 experien\u021ba acumulat\u0103 \u00een orrganizarea celei de-a 2-a edi\u021bii a \u201eBucharest Smart Days\u201d<\/span><\/span><\/span><\/p><\/div>\n\t\t\t\t\t\t\t<\/div>\n\t\t\t<\/div>\n\t\t<\/li>\n\t\t\t<\/ul>\n<\/div>\n\n\t\t\t\t<\/div>\n\t\t\t\t<\/div>\n\t\t\t\t\t<\/div>\n\t\t<\/div>\n\t\t\t\t\t<\/div>\n\t\t<\/section>\n\t\t\t\t<\/div>\n\t\t","protected":false},"excerpt":{"rendered":"<p>Septembrie 2023 Cluster-ul este \u00eenfiin\u021bat Octombrie 2023 Instrumentele noastre (pia\u021ba, identificarea resurselor umane \u0219i platforma de buletine informative) sunt disponibile \u0219i complet opera\u021bionale Noiembrie 2023 Prima conferin\u021b\u0103\/mas\u0103 rotund\u0103 a fost [&hellip;]<\/p>\n","protected":false},"author":43,"featured_media":0,"parent":0,"menu_order":0,"comment_status":"closed","ping_status":"closed","template":"","meta":{"footnotes":""},"class_list":["post-20072","page","type-page","status-publish","hentry"],"_links":{"self":[{"href":"https:\/\/citicluster.upb.ro\/ro\/wp-json\/wp\/v2\/pages\/20072","targetHints":{"allow":["GET"]}}],"collection":[{"href":"https:\/\/citicluster.upb.ro\/ro\/wp-json\/wp\/v2\/pages"}],"about":[{"href":"https:\/\/citicluster.upb.ro\/ro\/wp-json\/wp\/v2\/types\/page"}],"author":[{"embeddable":true,"href":"https:\/\/citicluster.upb.ro\/ro\/wp-json\/wp\/v2\/users\/43"}],"replies":[{"embeddable":true,"href":"https:\/\/citicluster.upb.ro\/ro\/wp-json\/wp\/v2\/comments?post=20072"}],"version-history":[{"count":175,"href":"https:\/\/citicluster.upb.ro\/ro\/wp-json\/wp\/v2\/pages\/20072\/revisions"}],"predecessor-version":[{"id":21106,"href":"https:\/\/citicluster.upb.ro\/ro\/wp-json\/wp\/v2\/pages\/20072\/revisions\/21106"}],"wp:attachment":[{"href":"https:\/\/citicluster.upb.ro\/ro\/wp-json\/wp\/v2\/media?parent=20072"}],"curies":[{"name":"wp","href":"https:\/\/api.w.org\/{rel}","templated":true}]}}