{"id":20081,"date":"2023-02-23T11:46:20","date_gmt":"2023-02-23T09:46:20","guid":{"rendered":"https:\/\/citicluster.upb.ro\/centrul-international-tehnic-pentru-inovatie-in-tehnologii-smart\/"},"modified":"2026-02-05T15:04:35","modified_gmt":"2026-02-05T13:04:35","slug":"centrul-international-tehnic-pentru-inovatie-in-tehnologii-smart","status":"publish","type":"page","link":"https:\/\/citicluster.upb.ro\/ro\/centrul-international-tehnic-pentru-inovatie-in-tehnologii-smart\/","title":{"rendered":"Centrul Interna\u021bional Tehnic pentru Inova\u021bie \u00een Tehnologii Smart"},"content":{"rendered":"\t\t<div data-elementor-type=\"wp-page\" data-elementor-id=\"20081\" class=\"elementor elementor-20081 elementor-7674\">\n\t\t\t\t\t\t<section class=\"elementor-section elementor-top-section elementor-element elementor-element-c4c6193 elementor-section-full_width elementor-section-height-default elementor-section-height-default rt-parallax-bg-no\" data-id=\"c4c6193\" data-element_type=\"section\" data-e-type=\"section\">\n\t\t\t\t\t\t<div class=\"elementor-container elementor-column-gap-default\">\n\t\t\t\t\t<div class=\"elementor-column elementor-col-100 elementor-top-column elementor-element elementor-element-b965f60\" data-id=\"b965f60\" data-element_type=\"column\" data-e-type=\"column\">\n\t\t\t<div class=\"elementor-widget-wrap elementor-element-populated\">\n\t\t\t\t\t\t<div class=\"elementor-element elementor-element-dadc702 elementor-invisible elementor-widget elementor-widget-rt-title\" data-id=\"dadc702\" data-element_type=\"widget\" data-e-type=\"widget\" data-widget_type=\"rt-title.default\">\n\t\t\t\t<div class=\"elementor-widget-container\">\n\t\t\t\t\t<div class=\"sec-title style2\">\n\t<div class=\"sec-title-holder\">\n\t\t\t\t<h2 class=\"rtin-title hide fadeInUp\" data-wow-delay=\"1.2s\" data-wow-duration=\"1s\">CITI Cluster este o comunitate mare, \u00een fiecare ora\u0219, jude\u021b \u0219i \u021bar\u0103<\/h2>\n\t\t\t<\/div>\n<\/div>\t\t\t\t<\/div>\n\t\t\t\t<\/div>\n\t\t\t\t<div class=\"elementor-element elementor-element-a806f0f elementor-invisible elementor-widget elementor-widget-rt-button\" data-id=\"a806f0f\" data-element_type=\"widget\" data-e-type=\"widget\" data-widget_type=\"rt-button.default\">\n\t\t\t\t<div class=\"elementor-widget-container\">\n\t\t\t\t\t<div class=\"rtin-button hide fadeInUp\" data-wow-delay=\"1s\" data-wow-duration=\"1s\">\n\t\t\t<a class=\"button-style-2 btn-common rt-animation-out\" href=\"https:\/\/citicluster.upb.ro\/ro\/expertiza-si-solutii-pentru-apluri\/\">Expertiz\u0103 \u0219i Solu\u021bii<svg\n\n            xmlns=\"http:\/\/www.w3.org\/2000\/svg\"\n\n            xmlns:xlink=\"http:\/\/www.w3.org\/1999\/xlink\"\n\n            width=\"34px\"\n\n            height=\"16px\"\n\n            viewBox=\"0 0 34.53 16\"\n\n            xml:space=\"preserve\"\n\n          >\n\n            <rect\n\n              class=\"rt-button-line\"\n\n              y=\"7.6\"\n\n              width=\"34\"\n\n              height=\".4\"\n\n            ><\/rect>\n\n            <g class=\"rt-button-cap-fake\">\n\n              <path\n\n                class=\"rt-button-cap\"\n\n                d=\"M25.83.7l.7-.7,8,8-.7.71Zm0,14.6,8-8,.71.71-8,8Z\"\n\n              ><\/path>\n\n            <\/g>\n\n          <\/svg><\/a>\n\t<\/div>\t\t\t\t<\/div>\n\t\t\t\t<\/div>\n\t\t\t\t\t<\/div>\n\t\t<\/div>\n\t\t\t\t\t<\/div>\n\t\t<\/section>\n\t\t\t\t<section class=\"elementor-section elementor-top-section elementor-element elementor-element-6a2bbdf elementor-section-boxed elementor-section-height-default elementor-section-height-default rt-parallax-bg-no\" data-id=\"6a2bbdf\" data-element_type=\"section\" data-e-type=\"section\">\n\t\t\t\t\t\t<div class=\"elementor-container elementor-column-gap-default\">\n\t\t\t\t\t<div class=\"elementor-column elementor-col-100 elementor-top-column elementor-element elementor-element-697c4ba\" data-id=\"697c4ba\" data-element_type=\"column\" data-e-type=\"column\">\n\t\t\t<div class=\"elementor-widget-wrap elementor-element-populated\">\n\t\t\t\t\t\t<div class=\"elementor-element elementor-element-5d5d0b9 citi_discussion elementor-hidden-desktop elementor-invisible elementor-widget elementor-widget-rt-feature-box\" data-id=\"5d5d0b9\" data-element_type=\"widget\" data-e-type=\"widget\" data-widget_type=\"rt-feature-box.default\">\n\t\t\t\t<div class=\"elementor-widget-container\">\n\t\t\t\t\t<div class=\"feature-box feature-style2 hide fadeInUp\" data-wow-delay=\"1s\" data-wow-duration=\"1s\">\n\t<div class=\"rtin-item media-icon\">\t\n\t\t<div class=\"info-overlay\"><\/div>\t\n\t\t<div class=\"rtin-media\">\n\t\t\t \t\n\t\t\t\t\t\t\t<span class=\"rtin-icon\"><img decoding=\"async\" src=\"https:\/\/citicluster.upb.ro\/wp-content\/uploads\/2023\/05\/community-corrections-bureau-svgrepo-com-1.svg\" alt=\"SVG Icon\"><\/span>\n\t\t\t\t\t\t\t\n\t\t<\/div>\n\t\t<div class=\"rtin-content\">\n\t\t\t\t\t\t<div class=\"rtin-text\">Misiunea sa este s\u0103 desf\u0103\u0219oare activit\u0103\u021bi de cercetare avansate \u0219i inovatoare \u00een domeniul Smart C (Comunitate, Ora\u0219, Jude\u021b \u0219i \u021aar\u0103), pentru a dep\u0103\u0219i limitele tehnologice actuale existente \u00een acest sector \u0219i pentru a forma resurse umane specializate \u00een proiectarea Comunit\u0103\u021bilor Smart prin activit\u0103\u021bi de cercetare de excelen\u021b\u0103 care r\u0103spund provoc\u0103rii industriei \u0219i societ\u0103\u021bii, \u00een scopul men\u021binerii unei pozi\u021bii competitive a Rom\u00e2niei \u00een cursa domeniului Smart C (Comunitate, Ora\u0219, Jude\u021b \u0219i \u021aar\u0103) \u0219i pentru a crea un impact socio-economic puternic pentru industrii, cet\u0103\u021beni \u0219i Guvern.<\/div>\n\t\t\t\t\t\t\n\t\t\t\t\t<\/div>\n\t<\/div>\n<\/div>\t\t\t\t<\/div>\n\t\t\t\t<\/div>\n\t\t\t\t\t<\/div>\n\t\t<\/div>\n\t\t\t\t\t<\/div>\n\t\t<\/section>\n\t\t\t\t<section class=\"elementor-section elementor-top-section elementor-element elementor-element-016df44 elementor-section-boxed elementor-section-height-default elementor-section-height-default rt-parallax-bg-no\" data-id=\"016df44\" data-element_type=\"section\" data-e-type=\"section\">\n\t\t\t\t\t\t<div class=\"elementor-container elementor-column-gap-default\">\n\t\t\t\t\t<div class=\"elementor-column elementor-col-100 elementor-top-column elementor-element elementor-element-2e33f1c\" data-id=\"2e33f1c\" data-element_type=\"column\" data-e-type=\"column\">\n\t\t\t<div class=\"elementor-widget-wrap elementor-element-populated\">\n\t\t\t\t\t\t<div class=\"elementor-element elementor-element-2df15e0 citi_discussion elementor-hidden-desktop elementor-invisible elementor-widget elementor-widget-rt-feature-box\" data-id=\"2df15e0\" data-element_type=\"widget\" data-e-type=\"widget\" data-widget_type=\"rt-feature-box.default\">\n\t\t\t\t<div class=\"elementor-widget-container\">\n\t\t\t\t\t<div class=\"feature-box feature-style2 hide fadeInUp\" data-wow-delay=\"1s\" data-wow-duration=\"1s\">\n\t<div class=\"rtin-item media-icon\">\t\n\t\t<div class=\"info-overlay\"><\/div>\t\n\t\t<div class=\"rtin-media\">\n\t\t\t \t\n\t\t\t\t\t\t\t<span class=\"rtin-icon\"><img decoding=\"async\" src=\"https:\/\/citicluster.upb.ro\/wp-content\/uploads\/2023\/05\/relation-labor-svgrepo-com.svg\" alt=\"SVG Icon\"><\/span>\n\t\t\t\t\t\t\t\n\t\t<\/div>\n\t\t<div class=\"rtin-content\">\n\t\t\t\t\t\t<div class=\"rtin-text\">CITI \u00ee\u0219i propune, de asemenea, s\u0103 realizeze toate aceste lucruri printr-o colaborare \u0219i dialog permanent at\u00e2t cu institu\u021biile publice importante pentru dezvoltarea Smart C \u00een Rom\u00e2nia \u0219i Europa, c\u00e2t \u0219i cu reprezentan\u021bii mediului economic care doresc s\u0103 contribuie \u00een mod real la cre\u0219terea acestui centru \u0219i la \u00eendeplinirea misiunii sale.<\/div>\n\t\t\t\t\t\t\n\t\t\t\t\t<\/div>\n\t<\/div>\n<\/div>\t\t\t\t<\/div>\n\t\t\t\t<\/div>\n\t\t\t\t\t<\/div>\n\t\t<\/div>\n\t\t\t\t\t<\/div>\n\t\t<\/section>\n\t\t\t\t<section class=\"elementor-section elementor-top-section elementor-element elementor-element-a7fb642 elementor-section-boxed elementor-section-height-default elementor-section-height-default rt-parallax-bg-no\" data-id=\"a7fb642\" data-element_type=\"section\" data-e-type=\"section\">\n\t\t\t\t\t\t<div class=\"elementor-container elementor-column-gap-default\">\n\t\t\t\t\t<div class=\"elementor-column elementor-col-100 elementor-top-column elementor-element elementor-element-f9736d1\" data-id=\"f9736d1\" data-element_type=\"column\" data-e-type=\"column\">\n\t\t\t<div class=\"elementor-widget-wrap elementor-element-populated\">\n\t\t\t\t\t\t<div class=\"elementor-element elementor-element-e88cbd6 citi_discussion elementor-hidden-desktop elementor-invisible elementor-widget elementor-widget-rt-feature-box\" data-id=\"e88cbd6\" data-element_type=\"widget\" data-e-type=\"widget\" data-widget_type=\"rt-feature-box.default\">\n\t\t\t\t<div class=\"elementor-widget-container\">\n\t\t\t\t\t<div class=\"feature-box feature-style2 hide fadeInUp\" data-wow-delay=\"1s\" data-wow-duration=\"1s\">\n\t<div class=\"rtin-item media-icon\">\t\n\t\t<div class=\"info-overlay\"><\/div>\t\n\t\t<div class=\"rtin-media\">\n\t\t\t \t\n\t\t\t\t\t\t\t<span class=\"rtin-icon\"><img decoding=\"async\" src=\"https:\/\/citicluster.upb.ro\/wp-content\/uploads\/2023\/05\/development-marketing-outline-svgrepo-com.svg\" alt=\"SVG Icon\"><\/span>\n\t\t\t\t\t\t\t\n\t\t<\/div>\n\t\t<div class=\"rtin-content\">\n\t\t\t\t\t\t<div class=\"rtin-text\">Centrul Interna\u021bional Tehnic pentru Inova\u021bie \u00een Domeniul Smart C (Comunitate, Ora\u0219, Jude\u021b, \u021aar\u0103) - CITI este animat de viziunea \u0219i dorin\u021ba de a studia \u0219i elabora modele de dezvoltare a comunit\u0103\u021bilor de tip Smart, \u00een cadrul c\u0103rora cercet\u0103torii s\u0103i contribuie la dezvoltarea conceptelor de disciplin\u0103 \u0219i tehnologie care pot fi integrate \u00eentr-un astfel de model, pentru rezolvarea problemelor reale ale lumii. Centrul va avea un rol cheie \u00een cercetarea Smart C \u00een Rom\u00e2nia, integr\u00e2nd, dezvolt\u00e2nd \u0219i \u00eembun\u0103t\u0103\u021bind realiz\u0103rile existente ale POLITEHNICA Bucure\u0219ti \u00een acest domeniu, cu perspectiva de a deveni un Centru de Excelen\u021b\u0103 la nivel european.<\/div>\n\t\t\t\t\t\t\n\t\t\t\t\t<\/div>\n\t<\/div>\n<\/div>\t\t\t\t<\/div>\n\t\t\t\t<\/div>\n\t\t\t\t\t<\/div>\n\t\t<\/div>\n\t\t\t\t\t<\/div>\n\t\t<\/section>\n\t\t\t\t<section class=\"elementor-section elementor-top-section elementor-element elementor-element-5037d45 elementor-section-full_width elementor-section-stretched section-maxheight elementor-section-items-top elementor-section-height-min-height elementor-hidden-tablet elementor-hidden-mobile elementor-section-height-default rt-parallax-bg-no\" data-id=\"5037d45\" data-element_type=\"section\" data-e-type=\"section\" data-settings=\"{&quot;stretch_section&quot;:&quot;section-stretched&quot;,&quot;background_background&quot;:&quot;classic&quot;}\">\n\t\t\t\t\t\t<div class=\"elementor-container elementor-column-gap-default\">\n\t\t\t\t\t<div class=\"elementor-column elementor-col-50 elementor-top-column elementor-element elementor-element-d151bb9 svgbackground elementor-invisible\" data-id=\"d151bb9\" data-element_type=\"column\" data-e-type=\"column\" data-settings=\"{&quot;animation&quot;:&quot;slideInLeft&quot;,&quot;background_background&quot;:&quot;classic&quot;}\">\n\t\t\t<div class=\"elementor-widget-wrap elementor-element-populated\">\n\t\t\t\t\t\t<div class=\"elementor-element elementor-element-5f13a73 e-transform elementor-widget elementor-widget-html\" data-id=\"5f13a73\" data-element_type=\"widget\" data-e-type=\"widget\" data-settings=\"{&quot;_transform_translateX_effect&quot;:{&quot;unit&quot;:&quot;px&quot;,&quot;size&quot;:-800,&quot;sizes&quot;:[]},&quot;_transform_translateX_effect_tablet&quot;:{&quot;unit&quot;:&quot;rem&quot;,&quot;size&quot;:&quot;&quot;,&quot;sizes&quot;:[]},&quot;_transform_translateX_effect_mobile&quot;:{&quot;unit&quot;:&quot;rem&quot;,&quot;size&quot;:&quot;&quot;,&quot;sizes&quot;:[]},&quot;_transform_translateY_effect&quot;:{&quot;unit&quot;:&quot;px&quot;,&quot;size&quot;:&quot;&quot;,&quot;sizes&quot;:[]},&quot;_transform_translateY_effect_tablet&quot;:{&quot;unit&quot;:&quot;px&quot;,&quot;size&quot;:&quot;&quot;,&quot;sizes&quot;:[]},&quot;_transform_translateY_effect_mobile&quot;:{&quot;unit&quot;:&quot;px&quot;,&quot;size&quot;:&quot;&quot;,&quot;sizes&quot;:[]}}\" data-widget_type=\"html.default\">\n\t\t\t\t<div class=\"elementor-widget-container\">\n\t\t\t\t\t<svg xmlns=\"http:\/\/www.w3.org\/2000\/svg\" viewbox=\"0 0 1787 480\" height=\"504px\" preserveaspectratio=\"none\" style=\"margin-top:-2px;\">\n\n                        <defs>\n\n                            <style>\n\n .a {\n\n fill: #fff;\n\n fill-rule: evenodd;\n\n }\n\n                            <\/style>\n\n                        <\/defs>\n\n                        <path class=\"a\" d=\"M1787,480c-132.55,0-240-107.45-240-240S1654.45,0,1787,0H400V480Z\"><\/path>\n\n                    <\/svg>\t\t\t\t<\/div>\n\t\t\t\t<\/div>\n\t\t\t\t<div class=\"elementor-element elementor-element-01d3511 elementor-absolute elementor-widget__width-initial elementor-invisible elementor-widget elementor-widget-rt-text-with-button\" data-id=\"01d3511\" data-element_type=\"widget\" data-e-type=\"widget\" data-settings=\"{&quot;_position&quot;:&quot;absolute&quot;}\" data-widget_type=\"rt-text-with-button.default\">\n\t\t\t\t<div class=\"elementor-widget-container\">\n\t\t\t\t\t<div class=\"title-text-button barhide text-style2\">\n\t\t\t\t<h2 class=\"rtin-title hide fadeInUp\" data-wow-delay=\"1.2s\" data-wow-duration=\"1s\">01\t\t\t\t\t<\/h2>\t\t\n\t\t\n\t<div class=\"rtin-content hide fadeInUp\" data-wow-delay=\"1.4s\" data-wow-duration=\"1s\"><p>Centrul Interna\u021bional Tehnic pentru Inova\u021bie \u00een Domeniul Smart C (Comunitate, Ora\u0219, Jude\u021b, \u021aar\u0103) - CITI este animat de viziunea \u0219i dorin\u021ba de a studia \u0219i de a elabora modele de dezvoltare a comunit\u0103\u021bilor de tip Smart. Este o comunitate \u00een care cercet\u0103torii s\u0103i vor contribui la dezvoltarea conceptelor de disciplin\u0103 \u0219i tehnologie care pot fi integrate \u00eentr-un astfel de model \u0219i la rezolvarea problemelor reale ale comunit\u0103\u021bilor. Centrul va avea un rol cheie \u00een cercetarea Smart C \u00een Rom\u00e2nia, integr\u00e2nd, dezvolt\u00e2nd \u0219i \u00eembun\u0103t\u0103\u021bind realiz\u0103rile existente ale Politehnicii Bucure\u0219ti \u00een acest domeniu, cu perspectiva de a deveni un Centru de Excelen\u021b\u0103 la nivel european.<\/p><\/div>\n\t<\/div>\t\t\t\t<\/div>\n\t\t\t\t<\/div>\n\t\t\t\t\t<\/div>\n\t\t<\/div>\n\t\t\t\t<div class=\"elementor-column elementor-col-50 elementor-top-column elementor-element elementor-element-40b7f0c\" data-id=\"40b7f0c\" data-element_type=\"column\" data-e-type=\"column\" data-settings=\"{&quot;animation&quot;:&quot;none&quot;}\">\n\t\t\t<div class=\"elementor-widget-wrap\">\n\t\t\t\t\t\t\t<\/div>\n\t\t<\/div>\n\t\t\t\t\t<\/div>\n\t\t<\/section>\n\t\t\t\t<section class=\"elementor-section elementor-top-section elementor-element elementor-element-e78e47f elementor-section-full_width elementor-section-stretched section-maxheight elementor-section-items-top elementor-section-height-min-height elementor-hidden-tablet elementor-hidden-mobile elementor-section-height-default rt-parallax-bg-no\" data-id=\"e78e47f\" data-element_type=\"section\" data-e-type=\"section\" id=\"test\" data-settings=\"{&quot;stretch_section&quot;:&quot;section-stretched&quot;,&quot;background_background&quot;:&quot;classic&quot;}\">\n\t\t\t\t\t\t<div class=\"elementor-container elementor-column-gap-default\">\n\t\t\t\t\t<div class=\"elementor-column elementor-col-50 elementor-top-column elementor-element elementor-element-427ceb7\" data-id=\"427ceb7\" data-element_type=\"column\" data-e-type=\"column\" data-settings=\"{&quot;animation&quot;:&quot;none&quot;}\">\n\t\t\t<div class=\"elementor-widget-wrap\">\n\t\t\t\t\t\t\t<\/div>\n\t\t<\/div>\n\t\t\t\t<div class=\"elementor-column elementor-col-50 elementor-top-column elementor-element elementor-element-ee983d5 svgbackground elementor-invisible\" data-id=\"ee983d5\" data-element_type=\"column\" data-e-type=\"column\" data-settings=\"{&quot;animation&quot;:&quot;slideInRight&quot;,&quot;background_background&quot;:&quot;classic&quot;}\">\n\t\t\t<div class=\"elementor-widget-wrap elementor-element-populated\">\n\t\t\t\t\t\t<div class=\"elementor-element elementor-element-40832f8 svgbackground elementor-widget elementor-widget-html\" data-id=\"40832f8\" data-element_type=\"widget\" data-e-type=\"widget\" data-widget_type=\"html.default\">\n\t\t\t\t<div class=\"elementor-widget-container\">\n\t\t\t\t\t<svg xmlns=\"http:\/\/www.w3.org\/2000\/svg\" height=\"500px\" viewbox=\"0 0 2500 480\">\n\n                        <defs>\n\n                            <style>\n\n .b {\n\n fill-rule: evenodd;\n\n fill: #184273;\n opacity: .88;\n }\n\n                            <\/style>\n\n                            <lineargradient id=\"a2\" y1=\"240\" x2=\"1787\" y2=\"240\" gradientunits=\"userSpaceOnUse\">\n\n                                <stop offset=\"0%\" stop-color=\"var(--brand-primary)\"><\/stop>\n\n                                <stop offset=\"50%\" stop-color=\"var(--secondary)\"><\/stop>\n\n                            <\/lineargradient>\n\n                        <\/defs>\n\n                        <path class=\"b\" d=\"M0,480c132.55,0,240-107.45,240-240S132.55,0,0,0H2500V480Z\"><\/path>\n\n                    <\/svg>\t\t\t\t<\/div>\n\t\t\t\t<\/div>\n\t\t\t\t<div class=\"elementor-element elementor-element-ef4c303 elementor-absolute citi_parallax elementor-invisible elementor-widget elementor-widget-rt-text-with-button\" data-id=\"ef4c303\" data-element_type=\"widget\" data-e-type=\"widget\" data-settings=\"{&quot;_position&quot;:&quot;absolute&quot;}\" data-widget_type=\"rt-text-with-button.default\">\n\t\t\t\t<div class=\"elementor-widget-container\">\n\t\t\t\t\t<div class=\"title-text-button barhide text-style2\">\n\t\t\t\t<h2 class=\"rtin-title hide fadeInUp\" data-wow-delay=\"1.2s\" data-wow-duration=\"1s\">02\t\t\t\t\t<\/h2>\t\t\n\t\t\n\t<div class=\"rtin-content hide fadeInUp\" data-wow-delay=\"1.4s\" data-wow-duration=\"1s\"><p>CITI \u00ee\u0219i propune s\u0103 realizeze toate aceste lucruri printr-o colaborare \u0219i dialog permanent at\u00e2t cu institu\u021biile publice importante pentru dezvoltarea Smart C \u00een Rom\u00e2nia \u0219i Europa, c\u00e2t \u0219i cu reprezentan\u021bii mediului economic care doresc s\u0103 contribuie \u00een mod real la cre\u0219terea acestui centru \u0219i la \u00eendeplinirea misiunii sale.<\/p><\/div>\n\t<\/div>\t\t\t\t<\/div>\n\t\t\t\t<\/div>\n\t\t\t\t\t<\/div>\n\t\t<\/div>\n\t\t\t\t\t<\/div>\n\t\t<\/section>\n\t\t\t\t<section class=\"elementor-section elementor-top-section elementor-element elementor-element-f20c31e elementor-section-full_width elementor-section-stretched section-maxheight elementor-section-items-top elementor-section-height-min-height elementor-hidden-tablet elementor-hidden-mobile elementor-section-height-default rt-parallax-bg-no\" data-id=\"f20c31e\" data-element_type=\"section\" data-e-type=\"section\" data-settings=\"{&quot;stretch_section&quot;:&quot;section-stretched&quot;,&quot;background_background&quot;:&quot;classic&quot;}\">\n\t\t\t\t\t\t<div class=\"elementor-container elementor-column-gap-default\">\n\t\t\t\t\t<div class=\"elementor-column elementor-col-50 elementor-top-column elementor-element elementor-element-879ada5 svgbackground elementor-invisible\" data-id=\"879ada5\" data-element_type=\"column\" data-e-type=\"column\" data-settings=\"{&quot;animation&quot;:&quot;slideInLeft&quot;,&quot;background_background&quot;:&quot;classic&quot;}\">\n\t\t\t<div class=\"elementor-widget-wrap elementor-element-populated\">\n\t\t\t\t\t\t<div class=\"elementor-element elementor-element-f1eff30 e-transform elementor-widget elementor-widget-html\" data-id=\"f1eff30\" data-element_type=\"widget\" data-e-type=\"widget\" data-settings=\"{&quot;_transform_translateX_effect&quot;:{&quot;unit&quot;:&quot;px&quot;,&quot;size&quot;:-800,&quot;sizes&quot;:[]},&quot;_transform_translateX_effect_tablet&quot;:{&quot;unit&quot;:&quot;rem&quot;,&quot;size&quot;:&quot;&quot;,&quot;sizes&quot;:[]},&quot;_transform_translateX_effect_mobile&quot;:{&quot;unit&quot;:&quot;rem&quot;,&quot;size&quot;:&quot;&quot;,&quot;sizes&quot;:[]},&quot;_transform_translateY_effect&quot;:{&quot;unit&quot;:&quot;px&quot;,&quot;size&quot;:&quot;&quot;,&quot;sizes&quot;:[]},&quot;_transform_translateY_effect_tablet&quot;:{&quot;unit&quot;:&quot;px&quot;,&quot;size&quot;:&quot;&quot;,&quot;sizes&quot;:[]},&quot;_transform_translateY_effect_mobile&quot;:{&quot;unit&quot;:&quot;px&quot;,&quot;size&quot;:&quot;&quot;,&quot;sizes&quot;:[]}}\" data-widget_type=\"html.default\">\n\t\t\t\t<div class=\"elementor-widget-container\">\n\t\t\t\t\t<svg xmlns=\"http:\/\/www.w3.org\/2000\/svg\" viewbox=\"0 0 1787 480\" height=\"504px\" preserveaspectratio=\"none\" style=\"margin-top:-2px;\">\n\n                        <defs>\n\n                            <style>\n\n .a {\n\n fill: #fff;\n\n fill-rule: evenodd;\n\n }\n\n                            <\/style>\n\n                        <\/defs>\n\n                        <path class=\"a\" d=\"M1787,480c-132.55,0-240-107.45-240-240S1654.45,0,1787,0H400V480Z\"><\/path>\n\n                    <\/svg>\t\t\t\t<\/div>\n\t\t\t\t<\/div>\n\t\t\t\t<div class=\"elementor-element elementor-element-2d7b0ab elementor-absolute elementor-widget__width-initial text-citi-padding elementor-invisible elementor-widget elementor-widget-rt-text-with-button\" data-id=\"2d7b0ab\" data-element_type=\"widget\" data-e-type=\"widget\" data-settings=\"{&quot;_position&quot;:&quot;absolute&quot;}\" data-widget_type=\"rt-text-with-button.default\">\n\t\t\t\t<div class=\"elementor-widget-container\">\n\t\t\t\t\t<div class=\"title-text-button barhide text-style2\">\n\t\t\t\t<h2 class=\"rtin-title hide fadeInUp\" data-wow-delay=\"1.2s\" data-wow-duration=\"1s\">03\t\t\t\t\t<\/h2>\t\t\n\t\t\n\t<div class=\"rtin-content hide fadeInUp\" data-wow-delay=\"1.4s\" data-wow-duration=\"1s\"><p>Misiunea sa este de a desf\u0103\u0219ura activit\u0103\u021bi de cercetare avansate \u0219i inovatoare \u00een domeniul Smart C (Comunitate, Ora\u0219, Jude\u021b \u0219i \u021aar\u0103), pentru a dep\u0103\u0219i limit\u0103rile tehnologice actuale existente \u00een acest sector \u0219i pentru a forma resurse umane specializate \u00een proiectarea Comunit\u0103\u021bilor Smart, prin activit\u0103\u021bi de cercetare de excelen\u021b\u0103 care r\u0103spund provoc\u0103rilor industriei \u0219i societ\u0103\u021bii, \u00een scopul men\u021binerii unei pozi\u021bii competitive a Rom\u00e2niei \u00een cursa domeniului Smart C (Comunitate, Ora\u0219, Jude\u021b \u0219i \u021aar\u0103) \u0219i pentru a crea un impact socio-economic puternic pentru industrii, cet\u0103\u021beni \u0219i guvern.<\/p><\/div>\n\t<\/div>\t\t\t\t<\/div>\n\t\t\t\t<\/div>\n\t\t\t\t\t<\/div>\n\t\t<\/div>\n\t\t\t\t<div class=\"elementor-column elementor-col-50 elementor-top-column elementor-element elementor-element-29ee33e\" data-id=\"29ee33e\" data-element_type=\"column\" data-e-type=\"column\" data-settings=\"{&quot;animation&quot;:&quot;none&quot;}\">\n\t\t\t<div class=\"elementor-widget-wrap\">\n\t\t\t\t\t\t\t<\/div>\n\t\t<\/div>\n\t\t\t\t\t<\/div>\n\t\t<\/section>\n\t\t\t\t<\/div>\n\t\t","protected":false},"excerpt":{"rendered":"<p>CITI Cluster este o comunitate mare, \u00een fiecare ora\u0219, jude\u021b \u0219i \u021bar\u0103 Expertiz\u0103 \u0219i Solu\u021bii Misiunea sa este s\u0103 desf\u0103\u0219oare activit\u0103\u021bi de cercetare avansate \u0219i inovatoare \u00een domeniul Smart C [&hellip;]<\/p>\n","protected":false},"author":43,"featured_media":0,"parent":0,"menu_order":0,"comment_status":"closed","ping_status":"closed","template":"","meta":{"footnotes":""},"class_list":["post-20081","page","type-page","status-publish","hentry"],"_links":{"self":[{"href":"https:\/\/citicluster.upb.ro\/ro\/wp-json\/wp\/v2\/pages\/20081","targetHints":{"allow":["GET"]}}],"collection":[{"href":"https:\/\/citicluster.upb.ro\/ro\/wp-json\/wp\/v2\/pages"}],"about":[{"href":"https:\/\/citicluster.upb.ro\/ro\/wp-json\/wp\/v2\/types\/page"}],"author":[{"embeddable":true,"href":"https:\/\/citicluster.upb.ro\/ro\/wp-json\/wp\/v2\/users\/43"}],"replies":[{"embeddable":true,"href":"https:\/\/citicluster.upb.ro\/ro\/wp-json\/wp\/v2\/comments?post=20081"}],"version-history":[{"count":60,"href":"https:\/\/citicluster.upb.ro\/ro\/wp-json\/wp\/v2\/pages\/20081\/revisions"}],"predecessor-version":[{"id":29024,"href":"https:\/\/citicluster.upb.ro\/ro\/wp-json\/wp\/v2\/pages\/20081\/revisions\/29024"}],"wp:attachment":[{"href":"https:\/\/citicluster.upb.ro\/ro\/wp-json\/wp\/v2\/media?parent=20081"}],"curies":[{"name":"wp","href":"https:\/\/api.w.org\/{rel}","templated":true}]}}