{"id":20083,"date":"2023-04-12T12:39:52","date_gmt":"2023-04-12T09:39:52","guid":{"rendered":"https:\/\/citicluster.upb.ro\/aboneaza-te-la-newsletter-ul-nostru\/"},"modified":"2024-05-28T12:39:07","modified_gmt":"2024-05-28T09:39:07","slug":"aboneaza-te-la-newsletter-ul-nostru","status":"publish","type":"page","link":"https:\/\/citicluster.upb.ro\/ro\/aboneaza-te-la-newsletter-ul-nostru\/","title":{"rendered":"Aboneaz\u0103-te la newsletter-ul nostru"},"content":{"rendered":"\t\t<div data-elementor-type=\"wp-page\" data-elementor-id=\"20083\" class=\"elementor elementor-20083 elementor-13736\">\n\t\t\t\t\t\t<section class=\"elementor-section elementor-top-section elementor-element elementor-element-b50a290 elementor-section-boxed elementor-section-height-default elementor-section-height-default rt-parallax-bg-no\" data-id=\"b50a290\" data-element_type=\"section\" data-e-type=\"section\">\n\t\t\t\t\t\t<div class=\"elementor-container elementor-column-gap-default\">\n\t\t\t\t\t<div class=\"elementor-column elementor-col-100 elementor-top-column elementor-element elementor-element-ae6ad10\" data-id=\"ae6ad10\" data-element_type=\"column\" data-e-type=\"column\">\n\t\t\t<div class=\"elementor-widget-wrap\">\n\t\t\t\t\t\t\t<\/div>\n\t\t<\/div>\n\t\t\t\t\t<\/div>\n\t\t<\/section>\n\t\t\t\t<section class=\"elementor-section elementor-top-section elementor-element elementor-element-0b5be77 networks_container elementor-section-boxed elementor-section-height-default elementor-section-height-default rt-parallax-bg-no\" data-id=\"0b5be77\" data-element_type=\"section\" data-e-type=\"section\">\n\t\t\t\t\t\t<div class=\"elementor-container elementor-column-gap-default\">\n\t\t\t\t\t<div class=\"elementor-column elementor-col-100 elementor-top-column elementor-element elementor-element-e044b6f\" data-id=\"e044b6f\" data-element_type=\"column\" data-e-type=\"column\">\n\t\t\t<div class=\"elementor-widget-wrap elementor-element-populated\">\n\t\t\t\t\t\t<div class=\"elementor-element elementor-element-7be85b5 fluentform-widget-submit-button-center fluent-form-widget-step-header-yes fluent-form-widget-step-progressbar-yes fluentform-widget-submit-button-custom elementor-widget elementor-widget-fluent-form-widget\" data-id=\"7be85b5\" data-element_type=\"widget\" data-e-type=\"widget\" data-widget_type=\"fluent-form-widget.default\">\n\t\t\t\t<div class=\"elementor-widget-container\">\n\t\t\t\t\t\n            <div class=\"fluentform-widget-wrapper fluentform-widget-align-default\">\n\n                            <div class=\"fluentform-widget-heading\">\n                                                        <\/div>\n            \n            <div class='fluentform ff-default fluentform_wrapper_41 ffs_default_wrap'><form data-form_id=\"41\" id=\"fluentform_41\" class=\"frm-fluent-form fluent_form_41 ff-el-form-top ff_form_instance_41_1 ff-form-loading ffs_default\" data-form_instance=\"ff_form_instance_41_1\" method=\"POST\" ><fieldset  style=\"border: none!important;margin: 0!important;padding: 0!important;background-color: transparent!important;box-shadow: none!important;outline: none!important; min-inline-size: 100%;\">\n                    <legend class=\"ff_screen_reader_title\" style=\"display: block; margin: 0!important;padding: 0!important;height: 0!important;text-indent: -999999px;width: 0!important;overflow:hidden;\">Aboneaz\u0103-te la newsletter-ul nostru (#41)<\/legend><input type='hidden' name='__fluent_form_embded_post_id' value='20083' \/><input type=\"hidden\" id=\"_fluentform_41_fluentformnonce\" name=\"_fluentform_41_fluentformnonce\" value=\"52d6a22e85\" \/><input type=\"hidden\" name=\"_wp_http_referer\" value=\"\/ro\/wp-json\/wp\/v2\/pages\/20083\" \/><div data-type=\"name-element\" data-name=\"names\" class=\" ff-field_container ff-name-field-wrapper\" ><div class='ff-t-container'><div class='ff-t-cell '><div class='ff-el-group'><div class=\"ff-el-input--label ff-el-is-required asterisk-right\"><label for='ff_41_names_first_name_' id='label_ff_41_names_first_name_' >Prenume<\/label><\/div><div class='ff-el-input--content'><input type=\"text\" name=\"names[first_name]\" id=\"ff_41_names_first_name_\" class=\"ff-el-form-control\" placeholder=\"Prenume\" aria-invalid=\"false\" aria-required=true><\/div><\/div><\/div><div class='ff-t-cell '><div class='ff-el-group'><div class=\"ff-el-input--label ff-el-is-required asterisk-right\"><label for='ff_41_names_last_name_' id='label_ff_41_names_last_name_' >Nume<\/label><\/div><div class='ff-el-input--content'><input type=\"text\" name=\"names[last_name]\" id=\"ff_41_names_last_name_\" class=\"ff-el-form-control\" placeholder=\"Nume\" aria-invalid=\"false\" aria-required=true><\/div><\/div><\/div><\/div><\/div><div class='ff-el-group'><div class=\"ff-el-input--label ff-el-is-required asterisk-right\"><label for='ff_41_email' id='label_ff_41_email' aria-label=\"Email\">Email<\/label><\/div><div class='ff-el-input--content'><input type=\"email\" name=\"email\" id=\"ff_41_email\" class=\"ff-el-form-control\" placeholder=\"Adres\u0103 email\" data-name=\"email\"  aria-invalid=\"false\" aria-required=true><\/div><\/div><div class='ff-el-group'><div class=\"ff-el-input--label ff-el-is-required asterisk-right\"><label for='ff_41_input_text' id='label_ff_41_input_text' aria-label=\"Organiza\u021bia\">Organiza\u021bia<\/label><\/div><div class='ff-el-input--content'><input type=\"text\" name=\"input_text\" class=\"ff-el-form-control\" placeholder=\"Organiza\u021bia\" data-name=\"input_text\" id=\"ff_41_input_text\"  aria-invalid=\"false\" aria-required=true><\/div><\/div><div class='ff-el-group    ff-el-input--content'><div class='ff-el-form-check ff-el-tc'><label aria-label='Sunt de acord ca acest site web s\u0103 stocheze informa\u021biile pe care le-am trimis, astfel \u00eenc\u00e2t s\u0103 poat\u0103 r\u0103spunde la solicitarea mea.' class='ff-el-form-check-label ff_tc_label' for=gdpr-agreement_2767dc6ef256f4c81f236cd06c09aa4a><span class='ff_tc_checkbox'><input type=\"checkbox\" name=\"gdpr-agreement\" class=\"ff-el-form-check-input ff_gdpr_field\" data-name=\"gdpr-agreement\" id=\"gdpr-agreement_2767dc6ef256f4c81f236cd06c09aa4a\"  value='on' aria-invalid='false' aria-required=true><\/span> <div class='ff_t_c'>Sunt de acord ca acest site web s\u0103 stocheze informa\u021biile pe care le-am trimis, astfel \u00eenc\u00e2t s\u0103 poat\u0103 r\u0103spunde la solicitarea mea.<\/div><\/label><\/div><\/div><div class='ff-el-group ff-text-center ff_submit_btn_wrapper'><button type=\"submit\" class=\"ff-btn ff-btn-submit ff-btn-md ff_btn_style\"  aria-label=\"Trimite\">Trimite<\/button><\/div><\/fieldset><\/form><div id='fluentform_41_errors' class='ff-errors-in-stack ff_form_instance_41_1 ff-form-loading_errors ff_form_instance_41_1_errors'><\/div><\/div>            <script type=\"text\/javascript\">\n                window.fluent_form_ff_form_instance_41_1 = {\"id\":\"41\",\"ajaxUrl\":\"https:\\\/\\\/citicluster.upb.ro\\\/wp-admin\\\/admin-ajax.php\",\"settings\":{\"layout\":{\"labelPlacement\":\"top\",\"helpMessagePlacement\":\"with_label\",\"errorMessagePlacement\":\"inline\",\"cssClassName\":\"\",\"asteriskPlacement\":\"asterisk-right\"},\"restrictions\":{\"denyEmptySubmission\":{\"enabled\":false}}},\"form_instance\":\"ff_form_instance_41_1\",\"form_id_selector\":\"fluentform_41\",\"rules\":{\"names[first_name]\":{\"required\":{\"value\":true,\"message\":\"Acest c\\u00e2mp este obligatoriu\",\"global\":false,\"global_message\":\"This field is required\"}},\"names[middle_name]\":{\"required\":{\"value\":false,\"message\":\"This field is required\",\"global\":false,\"global_message\":\"This field is required\"}},\"names[last_name]\":{\"required\":{\"value\":true,\"message\":\"Acest c\\u00e2mp este obligatoriu\",\"global\":false,\"global_message\":\"This field is required\"}},\"email\":{\"required\":{\"value\":true,\"message\":\"Acest c\\u00e2mp este obligatoriu\",\"global\":false,\"global_message\":\"This field is required\"},\"email\":{\"value\":true,\"message\":\"Acest c\\u00e2mp trebuie s\\u0103 con\\u021bin\\u0103 un email valid\",\"global\":false,\"global_message\":\"This field must contain a valid email\"}},\"input_text\":{\"required\":{\"value\":true,\"message\":\"Acest c\\u00e2mp este obligatoriu\",\"global\":false,\"global_message\":\"This field is required\"}},\"gdpr-agreement\":{\"required\":{\"value\":true,\"message\":\"This field is required\",\"global\":false,\"global_message\":\"This field is required\"}}},\"debounce_time\":300};\n                            <\/script>\n                        <\/div>\n\n            \t\t\t\t<\/div>\n\t\t\t\t<\/div>\n\t\t\t\t\t<\/div>\n\t\t<\/div>\n\t\t\t\t\t<\/div>\n\t\t<\/section>\n\t\t\t\t<section class=\"elementor-section elementor-top-section elementor-element elementor-element-89a37f6 elementor-section-boxed elementor-section-height-default elementor-section-height-default rt-parallax-bg-no\" data-id=\"89a37f6\" data-element_type=\"section\" data-e-type=\"section\">\n\t\t\t\t\t\t<div class=\"elementor-container elementor-column-gap-default\">\n\t\t\t\t\t<div class=\"elementor-column elementor-col-33 elementor-top-column elementor-element elementor-element-e7ac277\" data-id=\"e7ac277\" data-element_type=\"column\" data-e-type=\"column\">\n\t\t\t<div class=\"elementor-widget-wrap elementor-element-populated\">\n\t\t\t\t\t\t<div class=\"elementor-element elementor-element-a021d88 elementor-widget__width-inherit city_of_future_cards elementor-widget elementor-widget-rt-contact-info\" data-id=\"a021d88\" data-element_type=\"widget\" data-e-type=\"widget\" data-widget_type=\"rt-contact-info.default\">\n\t\t\t\t<div class=\"elementor-widget-container\">\n\t\t\t\t\t<div class=\"rtin-contact-info\">\n\t<div class=\"rtin-item item-icon\">\n\t\t \t\n\t\t\t\t\t<span class=\"rtin-icon\"><i class=\" flaticon-phone-call\"><\/i><\/span>\n\t\t\t\t\t\n\n\t\t<div class=\"contrent-wrap\">\n\t\t\t\t\t<h3 class=\"rtin-title\">Call Us<\/h3>\n\t\t\t\t\t\t\t<p class=\"rtin-text\"><a href=\"+40723384238\">+40723384238<\/a><br>\n<br \/>\n<br \/>\n\n\n\n\n<\/p>\n\t\t\t\t<\/div>\n\t<\/div>\n<\/div>\t\t\t\t<\/div>\n\t\t\t\t<\/div>\n\t\t\t\t\t<\/div>\n\t\t<\/div>\n\t\t\t\t<div class=\"elementor-column elementor-col-33 elementor-top-column elementor-element elementor-element-6a83f2a\" data-id=\"6a83f2a\" data-element_type=\"column\" data-e-type=\"column\">\n\t\t\t<div class=\"elementor-widget-wrap elementor-element-populated\">\n\t\t\t\t\t\t<div class=\"elementor-element elementor-element-0c0c0bc elementor-widget__width-inherit city_of_future_cards elementor-widget elementor-widget-rt-contact-info\" data-id=\"0c0c0bc\" data-element_type=\"widget\" data-e-type=\"widget\" data-widget_type=\"rt-contact-info.default\">\n\t\t\t\t<div class=\"elementor-widget-container\">\n\t\t\t\t\t<div class=\"rtin-contact-info\">\n\t<div class=\"rtin-item item-icon\">\n\t\t \t\n\t\t\t\t\t<span class=\"rtin-icon\"><i class=\" flaticon-location\"><\/i><\/span>\n\t\t\t\t\t\n\n\t\t<div class=\"contrent-wrap\">\n\t\t\t\t\t<h3 class=\"rtin-title\">Our Location<\/h3>\n\t\t\t\t\t\t\t<p class=\"rtin-text\">Universitatea POLITEHNICA din Bucuresti<\/p>\n\t\t\t\t<\/div>\n\t<\/div>\n<\/div>\t\t\t\t<\/div>\n\t\t\t\t<\/div>\n\t\t\t\t\t<\/div>\n\t\t<\/div>\n\t\t\t\t<div class=\"elementor-column elementor-col-33 elementor-top-column elementor-element elementor-element-976b93c\" data-id=\"976b93c\" data-element_type=\"column\" data-e-type=\"column\">\n\t\t\t<div class=\"elementor-widget-wrap elementor-element-populated\">\n\t\t\t\t\t\t<div class=\"elementor-element elementor-element-d16f126 elementor-widget__width-inherit city_of_future_cards elementor-widget elementor-widget-rt-contact-info\" data-id=\"d16f126\" data-element_type=\"widget\" data-e-type=\"widget\" data-widget_type=\"rt-contact-info.default\">\n\t\t\t\t<div class=\"elementor-widget-container\">\n\t\t\t\t\t<div class=\"rtin-contact-info\">\n\t<div class=\"rtin-item item-icon\">\n\t\t \t\n\t\t\t\t\t<span class=\"rtin-icon\"><i class=\" flaticon-envelope\"><\/i><\/span>\n\t\t\t\t\t\n\n\t\t<div class=\"contrent-wrap\">\n\t\t\t\t\t<h3 class=\"rtin-title\">Email Us<\/h3>\n\t\t\t\t\t\t\t<p class=\"rtin-text\"><a href=\"mailto:citicluster@upb.ro\">citicluster@upb.ro<\/a>  <br \/><br \/>\n<br \/><\/p>\n\t\t\t\t<\/div>\n\t<\/div>\n<\/div>\t\t\t\t<\/div>\n\t\t\t\t<\/div>\n\t\t\t\t\t<\/div>\n\t\t<\/div>\n\t\t\t\t\t<\/div>\n\t\t<\/section>\n\t\t\t\t<\/div>\n\t\t","protected":false},"excerpt":{"rendered":"<p>Aboneaz\u0103-te la newsletter-ul nostru (#41) PrenumeNumeEmailOrganiza\u021bia Sunt de acord ca acest site web s\u0103 stocheze informa\u021biile pe care le-am trimis, astfel \u00eenc\u00e2t s\u0103 poat\u0103 r\u0103spunde la solicitarea mea.Trimite Call Us [&hellip;]<\/p>\n","protected":false},"author":43,"featured_media":0,"parent":0,"menu_order":0,"comment_status":"closed","ping_status":"closed","template":"","meta":{"footnotes":""},"class_list":["post-20083","page","type-page","status-publish","hentry"],"_links":{"self":[{"href":"https:\/\/citicluster.upb.ro\/ro\/wp-json\/wp\/v2\/pages\/20083","targetHints":{"allow":["GET"]}}],"collection":[{"href":"https:\/\/citicluster.upb.ro\/ro\/wp-json\/wp\/v2\/pages"}],"about":[{"href":"https:\/\/citicluster.upb.ro\/ro\/wp-json\/wp\/v2\/types\/page"}],"author":[{"embeddable":true,"href":"https:\/\/citicluster.upb.ro\/ro\/wp-json\/wp\/v2\/users\/43"}],"replies":[{"embeddable":true,"href":"https:\/\/citicluster.upb.ro\/ro\/wp-json\/wp\/v2\/comments?post=20083"}],"version-history":[{"count":10,"href":"https:\/\/citicluster.upb.ro\/ro\/wp-json\/wp\/v2\/pages\/20083\/revisions"}],"predecessor-version":[{"id":20761,"href":"https:\/\/citicluster.upb.ro\/ro\/wp-json\/wp\/v2\/pages\/20083\/revisions\/20761"}],"wp:attachment":[{"href":"https:\/\/citicluster.upb.ro\/ro\/wp-json\/wp\/v2\/media?parent=20083"}],"curies":[{"name":"wp","href":"https:\/\/api.w.org\/{rel}","templated":true}]}}