{"id":20086,"date":"2023-02-23T11:47:40","date_gmt":"2023-02-23T09:47:40","guid":{"rendered":"https:\/\/citicluster.upb.ro\/centrul-de-formare-smart\/"},"modified":"2025-07-21T16:24:32","modified_gmt":"2025-07-21T13:24:32","slug":"centrul-de-formare-smart","status":"publish","type":"page","link":"https:\/\/citicluster.upb.ro\/ro\/centrul-de-formare-smart\/","title":{"rendered":"Centrul de Formare Smart"},"content":{"rendered":"\t\t<div data-elementor-type=\"wp-page\" data-elementor-id=\"20086\" class=\"elementor elementor-20086 elementor-7680\">\n\t\t\t\t\t\t<section class=\"elementor-section elementor-top-section elementor-element elementor-element-6a6e389 project_card_mobile elementor-reverse-tablet elementor-section-boxed elementor-section-height-default elementor-section-height-default rt-parallax-bg-no\" data-id=\"6a6e389\" data-element_type=\"section\" data-e-type=\"section\" id=\"project_container\">\n\t\t\t\t\t\t<div class=\"elementor-container elementor-column-gap-default\">\n\t\t\t\t\t<div class=\"elementor-column elementor-col-50 elementor-top-column elementor-element elementor-element-48be894 elementor-hidden-mobile\" data-id=\"48be894\" data-element_type=\"column\" data-e-type=\"column\">\n\t\t\t<div class=\"elementor-widget-wrap elementor-element-populated\">\n\t\t\t\t\t\t<div class=\"elementor-element elementor-element-a510b67 elementor-widget elementor-widget-image\" data-id=\"a510b67\" data-element_type=\"widget\" data-e-type=\"widget\" data-widget_type=\"image.default\">\n\t\t\t\t<div class=\"elementor-widget-container\">\n\t\t\t\t\t\t\t\t\t\t\t\t\t\t\t<img fetchpriority=\"high\" decoding=\"async\" width=\"545\" height=\"663\" src=\"https:\/\/citicluster.upb.ro\/wp-content\/uploads\/2023\/04\/image-training-545x663.webp\" class=\"attachment-techkit-size6 size-techkit-size6 wp-image-19685\" alt=\"\" srcset=\"https:\/\/citicluster.upb.ro\/wp-content\/uploads\/2023\/04\/image-training-545x663.webp 545w, https:\/\/citicluster.upb.ro\/wp-content\/uploads\/2023\/04\/image-training-370x450.webp 370w\" sizes=\"(max-width: 545px) 100vw, 545px\" \/>\t\t\t\t\t\t\t\t\t\t\t\t\t\t\t<\/div>\n\t\t\t\t<\/div>\n\t\t\t\t\t<\/div>\n\t\t<\/div>\n\t\t\t\t<div class=\"elementor-column elementor-col-50 elementor-top-column elementor-element elementor-element-e67ce24 networks_containers\" data-id=\"e67ce24\" data-element_type=\"column\" data-e-type=\"column\">\n\t\t\t<div class=\"elementor-widget-wrap elementor-element-populated\">\n\t\t\t\t\t\t<div class=\"elementor-element elementor-element-864810c elementor-invisible elementor-widget elementor-widget-rt-title\" data-id=\"864810c\" data-element_type=\"widget\" data-e-type=\"widget\" data-widget_type=\"rt-title.default\">\n\t\t\t\t<div class=\"elementor-widget-container\">\n\t\t\t\t\t<div class=\"sec-title style1\">\n\t<div class=\"sec-title-holder\">\t\t\n\t\t\t\t\t\t<h2 class=\"rtin-title hide fadeInUp\" data-wow-delay=\"1.2s\" data-wow-duration=\"1s\">Fii preg\u0103tit!<\/h2>\n\t\t\t\t<div class=\"hide fadeInUp\" data-wow-delay=\"1.4s\" data-wow-duration=\"1s\">\n\t\t\t<span class=\"section-line section-line-one\"><\/span>\n\t\t\t<span class=\"section-line section-line-two\"><\/span>\n\t\t\t<span class=\"section-line section-line-three\"><\/span>\n\t\t<\/div>\n\t<\/div>\n<\/div>\n\t\t\t\t<\/div>\n\t\t\t\t<\/div>\n\t\t\t\t<div class=\"elementor-element elementor-element-f476b47 elementor-widget elementor-widget-text-editor\" data-id=\"f476b47\" data-element_type=\"widget\" data-e-type=\"widget\" data-widget_type=\"text-editor.default\">\n\t\t\t\t<div class=\"elementor-widget-container\">\n\t\t\t\t\t\t\t\t\t<p style=\"text-align: left; font-family: 'Roboto',sans-serif;\"><strong>Dorim s\u0103 preg\u0103tim \u0219i s\u0103 dezvolt\u0103m resurse umane \u00een cel mai bun mod posibil, \u00een domeniile noastre cheie. Credem cu adev\u0103rat c\u0103 educa\u021bia este o parte cheie a misiunii noastre.<\/strong><\/p><p style=\"text-align: left; font-family: 'Roboto',sans-serif;\">Centrul este un concept deschis, cu un tip de feedback bidirec\u021bional. A\u0219adar, a\u0219tept\u0103m propuneri de la membrii \u0219i partenerii no\u0219tri \u00een ce domenii \u0219i direc\u021bii s\u0103 dezvolt\u0103m \u0219i s\u0103 organiz\u0103m cursurile.<\/p><p style=\"text-align: left; font-family: 'Roboto',sans-serif;\">Ini\u021biativa este sus\u021binut\u0103 de UPB, care va furniza elemente logistice cheie \u0219i formatori de specializa\u021bi.<\/p>\t\t\t\t\t\t\t\t<\/div>\n\t\t\t\t<\/div>\n\t\t\t\t\t<\/div>\n\t\t<\/div>\n\t\t\t\t\t<\/div>\n\t\t<\/section>\n\t\t\t\t<\/div>\n\t\t","protected":false},"excerpt":{"rendered":"<p>Fii preg\u0103tit! Dorim s\u0103 preg\u0103tim \u0219i s\u0103 dezvolt\u0103m resurse umane \u00een cel mai bun mod posibil, \u00een domeniile noastre cheie. Credem cu adev\u0103rat c\u0103 educa\u021bia este o parte cheie a [&hellip;]<\/p>\n","protected":false},"author":43,"featured_media":0,"parent":0,"menu_order":0,"comment_status":"closed","ping_status":"closed","template":"","meta":{"footnotes":""},"class_list":["post-20086","page","type-page","status-publish","hentry"],"_links":{"self":[{"href":"https:\/\/citicluster.upb.ro\/ro\/wp-json\/wp\/v2\/pages\/20086","targetHints":{"allow":["GET"]}}],"collection":[{"href":"https:\/\/citicluster.upb.ro\/ro\/wp-json\/wp\/v2\/pages"}],"about":[{"href":"https:\/\/citicluster.upb.ro\/ro\/wp-json\/wp\/v2\/types\/page"}],"author":[{"embeddable":true,"href":"https:\/\/citicluster.upb.ro\/ro\/wp-json\/wp\/v2\/users\/43"}],"replies":[{"embeddable":true,"href":"https:\/\/citicluster.upb.ro\/ro\/wp-json\/wp\/v2\/comments?post=20086"}],"version-history":[{"count":27,"href":"https:\/\/citicluster.upb.ro\/ro\/wp-json\/wp\/v2\/pages\/20086\/revisions"}],"predecessor-version":[{"id":27411,"href":"https:\/\/citicluster.upb.ro\/ro\/wp-json\/wp\/v2\/pages\/20086\/revisions\/27411"}],"wp:attachment":[{"href":"https:\/\/citicluster.upb.ro\/ro\/wp-json\/wp\/v2\/media?parent=20086"}],"curies":[{"name":"wp","href":"https:\/\/api.w.org\/{rel}","templated":true}]}}