{"id":20088,"date":"2023-02-23T11:45:42","date_gmt":"2023-02-23T09:45:42","guid":{"rendered":"https:\/\/citicluster.upb.ro\/smart-spin-off\/"},"modified":"2025-03-06T18:51:51","modified_gmt":"2025-03-06T16:51:51","slug":"smart-spin-off","status":"publish","type":"page","link":"https:\/\/citicluster.upb.ro\/ro\/smart-spin-off\/","title":{"rendered":"Smart Spin Off"},"content":{"rendered":"\t\t<div data-elementor-type=\"wp-page\" data-elementor-id=\"20088\" class=\"elementor elementor-20088 elementor-7668\">\n\t\t\t\t\t\t<section class=\"elementor-section elementor-top-section elementor-element elementor-element-c436661 elementor-section-boxed elementor-section-height-default elementor-section-height-default rt-parallax-bg-no\" data-id=\"c436661\" data-element_type=\"section\" data-e-type=\"section\">\n\t\t\t\t\t\t<div class=\"elementor-container elementor-column-gap-default\">\n\t\t\t\t\t<div class=\"elementor-column elementor-col-100 elementor-top-column elementor-element elementor-element-a8ceb0c\" data-id=\"a8ceb0c\" data-element_type=\"column\" data-e-type=\"column\">\n\t\t\t<div class=\"elementor-widget-wrap elementor-element-populated\">\n\t\t\t\t\t\t<div class=\"elementor-element elementor-element-cc64af2 elementor-invisible elementor-widget elementor-widget-rt-text-with-button\" data-id=\"cc64af2\" data-element_type=\"widget\" data-e-type=\"widget\" data-widget_type=\"rt-text-with-button.default\">\n\t\t\t\t<div class=\"elementor-widget-container\">\n\t\t\t\t\t<div class=\"title-text-button barhide text-style1\">\n\t\t\t\t<div class=\"rtin-content hide fadeInUp\" data-wow-delay=\"1.6s\" data-wow-duration=\"1s\"><p><strong>Aceast\u0103 ini\u021biativ\u0103 este realizat\u0103 \u00een parteneriat cu membrul nostru fondator, Politehnica Bucure\u0219ti.<\/strong><\/p><p>Prin aceasta, dorim s\u0103 promov\u0103m cele mai bune planuri de afaceri realizate de c\u0103tre studen\u021bii de la Politehnica Bucure\u0219ti, \u00een vederea finan\u021b\u0103rii de c\u0103tre membrii \u0219i partenerii no\u0219tri. Este binecunoscut faptul c\u0103 spin-off-urile universitare (cunoscute \u0219i sub numele de spin-outs universitare) sunt companii care transform\u0103 inven\u021biile tehnologice dezvoltate din cercetarea universitar\u0103.<\/p><\/div>\n\t<\/div>\t\t\t\t<\/div>\n\t\t\t\t<\/div>\n\t\t\t\t\t<\/div>\n\t\t<\/div>\n\t\t\t\t\t<\/div>\n\t\t<\/section>\n\t\t\t\t<section class=\"elementor-section elementor-top-section elementor-element elementor-element-4c87334 elementor-section-boxed elementor-section-height-default elementor-section-height-default rt-parallax-bg-no\" data-id=\"4c87334\" data-element_type=\"section\" data-e-type=\"section\">\n\t\t\t\t\t\t<div class=\"elementor-container elementor-column-gap-default\">\n\t\t\t\t\t<div class=\"elementor-column elementor-col-100 elementor-top-column elementor-element elementor-element-05b7479\" data-id=\"05b7479\" data-element_type=\"column\" data-e-type=\"column\">\n\t\t\t<div class=\"elementor-widget-wrap elementor-element-populated\">\n\t\t\t\t\t\t<div class=\"elementor-element elementor-element-f8ce2d9 elementor-widget elementor-widget-heading\" data-id=\"f8ce2d9\" data-element_type=\"widget\" data-e-type=\"widget\" data-widget_type=\"heading.default\">\n\t\t\t\t<div class=\"elementor-widget-container\">\n\t\t\t\t\t<h2 class=\"elementor-heading-title elementor-size-default\">Etapele procedurale sunt urm\u0103toarele:<\/h2>\t\t\t\t<\/div>\n\t\t\t\t<\/div>\n\t\t\t\t<div class=\"elementor-element elementor-element-a296162 smart_timeline elementor-hidden-tablet elementor-hidden-mobile elementor-invisible elementor-widget elementor-widget-rt-story\" data-id=\"a296162\" data-element_type=\"widget\" data-e-type=\"widget\" data-widget_type=\"rt-story.default\">\n\t\t\t\t<div class=\"elementor-widget-container\">\n\t\t\t\t\t<div class=\"rtin-story\">\n\t<ul class=\"story-layout\">\n\t\t\t\t\n\t\t<li class=\"story-box-layout\">\n\t\t\t<div class=\"hide none\" data-wow-delay=\"0.7s\" data-wow-duration=\"1.3s\">\n\t\t\t<div class=\"timeline-circle\"><\/div>\n\t\t\t\t\t\t<h2 class=\"rtin-year\">01<\/h2>\n\t\t\t\t\t\t\n\t\t\t\t\t\t<div class=\"rtin-img\"><\/div>\n\t\t\t\t\t\t<\/div>\n\t\t\t<div class=\"hide none\" data-wow-delay=\"1s\" data-wow-duration=\"1.9s\">\n\t\t\t<div class=\"rtin-content\">\n\t\t\t\t\t\t\t\t<div class=\"rtin-text\"><p>Universitatea ofer\u0103 expertiz\u0103, cuno\u0219tin\u021be \u0219i sprijin studen\u021bilor \u00eenscri\u0219i \u00eentr-un program specializat, ajut\u00e2ndu-i s\u0103 \u00ee\u0219i dezvolte abilit\u0103\u021bile de cercetare, inovare \u0219i antreprenoriat pe parcursul \u00eentregului parcurs de \u00eenv\u0103\u021bare (mai multe informa\u021bii despre acest lucru aici <strong><a href=\"http:\/\/antreprenoriat.upb.ro\/\" target=\"_blank\" rel=\"noopener\">Centrul de Antreprenoriat UPBIZZ<\/a><\/strong>).<\/p><\/div>\n\t\t\t\t\t\t\t<\/div>\n\t\t\t<\/div>\n\t\t<\/li>\n\t\t\t\t\n\t\t<li class=\"story-box-layout\">\n\t\t\t<div class=\"hide none\" data-wow-delay=\"0.7s\" data-wow-duration=\"1.3s\">\n\t\t\t<div class=\"timeline-circle\"><\/div>\n\t\t\t\t\t\t<h2 class=\"rtin-year\">02<\/h2>\n\t\t\t\t\t\t\n\t\t\t\t\t\t<div class=\"rtin-img\"><\/div>\n\t\t\t\t\t\t<\/div>\n\t\t\t<div class=\"hide none\" data-wow-delay=\"1s\" data-wow-duration=\"1.9s\">\n\t\t\t<div class=\"rtin-content\">\n\t\t\t\t\t\t\t\t<div class=\"rtin-text\"><p>Rezultatele acestui proces sunt planuri de afaceri complete realizate de studen\u021bi;<\/p><\/div>\n\t\t\t\t\t\t\t<\/div>\n\t\t\t<\/div>\n\t\t<\/li>\n\t\t\t\t\n\t\t<li class=\"story-box-layout\">\n\t\t\t<div class=\"hide none\" data-wow-delay=\"0.7s\" data-wow-duration=\"1.3s\">\n\t\t\t<div class=\"timeline-circle\"><\/div>\n\t\t\t\t\t\t<h2 class=\"rtin-year\">03<\/h2>\n\t\t\t\t\t\t\n\t\t\t\t\t\t<div class=\"rtin-img\"><\/div>\n\t\t\t\t\t\t<\/div>\n\t\t\t<div class=\"hide none\" data-wow-delay=\"1s\" data-wow-duration=\"1.9s\">\n\t\t\t<div class=\"rtin-content\">\n\t\t\t\t\t\t\t\t<div class=\"rtin-text\"><p>Le select\u0103m pe cele mai bune dintre cele care au leg\u0103tur\u0103 cu domeniile noastre cheie \u0219i le public\u0103m \u00een aceast\u0103 sec\u021biune.<\/p><\/div>\n\t\t\t\t\t\t\t<\/div>\n\t\t\t<\/div>\n\t\t<\/li>\n\t\t\t\t\n\t\t<li class=\"story-box-layout\">\n\t\t\t<div class=\"hide none\" data-wow-delay=\"0.7s\" data-wow-duration=\"1.3s\">\n\t\t\t<div class=\"timeline-circle\"><\/div>\n\t\t\t\t\t\t<h2 class=\"rtin-year\">04<\/h2>\n\t\t\t\t\t\t\n\t\t\t\t\t\t<div class=\"rtin-img\"><\/div>\n\t\t\t\t\t\t<\/div>\n\t\t\t<div class=\"hide none\" data-wow-delay=\"1s\" data-wow-duration=\"1.9s\">\n\t\t\t<div class=\"rtin-content\">\n\t\t\t\t\t\t\t\t<div class=\"rtin-text\"><p>Dup\u0103 ce un plan de afaceri este publicat, membrii \u0219i partenerii no\u0219tri au posibilitatea de a investi \u0219i de a deveni ac\u021bionari \u00een start-up.<\/p><\/div>\n\t\t\t\t\t\t\t<\/div>\n\t\t\t<\/div>\n\t\t<\/li>\n\t\t\t<\/ul>\n<\/div>\n\n\t\t\t\t<\/div>\n\t\t\t\t<\/div>\n\t\t\t\t\t<\/div>\n\t\t<\/div>\n\t\t\t\t\t<\/div>\n\t\t<\/section>\n\t\t\t\t<section class=\"elementor-section elementor-top-section elementor-element elementor-element-c643e40 elementor-hidden-desktop elementor-section-boxed elementor-section-height-default elementor-section-height-default rt-parallax-bg-no\" data-id=\"c643e40\" data-element_type=\"section\" data-e-type=\"section\">\n\t\t\t\t\t\t<div class=\"elementor-container elementor-column-gap-default\">\n\t\t\t\t\t<div class=\"elementor-column elementor-col-100 elementor-top-column elementor-element elementor-element-1a31fb8\" data-id=\"1a31fb8\" data-element_type=\"column\" data-e-type=\"column\">\n\t\t\t<div class=\"elementor-widget-wrap elementor-element-populated\">\n\t\t\t\t\t\t<div class=\"elementor-element elementor-element-b2c9d36 elementor-invisible elementor-widget elementor-widget-rt-text-with-button\" data-id=\"b2c9d36\" data-element_type=\"widget\" data-e-type=\"widget\" data-widget_type=\"rt-text-with-button.default\">\n\t\t\t\t<div class=\"elementor-widget-container\">\n\t\t\t\t\t<div class=\"title-text-button barhide text-style1\">\n\t\t\t\t<div class=\"rtin-content hide fadeInUp\" data-wow-delay=\"1.6s\" data-wow-duration=\"1s\"><h2>The procedural steps are the following:<\/h2><\/div>\n\t<\/div>\t\t\t\t<\/div>\n\t\t\t\t<\/div>\n\t\t\t\t<div class=\"elementor-element elementor-element-672963a elementor-widget elementor-widget-rt-accordion\" data-id=\"672963a\" data-element_type=\"widget\" data-e-type=\"widget\" data-widget_type=\"rt-accordion.default\">\n\t\t\t\t<div class=\"elementor-widget-container\">\n\t\t\t\t\t<div id=\"rtaccordion-1\" class=\"rt-accordion rt-accordion-style-1\" >\r\n       <div class=\"accordion-item\">\r\n       <h2 class=\"accordion-header active\" id=\"rtaccordion-01\" >\r\n        <button class=\"accordion-button \" type=\"button\" data-bs-toggle=\"collapse\" data-bs-target=\"#rtaccordion-collapse-01\" aria-expanded=\"true\">\r\n            01            <\/button>\r\n       <\/h2>\r\n       <div id=\"rtaccordion-collapse-01\" class=\"accordion-collapse collapse show\" aria-labelledby=\"rtaccordion-01\" data-bs-parent=\"#rtaccordion-1\">\r\n            <div class=\"accordion-body\">\r\n              <p>In the learning process university offers consultancy, expertise and mentoring for the research, innovation and entrepreneurial skills for the students who are enrolled in a special program (more information about this here <strong><a href=\"http:\/\/antreprenoriat.upb.ro\/\" target=\"_blank\" rel=\"noopener\">Centrul de Antreprenoriat UPBIZZ<\/a><\/strong>);<\/p>            <\/div>\r\n        <\/div>\r\n   <\/div>\r\n       <div class=\"accordion-item\">\r\n       <h2 class=\"accordion-header \" id=\"rtaccordion-02\" >\r\n        <button class=\"accordion-button collapsed\" type=\"button\" data-bs-toggle=\"collapse\" data-bs-target=\"#rtaccordion-collapse-02\" aria-expanded=\"true\">\r\n            02            <\/button>\r\n       <\/h2>\r\n       <div id=\"rtaccordion-collapse-02\" class=\"accordion-collapse collapse \" aria-labelledby=\"rtaccordion-02\" data-bs-parent=\"#rtaccordion-1\">\r\n            <div class=\"accordion-body\">\r\n              <p>The results of the process are complete business plans made by students;<\/p>            <\/div>\r\n        <\/div>\r\n   <\/div>\r\n       <div class=\"accordion-item\">\r\n       <h2 class=\"accordion-header \" id=\"rtaccordion-03\" >\r\n        <button class=\"accordion-button collapsed\" type=\"button\" data-bs-toggle=\"collapse\" data-bs-target=\"#rtaccordion-collapse-03\" aria-expanded=\"true\">\r\n            03            <\/button>\r\n       <\/h2>\r\n       <div id=\"rtaccordion-collapse-03\" class=\"accordion-collapse collapse \" aria-labelledby=\"rtaccordion-03\" data-bs-parent=\"#rtaccordion-1\">\r\n            <div class=\"accordion-body\">\r\n              <p>We select the best of those who are related with our key domains, and publish in this section;<\/p>            <\/div>\r\n        <\/div>\r\n   <\/div>\r\n       <div class=\"accordion-item\">\r\n       <h2 class=\"accordion-header \" id=\"rtaccordion-04\" >\r\n        <button class=\"accordion-button collapsed\" type=\"button\" data-bs-toggle=\"collapse\" data-bs-target=\"#rtaccordion-collapse-04\" aria-expanded=\"true\">\r\n            04            <\/button>\r\n       <\/h2>\r\n       <div id=\"rtaccordion-collapse-04\" class=\"accordion-collapse collapse \" aria-labelledby=\"rtaccordion-04\" data-bs-parent=\"#rtaccordion-1\">\r\n            <div class=\"accordion-body\">\r\n              <p>After a business plan is published, our members and parteners have the opportunity to financing and become shareholders in the start-up;<\/p>            <\/div>\r\n        <\/div>\r\n   <\/div>\r\n    <\/div>\r\n\t\t\t\t<\/div>\n\t\t\t\t<\/div>\n\t\t\t\t\t<\/div>\n\t\t<\/div>\n\t\t\t\t\t<\/div>\n\t\t<\/section>\n\t\t\t\t<section class=\"elementor-section elementor-top-section elementor-element elementor-element-2867712 elementor-section-boxed elementor-section-height-default elementor-section-height-default rt-parallax-bg-no\" data-id=\"2867712\" data-element_type=\"section\" data-e-type=\"section\">\n\t\t\t\t\t\t<div class=\"elementor-container elementor-column-gap-default\">\n\t\t\t\t\t<div class=\"elementor-column elementor-col-100 elementor-top-column elementor-element elementor-element-b20fac2\" data-id=\"b20fac2\" data-element_type=\"column\" data-e-type=\"column\">\n\t\t\t<div class=\"elementor-widget-wrap elementor-element-populated\">\n\t\t\t\t\t\t<div class=\"elementor-element elementor-element-21c5018 elementor-widget elementor-widget-text-editor\" data-id=\"21c5018\" data-element_type=\"widget\" data-e-type=\"widget\" data-widget_type=\"text-editor.default\">\n\t\t\t\t<div class=\"elementor-widget-container\">\n\t\t\t\t\t\t\t\t\t<p>Nu exist\u0103 limite impuse \u00een ceea ce prive\u0219te valoarea finan\u021b\u0103rii sau a capitalului propriu \u00eemp\u0103r\u021bit investitorilor. Acestea vor fi stabilite prin negocieri directe \u00eentre proprietarul planului de afaceri \u0219i poten\u021bialul investitor. Personalul nostru poate media procesul dac\u0103 p\u0103r\u021bile cer acest lucru.<br \/><i class=\"far fa-envelope-open fa-custom-style\"><\/i>De asemenea, a\u0219tept\u0103m propuneri din partea membrilor \u0219i partenerilor no\u0219tri pentru domeniile specifice \u00een care doresc s\u0103 investeasc\u0103 la urm\u0103toarea adres\u0103 de e-mail: <span style=\"color: #184273;\"><b>citicluster@upb.ro<\/b><\/span><\/p><p>Aceast\u0103 ini\u021biativ\u0103 se afl\u0103 \u00een <b style=\"color: #184273;\">faza de dezvoltare<\/b>.<\/p>\t\t\t\t\t\t\t\t<\/div>\n\t\t\t\t<\/div>\n\t\t\t\t\t<\/div>\n\t\t<\/div>\n\t\t\t\t\t<\/div>\n\t\t<\/section>\n\t\t\t\t<\/div>\n\t\t","protected":false},"excerpt":{"rendered":"<p>Aceast\u0103 ini\u021biativ\u0103 este realizat\u0103 \u00een parteneriat cu membrul nostru fondator, Politehnica Bucure\u0219ti. Prin aceasta, dorim s\u0103 promov\u0103m cele mai bune planuri de afaceri realizate de c\u0103tre studen\u021bii de la Politehnica [&hellip;]<\/p>\n","protected":false},"author":43,"featured_media":0,"parent":0,"menu_order":0,"comment_status":"closed","ping_status":"closed","template":"","meta":{"footnotes":""},"class_list":["post-20088","page","type-page","status-publish","hentry"],"_links":{"self":[{"href":"https:\/\/citicluster.upb.ro\/ro\/wp-json\/wp\/v2\/pages\/20088","targetHints":{"allow":["GET"]}}],"collection":[{"href":"https:\/\/citicluster.upb.ro\/ro\/wp-json\/wp\/v2\/pages"}],"about":[{"href":"https:\/\/citicluster.upb.ro\/ro\/wp-json\/wp\/v2\/types\/page"}],"author":[{"embeddable":true,"href":"https:\/\/citicluster.upb.ro\/ro\/wp-json\/wp\/v2\/users\/43"}],"replies":[{"embeddable":true,"href":"https:\/\/citicluster.upb.ro\/ro\/wp-json\/wp\/v2\/comments?post=20088"}],"version-history":[{"count":36,"href":"https:\/\/citicluster.upb.ro\/ro\/wp-json\/wp\/v2\/pages\/20088\/revisions"}],"predecessor-version":[{"id":23361,"href":"https:\/\/citicluster.upb.ro\/ro\/wp-json\/wp\/v2\/pages\/20088\/revisions\/23361"}],"wp:attachment":[{"href":"https:\/\/citicluster.upb.ro\/ro\/wp-json\/wp\/v2\/media?parent=20088"}],"curies":[{"name":"wp","href":"https:\/\/api.w.org\/{rel}","templated":true}]}}