{"id":20133,"date":"2023-02-23T11:58:36","date_gmt":"2023-02-23T09:58:36","guid":{"rendered":"https:\/\/citicluster.upb.ro\/de-ce-sa-ni-te-alaturi\/"},"modified":"2024-06-10T10:30:49","modified_gmt":"2024-06-10T07:30:49","slug":"de-ce-sa-ni-te-alaturi","status":"publish","type":"page","link":"https:\/\/citicluster.upb.ro\/ro\/de-ce-sa-ni-te-alaturi\/","title":{"rendered":"De ce s\u0103 ni te al\u0103turi"},"content":{"rendered":"\t\t<div data-elementor-type=\"wp-page\" data-elementor-id=\"20133\" class=\"elementor elementor-20133 elementor-7777\">\n\t\t\t\t\t\t<section class=\"elementor-section elementor-top-section elementor-element elementor-element-4ec8102 elementor-section-boxed elementor-section-height-default elementor-section-height-default rt-parallax-bg-no\" data-id=\"4ec8102\" data-element_type=\"section\" data-e-type=\"section\">\n\t\t\t\t\t\t<div class=\"elementor-container elementor-column-gap-default\">\n\t\t\t\t\t<div class=\"elementor-column elementor-col-100 elementor-top-column elementor-element elementor-element-a5dfa50\" data-id=\"a5dfa50\" data-element_type=\"column\" data-e-type=\"column\">\n\t\t\t<div class=\"elementor-widget-wrap elementor-element-populated\">\n\t\t\t\t\t\t<div class=\"elementor-element elementor-element-acc8abb elementor-invisible elementor-widget elementor-widget-rt-title\" data-id=\"acc8abb\" data-element_type=\"widget\" data-e-type=\"widget\" data-widget_type=\"rt-title.default\">\n\t\t\t\t<div class=\"elementor-widget-container\">\n\t\t\t\t\t<div class=\"sec-title style1\">\n\t<div class=\"sec-title-holder\">\t\t\n\t\t\t\t\t\t<h2 class=\"rtin-title hide fadeInUp\" data-wow-delay=\"1.2s\" data-wow-duration=\"1s\">De ce s\u0103 ni te al\u0103turi?<\/h2>\n\t\t\t\t<div class=\"hide fadeInUp\" data-wow-delay=\"1.4s\" data-wow-duration=\"1s\">\n\t\t\t<span class=\"section-line section-line-one\"><\/span>\n\t\t\t<span class=\"section-line section-line-two\"><\/span>\n\t\t\t<span class=\"section-line section-line-three\"><\/span>\n\t\t<\/div>\n\t<\/div>\n<\/div>\n\t\t\t\t<\/div>\n\t\t\t\t<\/div>\n\t\t\t\t<section class=\"elementor-section elementor-inner-section elementor-element elementor-element-00adede elementor-section-boxed elementor-section-height-default elementor-section-height-default rt-parallax-bg-no\" data-id=\"00adede\" data-element_type=\"section\" data-e-type=\"section\">\n\t\t\t\t\t\t<div class=\"elementor-container elementor-column-gap-default\">\n\t\t\t\t\t<div class=\"elementor-column elementor-col-33 elementor-inner-column elementor-element elementor-element-115253f\" data-id=\"115253f\" data-element_type=\"column\" data-e-type=\"column\">\n\t\t\t<div class=\"elementor-widget-wrap elementor-element-populated\">\n\t\t\t\t\t\t<div class=\"elementor-element elementor-element-624b33e working_domains elementor-invisible elementor-widget elementor-widget-rt-info-box\" data-id=\"624b33e\" data-element_type=\"widget\" data-e-type=\"widget\" data-widget_type=\"rt-info-box.default\">\n\t\t\t\t<div class=\"elementor-widget-container\">\n\t\t\t\t\t<div class=\"info-box info-style8 hide fadeInUp\" data-wow-delay=\"1s\" data-wow-duration=\"1s\">\n\t<div class=\"info-overlay\"><\/div>\n\t<div class=\"rtin-item media-icon\">\n\t\t \t\n\t\t\t\t\t<span class=\"rtin-icon\"><img decoding=\"async\" src=\"https:\/\/citicluster.upb.ro\/wp-content\/uploads\/2023\/05\/apartment-svgrepo-com-1.svg\" alt=\"SVG Icon\"><\/span>\n\t\t\t\t\t\t\t\t<div class=\"rtin-text\">Organiza\u021bia dvs. va face parte dintr-o form\u0103 inovatoare de colaborare care caut\u0103 \u0219i valorific\u0103 alinierea tactic\u0103 \u0219i strategic\u0103 cu al\u021bi factori implica\u021bi \u00een lan\u021bul de valoare al conceptului de Smart City.<\/div>\t\t\n\t\t\t\t\n\t\t\t<\/div>\n<\/div>\t\t\t\t<\/div>\n\t\t\t\t<\/div>\n\t\t\t\t\t<\/div>\n\t\t<\/div>\n\t\t\t\t<div class=\"elementor-column elementor-col-33 elementor-inner-column elementor-element elementor-element-c7c148e\" data-id=\"c7c148e\" data-element_type=\"column\" data-e-type=\"column\">\n\t\t\t<div class=\"elementor-widget-wrap elementor-element-populated\">\n\t\t\t\t\t\t<div class=\"elementor-element elementor-element-634fefb working_domains elementor-invisible elementor-widget elementor-widget-rt-info-box\" data-id=\"634fefb\" data-element_type=\"widget\" data-e-type=\"widget\" data-widget_type=\"rt-info-box.default\">\n\t\t\t\t<div class=\"elementor-widget-container\">\n\t\t\t\t\t<div class=\"info-box info-style8 hide fadeInUp\" data-wow-delay=\"1s\" data-wow-duration=\"1s\">\n\t<div class=\"info-overlay\"><\/div>\n\t<div class=\"rtin-item media-icon\">\n\t\t \t\n\t\t\t\t\t<span class=\"rtin-icon\"><img decoding=\"async\" src=\"https:\/\/citicluster.upb.ro\/wp-content\/uploads\/2023\/05\/direction-right-location-svgrepo-com-1.svg\" alt=\"SVG Icon\"><\/span>\n\t\t\t\t\t\t\t\t<div class=\"rtin-text\">Ve\u021bi avea oportunitatea de a construi noi direc\u021bii de afaceri \u0219i de a crea sustenabilitate pentru organiza\u021bia dvs. \u0219i pentru regiunea \u00een care activa\u021bi.<\/div>\t\t\n\t\t\t\t\n\t\t\t<\/div>\n<\/div>\t\t\t\t<\/div>\n\t\t\t\t<\/div>\n\t\t\t\t\t<\/div>\n\t\t<\/div>\n\t\t\t\t<div class=\"elementor-column elementor-col-33 elementor-inner-column elementor-element elementor-element-c294dfb\" data-id=\"c294dfb\" data-element_type=\"column\" data-e-type=\"column\">\n\t\t\t<div class=\"elementor-widget-wrap elementor-element-populated\">\n\t\t\t\t\t\t<div class=\"elementor-element elementor-element-13b9ee4 working_domains elementor-invisible elementor-widget elementor-widget-rt-info-box\" data-id=\"13b9ee4\" data-element_type=\"widget\" data-e-type=\"widget\" data-widget_type=\"rt-info-box.default\">\n\t\t\t\t<div class=\"elementor-widget-container\">\n\t\t\t\t\t<div class=\"info-box info-style8 hide fadeInUp\" data-wow-delay=\"1s\" data-wow-duration=\"1s\">\n\t<div class=\"info-overlay\"><\/div>\n\t<div class=\"rtin-item media-icon\">\n\t\t \t\n\t\t\t\t\t<span class=\"rtin-icon\"><img decoding=\"async\" src=\"https:\/\/citicluster.upb.ro\/wp-content\/uploads\/2023\/05\/brain-illustration-12-svgrepo-com-2.svg\" alt=\"SVG Icon\"><\/span>\n\t\t\t\t\t\t\t\t<div class=\"rtin-text\">Toate acestea vor fi realizate \u00eentr-un mediu testat care va permite fiec\u0103rui membru s\u0103-\u0219i identifice \u0219i s\u0103-\u0219i satisfac\u0103 propriile interese, \u00eentr-un mod etic, \u00een rela\u021bie cu ceilal\u021bi parteneri.<\/div>\t\t\n\t\t\t\t\n\t\t\t<\/div>\n<\/div>\t\t\t\t<\/div>\n\t\t\t\t<\/div>\n\t\t\t\t\t<\/div>\n\t\t<\/div>\n\t\t\t\t\t<\/div>\n\t\t<\/section>\n\t\t\t\t<div class=\"elementor-element elementor-element-87c0c27 elementor-invisible elementor-widget elementor-widget-rt-title\" data-id=\"87c0c27\" data-element_type=\"widget\" data-e-type=\"widget\" data-widget_type=\"rt-title.default\">\n\t\t\t\t<div class=\"elementor-widget-container\">\n\t\t\t\t\t<div class=\"sec-title style1\">\n\t<div class=\"sec-title-holder\">\t\t\n\t\t\t\t\t\t<h2 class=\"rtin-title hide fadeInUp\" data-wow-delay=\"1.2s\" data-wow-duration=\"1s\">Cine poate deveni partener?<\/h2>\n\t\t\t\t<div class=\"hide fadeInUp\" data-wow-delay=\"1.4s\" data-wow-duration=\"1s\">\n\t\t\t<span class=\"section-line section-line-one\"><\/span>\n\t\t\t<span class=\"section-line section-line-two\"><\/span>\n\t\t\t<span class=\"section-line section-line-three\"><\/span>\n\t\t<\/div>\n\t<\/div>\n<\/div>\n\t\t\t\t<\/div>\n\t\t\t\t<\/div>\n\t\t\t\t<div class=\"elementor-element elementor-element-a425ac5 elementor-widget elementor-widget-text-editor\" data-id=\"a425ac5\" data-element_type=\"widget\" data-e-type=\"widget\" data-widget_type=\"text-editor.default\">\n\t\t\t\t<div class=\"elementor-widget-container\">\n\t\t\t\t\t\t\t\t\t<p>Parteneriatul \u00een clusterul nostru este deschis oric\u0103rei organiza\u021bii care opereaz\u0103 sau este interesat\u0103 de conceptele Smart City. Parteneriatul este \u00een prezent diferen\u021biat \u00een <b style=\"color: #222a6b;\">3 (trei) categorii principale <\/b><\/p>\n\t\t\t\t\t\t\t\t<\/div>\n\t\t\t\t<\/div>\n\t\t\t\t<section class=\"elementor-section elementor-inner-section elementor-element elementor-element-87634f2 elementor-section-boxed elementor-section-height-default elementor-section-height-default\" data-id=\"87634f2\" data-element_type=\"section\" data-e-type=\"section\" data-settings=\"{&quot;animation&quot;:&quot;none&quot;}\">\n\t\t\t\t\t\t<div class=\"elementor-container elementor-column-gap-default\">\n\t\t\t\t\t<div class=\"elementor-column elementor-col-33 elementor-inner-column elementor-element elementor-element-23879b6\" data-id=\"23879b6\" data-element_type=\"column\" data-e-type=\"column\">\n\t\t\t<div class=\"elementor-widget-wrap elementor-element-populated\">\n\t\t\t\t\t\t<div class=\"elementor-element elementor-element-4128e24 working_domains elementor-invisible elementor-widget elementor-widget-rt-info-box\" data-id=\"4128e24\" data-element_type=\"widget\" data-e-type=\"widget\" data-widget_type=\"rt-info-box.default\">\n\t\t\t\t<div class=\"elementor-widget-container\">\n\t\t\t\t\t<div class=\"info-box info-style8 hide fadeInUp\" data-wow-delay=\"1s\" data-wow-duration=\"1s\">\n\t<div class=\"info-overlay\"><\/div>\n\t<div class=\"rtin-item media-icon\">\n\t\t \t\n\t\t\t\t\t<span class=\"rtin-icon\"><i class=\"far fa-building\"><\/i><\/span>\n\t\t\t\t\t\t\t\t<h3 class=\"rtin-title\">Companii private<\/h3>\n\t\t\t\t\n\t\t\t<\/div>\n<\/div>\t\t\t\t<\/div>\n\t\t\t\t<\/div>\n\t\t\t\t\t<\/div>\n\t\t<\/div>\n\t\t\t\t<div class=\"elementor-column elementor-col-33 elementor-inner-column elementor-element elementor-element-7bb2cd1\" data-id=\"7bb2cd1\" data-element_type=\"column\" data-e-type=\"column\">\n\t\t\t<div class=\"elementor-widget-wrap elementor-element-populated\">\n\t\t\t\t\t\t<div class=\"elementor-element elementor-element-e9c671f working_domains elementor-invisible elementor-widget elementor-widget-rt-info-box\" data-id=\"e9c671f\" data-element_type=\"widget\" data-e-type=\"widget\" data-widget_type=\"rt-info-box.default\">\n\t\t\t\t<div class=\"elementor-widget-container\">\n\t\t\t\t\t<div class=\"info-box info-style8 hide fadeInUp\" data-wow-delay=\"1s\" data-wow-duration=\"1s\">\n\t<div class=\"info-overlay\"><\/div>\n\t<div class=\"rtin-item media-icon\">\n\t\t \t\n\t\t\t\t\t<span class=\"rtin-icon\"><i class=\"fas fa-people-arrows\"><\/i><\/span>\n\t\t\t\t\t\t\t\t<h3 class=\"rtin-title\">Organiza\u021bii catalizatoare<\/h3>\n\t\t\t\t<div class=\"rtin-text\">autorit\u0103\u021bi publice (na\u021bionale, regionale \u0219i locale), ONG-uri \u0219i alte organiza\u021bii<\/div>\t\t\n\t\t\t\t\n\t\t\t<\/div>\n<\/div>\t\t\t\t<\/div>\n\t\t\t\t<\/div>\n\t\t\t\t\t<\/div>\n\t\t<\/div>\n\t\t\t\t<div class=\"elementor-column elementor-col-33 elementor-inner-column elementor-element elementor-element-ef59588\" data-id=\"ef59588\" data-element_type=\"column\" data-e-type=\"column\">\n\t\t\t<div class=\"elementor-widget-wrap elementor-element-populated\">\n\t\t\t\t\t\t<div class=\"elementor-element elementor-element-8858c1e working_domains elementor-invisible elementor-widget elementor-widget-rt-info-box\" data-id=\"8858c1e\" data-element_type=\"widget\" data-e-type=\"widget\" data-widget_type=\"rt-info-box.default\">\n\t\t\t\t<div class=\"elementor-widget-container\">\n\t\t\t\t\t<div class=\"info-box info-style8 hide fadeInUp\" data-wow-delay=\"1s\" data-wow-duration=\"1s\">\n\t<div class=\"info-overlay\"><\/div>\n\t<div class=\"rtin-item media-icon\">\n\t\t \t\n\t\t\t\t\t<span class=\"rtin-icon\"><i class=\"fas fa-university\"><\/i><\/span>\n\t\t\t\t\t\t\t\t<h3 class=\"rtin-title\">Universit\u0103\u021bi &amp; RDI<\/h3>\n\t\t\t\t\n\t\t\t<\/div>\n<\/div>\t\t\t\t<\/div>\n\t\t\t\t<\/div>\n\t\t\t\t\t<\/div>\n\t\t<\/div>\n\t\t\t\t\t<\/div>\n\t\t<\/section>\n\t\t\t\t<div class=\"elementor-element elementor-element-e27d49f elementor-invisible elementor-widget elementor-widget-rt-title\" data-id=\"e27d49f\" data-element_type=\"widget\" data-e-type=\"widget\" data-widget_type=\"rt-title.default\">\n\t\t\t\t<div class=\"elementor-widget-container\">\n\t\t\t\t\t<div class=\"sec-title style1\">\n\t<div class=\"sec-title-holder\">\t\t\n\t\t\t\t\t\t<h2 class=\"rtin-title hide fadeInUp\" data-wow-delay=\"1.2s\" data-wow-duration=\"1s\">Beneficiile cuantificabile sunt urm\u0103toarele<\/h2>\n\t\t\t\t<div class=\"hide fadeInUp\" data-wow-delay=\"1.4s\" data-wow-duration=\"1s\">\n\t\t\t<span class=\"section-line section-line-one\"><\/span>\n\t\t\t<span class=\"section-line section-line-two\"><\/span>\n\t\t\t<span class=\"section-line section-line-three\"><\/span>\n\t\t<\/div>\n\t<\/div>\n<\/div>\n\t\t\t\t<\/div>\n\t\t\t\t<\/div>\n\t\t\t\t\t<\/div>\n\t\t<\/div>\n\t\t\t\t\t<\/div>\n\t\t<\/section>\n\t\t\t\t<section class=\"elementor-section elementor-top-section elementor-element elementor-element-bc07258 elementor-section-boxed elementor-section-height-default elementor-section-height-default rt-parallax-bg-no\" data-id=\"bc07258\" data-element_type=\"section\" data-e-type=\"section\">\n\t\t\t\t\t\t<div class=\"elementor-container elementor-column-gap-default\">\n\t\t\t\t\t<div class=\"elementor-column elementor-col-100 elementor-top-column elementor-element elementor-element-eea057d\" data-id=\"eea057d\" data-element_type=\"column\" data-e-type=\"column\">\n\t\t\t<div class=\"elementor-widget-wrap elementor-element-populated\">\n\t\t\t\t\t\t<div class=\"elementor-element elementor-element-85afe03 elementor-widget elementor-widget-rt-accordion\" data-id=\"85afe03\" data-element_type=\"widget\" data-e-type=\"widget\" data-widget_type=\"rt-accordion.default\">\n\t\t\t\t<div class=\"elementor-widget-container\">\n\t\t\t\t\t<div id=\"rtaccordion-1\" class=\"rt-accordion rt-accordion-style-1\" >\r\n       <div class=\"accordion-item\">\r\n       <h2 class=\"accordion-header active\" id=\"rtaccordion-marketing\" >\r\n        <button class=\"accordion-button \" type=\"button\" data-bs-toggle=\"collapse\" data-bs-target=\"#rtaccordion-collapse-marketing\" aria-expanded=\"true\">\r\n            Marketing            <\/button>\r\n       <\/h2>\r\n       <div id=\"rtaccordion-collapse-marketing\" class=\"accordion-collapse collapse show\" aria-labelledby=\"rtaccordion-marketing\" data-bs-parent=\"#rtaccordion-1\">\r\n            <div class=\"accordion-body\">\r\n              <h4 class=\"elementor-heading-title elementor-size-default\" style=\"margin-bottom: 0px\">Oportunitatea de a promova entitatea, serviciile \u0219i produsele prin intermediul instrumentelor \u0219i evenimentelor noastre:\u200b<\/h4><ul><li>Revista Smart<\/li><li>Buletine informative dedicate factorilor de decizie din administra\u021bia local\u0103 \u0219i central\u0103<\/li><li>Conferin\u021be \u021bintite<\/li><li>Utilizarea imaginii clusterului, \u00een anumite circumstan\u021be, pentru diverse proiecte\/opera\u021biuni la care participa\u021bi<\/li><li>Utilizarea brandului clusterului, \u00een anumite circumstan\u021be, pentru promovarea produselor \u0219i serviciilor dvs.<\/li><li>Prezen\u021ba pe site-ul nostru \u0219i pe platformele de social media<\/li><li>Posibilitatea de a sus\u021bine prezent\u0103ri \u00een evenimentele organizate de clusterul nostru sau \u00een care clusterul este implicat<\/li><li>Posibilitatea de a reprezenta clusterul \u00een diferite evenimente cu delega\u021bie expres\u0103 din partea conducerii noastre<\/li><\/ul>            <\/div>\r\n        <\/div>\r\n   <\/div>\r\n       <div class=\"accordion-item\">\r\n       <h2 class=\"accordion-header \" id=\"rtaccordion-identificareparteneriate\" >\r\n        <button class=\"accordion-button collapsed\" type=\"button\" data-bs-toggle=\"collapse\" data-bs-target=\"#rtaccordion-collapse-identificareparteneriate\" aria-expanded=\"true\">\r\n            Identificare parteneriate            <\/button>\r\n       <\/h2>\r\n       <div id=\"rtaccordion-collapse-identificareparteneriate\" class=\"accordion-collapse collapse \" aria-labelledby=\"rtaccordion-identificareparteneriate\" data-bs-parent=\"#rtaccordion-1\">\r\n            <div class=\"accordion-body\">\r\n              <h4 class=\"elementor-heading-title elementor-size-default\" style=\"margin-bottom: 0px\">Posibilitatea de a g\u0103si diferi\u021bi parteneri pentru diverse oportunit\u0103\u021bi:\u200b<\/h4><ul><li>Parteneri comerciali<\/li><li>Parteneri pentru proiectele institu\u021biei<\/li><li>Parteneri pentru dezvoltare \u0219i cercetare<\/li><li>Participare \u00een diferite proiecte cu finan\u021bare extern\u0103, cum ar fi apelurile finan\u021bate de UE \u0219i na\u021bionale<\/li><li>Posibilitatea de a ini\u021bia sau de a face parte din grupuri de lucru<\/li><li>Posibilitatea ca grupurile de lucru s\u0103 se transforme \u00een proiecte interne finan\u021bate pentru dezvoltarea de servicii \u0219i produse inteligente.<\/li><\/ul><p>Ve\u021bi beneficia de know-how-ul, expertiza \u0219i capacitatea de testare a partenerilor no\u0219tri CDI \u0219i Catalyst, la bugete echitabile.<\/p>            <\/div>\r\n        <\/div>\r\n   <\/div>\r\n       <div class=\"accordion-item\">\r\n       <h2 class=\"accordion-header \" id=\"rtaccordion-accesullainforma\u021bii\" >\r\n        <button class=\"accordion-button collapsed\" type=\"button\" data-bs-toggle=\"collapse\" data-bs-target=\"#rtaccordion-collapse-accesullainforma\u021bii\" aria-expanded=\"true\">\r\n            Accesul la informa\u021bii            <\/button>\r\n       <\/h2>\r\n       <div id=\"rtaccordion-collapse-accesullainforma\u021bii\" class=\"accordion-collapse collapse \" aria-labelledby=\"rtaccordion-accesullainforma\u021bii\" data-bs-parent=\"#rtaccordion-1\">\r\n            <div class=\"accordion-body\">\r\n              <ul><li style=\"margin-bottom: 0px\">Ve\u021bi fi anun\u021bat cu prioritate despre fiecare ini\u021biativ\u0103, eveniment sau oportunitate \u00een care este implicat clusterul nostru.<\/li><\/ul>            <\/div>\r\n        <\/div>\r\n   <\/div>\r\n       <div class=\"accordion-item\">\r\n       <h2 class=\"accordion-header \" id=\"rtaccordion-acceslaresurse\" >\r\n        <button class=\"accordion-button collapsed\" type=\"button\" data-bs-toggle=\"collapse\" data-bs-target=\"#rtaccordion-collapse-acceslaresurse\" aria-expanded=\"true\">\r\n            Acces la resurse            <\/button>\r\n       <\/h2>\r\n       <div id=\"rtaccordion-collapse-acceslaresurse\" class=\"accordion-collapse collapse \" aria-labelledby=\"rtaccordion-acceslaresurse\" data-bs-parent=\"#rtaccordion-1\">\r\n            <div class=\"accordion-body\">\r\n              <h4 class=\"elementor-heading-title elementor-size-default\" style=\"margin-bottom: 0px\">Pia\u021ba\u200b\u200b<\/h4><ul><li>O platform\u0103 unde pute\u021bi \u00eemp\u0103rt\u0103\u0219i sau g\u0103si resurse, printre to\u021bi ceilal\u021bi membri \u0219i parteneri, cum ar fi exper\u021bi, produse, servicii \u0219i know-how.<\/li><\/ul><h4 class=\"elementor-heading-title elementor-size-default\" style=\"margin: 0px 0px 0px 0px\">Facilit\u0103\u021bi de \u00eenv\u0103\u021bare\u200b\u200b<\/h4><ul><li>Angaja\u021bii dvs. vor avea ocazia s\u0103 participe la evenimente de formare \u00een domeniile de interes ale clusterului.<\/li><li>Va exista o reducere de taxe de 30% fa\u021b\u0103 de costurile standard.<\/li><li>Temele vor fi stabilite \u00een conformitate cu nevoile exprimate ale partenerilor no\u0219tri.<\/li><\/ul><h4 class=\"elementor-heading-title elementor-size-default\" style=\"margin-bottom: 0px\">Oportunit\u0103\u021bi de investi\u021bii\u200b<\/h4><ul><li>Ve\u021bi avea acces la cele mai bune planuri de afaceri generate \u0219i selectate de c\u0103tre Politehnica Bucure\u0219ti printr-un proces complex de mentorat \u0219i \u00eenv\u0103\u021bare.<\/li><\/ul><h4 class=\"elementor-heading-title elementor-size-default\" style=\"margin-bottom: 0px\">Identificarea resurselor umane\u200b<\/h4><ul><li>O platform\u0103 unde pute\u021bi transmite 2 descrieri ale locurilor de munc\u0103 \u0219i cerin\u021bele aferente pe an.<\/li><li>Vom \u00eencerca s\u0103 g\u0103sim cele mai bune 10 CV-uri \u00een maxim 30 de zile.<\/li><\/ul>            <\/div>\r\n        <\/div>\r\n   <\/div>\r\n    <\/div>\r\n\t\t\t\t<\/div>\n\t\t\t\t<\/div>\n\t\t\t\t\t<\/div>\n\t\t<\/div>\n\t\t\t\t\t<\/div>\n\t\t<\/section>\n\t\t\t\t<\/div>\n\t\t","protected":false},"excerpt":{"rendered":"<p>De ce s\u0103 ni te al\u0103turi? Organiza\u021bia dvs. va face parte dintr-o form\u0103 inovatoare de colaborare care caut\u0103 \u0219i valorific\u0103 alinierea tactic\u0103 \u0219i strategic\u0103 cu al\u021bi factori implica\u021bi \u00een lan\u021bul [&hellip;]<\/p>\n","protected":false},"author":43,"featured_media":0,"parent":0,"menu_order":0,"comment_status":"closed","ping_status":"closed","template":"","meta":{"footnotes":""},"class_list":["post-20133","page","type-page","status-publish","hentry"],"_links":{"self":[{"href":"https:\/\/citicluster.upb.ro\/ro\/wp-json\/wp\/v2\/pages\/20133","targetHints":{"allow":["GET"]}}],"collection":[{"href":"https:\/\/citicluster.upb.ro\/ro\/wp-json\/wp\/v2\/pages"}],"about":[{"href":"https:\/\/citicluster.upb.ro\/ro\/wp-json\/wp\/v2\/types\/page"}],"author":[{"embeddable":true,"href":"https:\/\/citicluster.upb.ro\/ro\/wp-json\/wp\/v2\/users\/43"}],"replies":[{"embeddable":true,"href":"https:\/\/citicluster.upb.ro\/ro\/wp-json\/wp\/v2\/comments?post=20133"}],"version-history":[{"count":116,"href":"https:\/\/citicluster.upb.ro\/ro\/wp-json\/wp\/v2\/pages\/20133\/revisions"}],"predecessor-version":[{"id":28605,"href":"https:\/\/citicluster.upb.ro\/ro\/wp-json\/wp\/v2\/pages\/20133\/revisions\/28605"}],"wp:attachment":[{"href":"https:\/\/citicluster.upb.ro\/ro\/wp-json\/wp\/v2\/media?parent=20133"}],"curies":[{"name":"wp","href":"https:\/\/api.w.org\/{rel}","templated":true}]}}