{"id":26826,"date":"2025-07-14T18:24:29","date_gmt":"2025-07-14T15:24:29","guid":{"rendered":"https:\/\/citicluster.upb.ro\/?page_id=26826"},"modified":"2025-07-14T19:13:23","modified_gmt":"2025-07-14T16:13:23","slug":"smart-city-highlights-2025-pre-registration","status":"publish","type":"page","link":"https:\/\/citicluster.upb.ro\/ro\/smart-city-highlights-2025-pre-registration\/","title":{"rendered":"Smart City Highlights 2025 Pre\u00eenregistrare"},"content":{"rendered":"\t\t<div data-elementor-type=\"wp-page\" data-elementor-id=\"26826\" class=\"elementor elementor-26826 elementor-26824\">\n\t\t\t\t\t\t<section class=\"elementor-section elementor-top-section elementor-element elementor-element-62c487b elementor-section-boxed elementor-section-height-default elementor-section-height-default rt-parallax-bg-no\" data-id=\"62c487b\" data-element_type=\"section\" data-e-type=\"section\">\n\t\t\t\t\t\t<div class=\"elementor-container elementor-column-gap-default\">\n\t\t\t\t\t<div class=\"elementor-column elementor-col-100 elementor-top-column elementor-element elementor-element-545356d\" data-id=\"545356d\" data-element_type=\"column\" data-e-type=\"column\">\n\t\t\t<div class=\"elementor-widget-wrap elementor-element-populated\">\n\t\t\t\t\t\t<div class=\"elementor-element elementor-element-6657d62 fluent-form-widget-step-header-yes fluent-form-widget-step-progressbar-yes fluentform-widget-submit-button-custom elementor-widget elementor-widget-fluent-form-widget\" data-id=\"6657d62\" data-element_type=\"widget\" data-e-type=\"widget\" data-widget_type=\"fluent-form-widget.default\">\n\t\t\t\t<div class=\"elementor-widget-container\">\n\t\t\t\t\t\n            <div class=\"fluentform-widget-wrapper fluentform-widget-align-default\">\n\n            \n            <div class='fluentform ff-default fluentform_wrapper_53 ffs_default_wrap'><form data-form_id=\"53\" id=\"fluentform_53\" class=\"frm-fluent-form fluent_form_53 ff-el-form-top ff_form_instance_53_1 ff-form-loading ffs_default\" data-form_instance=\"ff_form_instance_53_1\" method=\"POST\" ><fieldset  style=\"border: none!important;margin: 0!important;padding: 0!important;background-color: transparent!important;box-shadow: none!important;outline: none!important; min-inline-size: 100%;\">\n                    <legend class=\"ff_screen_reader_title\" style=\"display: block; margin: 0!important;padding: 0!important;height: 0!important;text-indent: -999999px;width: 0!important;overflow:hidden;\">Smart City Highlights 2025 Pre\u00eenregistrare<\/legend><input type='hidden' name='__fluent_form_embded_post_id' value='26826' \/><input type=\"hidden\" id=\"_fluentform_53_fluentformnonce\" name=\"_fluentform_53_fluentformnonce\" value=\"1e4f4cc686\" \/><input type=\"hidden\" name=\"_wp_http_referer\" value=\"\/ro\/wp-json\/wp\/v2\/pages\/26826\" \/><div data-type=\"name-element\" data-name=\"names\" class=\" ff-field_container ff-name-field-wrapper\" ><div class='ff-t-container'><div class='ff-t-cell '><div class='ff-el-group ff-el-form-top'><div class=\"ff-el-input--label ff-el-is-required asterisk-right\"><label for='ff_53_names_first_name_' id='label_ff_53_names_first_name_' >Prenume<\/label><\/div><div class='ff-el-input--content'><input type=\"text\" name=\"names[first_name]\" id=\"ff_53_names_first_name_\" class=\"ff-el-form-control\" placeholder=\"Introduce\u021bi prenumele\" aria-invalid=\"false\" aria-required=true><\/div><\/div><\/div><div class='ff-t-cell '><div class='ff-el-group ff-el-form-top'><div class=\"ff-el-input--label ff-el-is-required asterisk-right\"><label for='ff_53_names_last_name_' id='label_ff_53_names_last_name_' >Nume<\/label><\/div><div class='ff-el-input--content'><input type=\"text\" name=\"names[last_name]\" id=\"ff_53_names_last_name_\" class=\"ff-el-form-control\" placeholder=\"Introduce\u021bi numele\" aria-invalid=\"false\" aria-required=true><\/div><\/div><\/div><\/div><\/div><div data-name=\"ff_cn_id_1\"  class='ff-t-container ff-column-container ff_columns_total_2 '><div class='ff-t-cell ff-t-column-1' style='flex-basis: 50%;'><div class='ff-el-group'><div class=\"ff-el-input--label ff-el-is-required asterisk-right\"><label for='ff_53_input_text' id='label_ff_53_input_text' aria-label=\"Func\u021bie\">Func\u021bie<\/label><\/div><div class='ff-el-input--content'><input type=\"text\" name=\"input_text\" class=\"ff-el-form-control\" placeholder=\"Denumire post\" data-name=\"input_text\" id=\"ff_53_input_text\"  aria-invalid=\"false\" aria-required=true><\/div><\/div><\/div><div class='ff-t-cell ff-t-column-2' style='flex-basis: 50%;'><div class='ff-el-group'><div class=\"ff-el-input--label ff-el-is-required asterisk-right\"><label for='ff_53_input_text_1' id='label_ff_53_input_text_1' aria-label=\"Institu\u021bie\">Institu\u021bie<\/label><\/div><div class='ff-el-input--content'><input type=\"text\" name=\"input_text_1\" class=\"ff-el-form-control\" placeholder=\"Organiza\u021bie\" data-name=\"input_text_1\" id=\"ff_53_input_text_1\"  aria-invalid=\"false\" aria-required=true><\/div><\/div><\/div><\/div><div data-name=\"ff_cn_id_2\"  class='ff-t-container ff-column-container ff_columns_total_2 '><div class='ff-t-cell ff-t-column-1' style='flex-basis: 50%;'><div class='ff-el-group'><div class=\"ff-el-input--label ff-el-is-required asterisk-right\"><label for='ff_53_email' id='label_ff_53_email' aria-label=\"Email\">Email<\/label><\/div><div class='ff-el-input--content'><input type=\"email\" name=\"email\" id=\"ff_53_email\" class=\"ff-el-form-control\" placeholder=\"Adres\u0103 de email\" data-name=\"email\"  aria-invalid=\"false\" aria-required=true><\/div><\/div><\/div><div class='ff-t-cell ff-t-column-2' style='flex-basis: 50%;'><div class='ff-el-group'><div class=\"ff-el-input--label ff-el-is-required asterisk-right\"><label for='ff_53_phone' id='label_ff_53_phone' aria-label=\"Telefon\">Telefon<\/label><\/div><div class='ff-el-input--content'><input name=\"phone\" class=\"ff-el-form-control ff-el-phone\" type=\"tel\" placeholder=\"Num\u0103r de telefon mobil\" data-name=\"phone\" id=\"ff_53_phone\" inputmode=\"tel\"  aria-invalid='false' aria-required=true><\/div><\/div><\/div><\/div><div class='ff-el-group custom_fluent_forms_radio'><div class=\"ff-el-input--label ff-el-is-required asterisk-right\"><label   aria-label=\"Zilele \u00een care dori\u021bi s\u0103 participa\u021bi\">Zilele \u00een care dori\u021bi s\u0103 participa\u021bi<\/label><\/div><div class='ff-el-input--content'><div class='ff-el-form-check ff-el-form-check-'><label class='ff-el-form-check-label' for='input_radio_88b7eeb2abf16f5888464a84d15a4c07'><input  type=\"radio\" name=\"input_radio\" data-name=\"input_radio\" class=\"ff-el-form-check-input ff-el-form-check-radio\" value=\"Ziua 1 \u2013 7 octombrie 2025\"  id='input_radio_88b7eeb2abf16f5888464a84d15a4c07' aria-label='Ziua 1 \u2013 7 octombrie 2025' aria-invalid='false' aria-required=true> <span>Ziua 1 \u2013 7 octombrie 2025<\/span><\/label><\/div><div class='ff-el-form-check ff-el-form-check-'><label class='ff-el-form-check-label' for='input_radio_4843af06c9ae11c738ea86bfdb89d3a0'><input  type=\"radio\" name=\"input_radio\" data-name=\"input_radio\" class=\"ff-el-form-check-input ff-el-form-check-radio\" value=\"Ziua 2 \u2013 8 octombrie 2025\"  id='input_radio_4843af06c9ae11c738ea86bfdb89d3a0' aria-label='Ziua 2 \u2013 8 octombrie 2025' aria-invalid='false' aria-required=true> <span>Ziua 2 \u2013 8 octombrie 2025<\/span><\/label><\/div><div class='ff-el-form-check ff-el-form-check-'><label class='ff-el-form-check-label' for='input_radio_2780f5a05f9ba614fc745adb93e0f3f6'><input  type=\"radio\" name=\"input_radio\" data-name=\"input_radio\" class=\"ff-el-form-check-input ff-el-form-check-radio\" value=\"Ambele zile\"  id='input_radio_2780f5a05f9ba614fc745adb93e0f3f6' aria-label='Ambele zile' aria-invalid='false' aria-required=true> <span>Ambele zile<\/span><\/label><\/div><\/div><\/div><div class='ff-el-group custom_fluent_forms_radio'><div class=\"ff-el-input--label ff-el-is-required asterisk-right\"><label   aria-label=\"V\u0103 dori\u021bi s\u0103 participa\u021bi la workshop-uri, \u00een intervalul orar 10.00-13.00?\">V\u0103 dori\u021bi s\u0103 participa\u021bi la workshop-uri, \u00een intervalul orar 10.00-13.00?<\/label><\/div><div class='ff-el-input--content'><div class='ff-el-form-check ff-el-form-check-'><label class='ff-el-form-check-label' for='input_radio_1_18690a6c61d45ab19bf9e879f7f1aafa'><input  type=\"radio\" name=\"input_radio_1\" data-name=\"input_radio_1\" class=\"ff-el-form-check-input ff-el-form-check-radio\" value=\"Da\"  id='input_radio_1_18690a6c61d45ab19bf9e879f7f1aafa' aria-label='Da' aria-invalid='false' aria-required=true> <span>Da<\/span><\/label><\/div><div class='ff-el-form-check ff-el-form-check-'><label class='ff-el-form-check-label' for='input_radio_1_4c308221092eaa4910f11a3a134ddd13'><input  type=\"radio\" name=\"input_radio_1\" data-name=\"input_radio_1\" class=\"ff-el-form-check-input ff-el-form-check-radio\" value=\"Nu\"  id='input_radio_1_4c308221092eaa4910f11a3a134ddd13' aria-label='Nu' aria-invalid='false' aria-required=true> <span>Nu<\/span><\/label><\/div><\/div><\/div><div class='ff-el-group custom_fluent_forms_radio'><div class=\"ff-el-input--label ff-el-is-required asterisk-right\"><label   aria-label=\"V\u0103 dori\u021bi s\u0103 participa\u021bi la conferin\u021b\u0103, \u00een intervalul orar 14.00-16.30?\">V\u0103 dori\u021bi s\u0103 participa\u021bi la conferin\u021b\u0103, \u00een intervalul orar 14.00-16.30?<\/label><\/div><div class='ff-el-input--content'><div class='ff-el-form-check ff-el-form-check-'><label class='ff-el-form-check-label' for='input_radio_2_97b3ae2179c8607075faabb777eaa5cb'><input  type=\"radio\" name=\"input_radio_2\" data-name=\"input_radio_2\" class=\"ff-el-form-check-input ff-el-form-check-radio\" value=\"Da\"  id='input_radio_2_97b3ae2179c8607075faabb777eaa5cb' aria-label='Da' aria-invalid='false' aria-required=true> <span>Da<\/span><\/label><\/div><div class='ff-el-form-check ff-el-form-check-'><label class='ff-el-form-check-label' for='input_radio_2_0b7d3613afb8700bedd0cd7e0017113c'><input  type=\"radio\" name=\"input_radio_2\" data-name=\"input_radio_2\" class=\"ff-el-form-check-input ff-el-form-check-radio\" value=\"Nu\"  id='input_radio_2_0b7d3613afb8700bedd0cd7e0017113c' aria-label='Nu' aria-invalid='false' aria-required=true> <span>Nu<\/span><\/label><\/div><\/div><\/div><div class='ff-el-group    ff-el-input--content'><div class='ff-el-form-check ff-el-tc'><label aria-label='Sunt de acord ca datele mele s\u0103 fie stocate \u0219i utilizate pentru gestionarea pre\u00eenregistr\u0103rii \u0219i comunic\u0103rii legate de eveniment.' class='ff-el-form-check-label ff_tc_label' for=terms-n-condition_2e1c08b384f815ff49d5c009ffac9417><span class='ff_tc_checkbox'><input type=\"checkbox\" name=\"terms-n-condition\" class=\"ff-el-form-check-input\" data-name=\"terms-n-condition\" id=\"terms-n-condition_2e1c08b384f815ff49d5c009ffac9417\"  value='on' aria-invalid='false' aria-required=true><\/span> <div class='ff_t_c'><p>Sunt de acord ca datele mele s\u0103 fie stocate \u0219i utilizate pentru gestionarea pre\u00eenregistr\u0103rii \u0219i comunic\u0103rii legate de eveniment.<\/p><\/div><\/label><\/div><\/div><div class='ff-el-group    ff-el-input--content'><div class='ff-el-form-check ff-el-tc'><label aria-label='Sunt de acord s\u0103 primesc comunic\u0103ri prin email privind activit\u0103\u021bile \u0219i nout\u0103\u021bile CITI Cluster.' class='ff-el-form-check-label ff_tc_label' for=terms-n-condition_1_462e8c67346b8befbeafeae3d2eff2b6><span class='ff_tc_checkbox'><input type=\"checkbox\" name=\"terms-n-condition_1\" class=\"ff-el-form-check-input\" data-name=\"terms-n-condition_1\" id=\"terms-n-condition_1_462e8c67346b8befbeafeae3d2eff2b6\"  value='on' aria-invalid='false' aria-required=true><\/span> <div class='ff_t_c'><p>Sunt de acord s\u0103 primesc comunic\u0103ri prin email privind activit\u0103\u021bile \u0219i nout\u0103\u021bile CITI Cluster.<\/p><\/div><\/label><\/div><\/div><div class='ff-el-group ff-text-left ff_submit_btn_wrapper'><button type=\"submit\" class=\"ff-btn ff-btn-submit ff-btn-md custom_fluent_forms_button ff_btn_style\"  aria-label=\"Trimite Formular\">Trimite Formular<\/button><\/div><\/fieldset><\/form><div id='fluentform_53_errors' class='ff-errors-in-stack ff_form_instance_53_1 ff-form-loading_errors ff_form_instance_53_1_errors'><\/div><\/div>            <script type=\"text\/javascript\">\n                window.fluent_form_ff_form_instance_53_1 = {\"id\":\"53\",\"settings\":{\"layout\":{\"labelPlacement\":\"top\",\"helpMessagePlacement\":\"with_label\",\"errorMessagePlacement\":\"inline\",\"cssClassName\":\"\",\"asteriskPlacement\":\"asterisk-right\"},\"restrictions\":{\"denyEmptySubmission\":{\"enabled\":false}}},\"form_instance\":\"ff_form_instance_53_1\",\"form_id_selector\":\"fluentform_53\",\"rules\":{\"names[first_name]\":{\"required\":{\"value\":true,\"message\":\"This field is required\",\"global_message\":\"This field is required\",\"global\":true}},\"names[middle_name]\":{\"required\":{\"value\":false,\"message\":\"This field is required\",\"global_message\":\"This field is required\",\"global\":true}},\"names[last_name]\":{\"required\":{\"value\":true,\"message\":\"This field is required\",\"global_message\":\"This field is required\",\"global\":true}},\"input_text\":{\"required\":{\"value\":true,\"message\":\"This field is required\",\"global_message\":\"This field is required\",\"global\":true}},\"input_text_1\":{\"required\":{\"value\":true,\"message\":\"This field is required\",\"global_message\":\"This field is required\",\"global\":true}},\"email\":{\"required\":{\"value\":true,\"message\":\"This field is required\",\"global_message\":\"This field is required\",\"global\":true},\"email\":{\"value\":true,\"message\":\"This field must contain a valid email\",\"global_message\":\"This field must contain a valid email\",\"global\":true}},\"phone\":{\"required\":{\"value\":true,\"global\":true,\"message\":\"This field is required\",\"global_message\":\"This field is required\"},\"valid_phone_number\":{\"value\":false,\"global\":true,\"message\":\"Phone number is not valid\",\"global_message\":\"Phone number is not valid\"}},\"input_radio\":{\"required\":{\"value\":true,\"message\":\"This field is required\",\"global_message\":\"This field is required\",\"global\":true}},\"input_radio_1\":{\"required\":{\"value\":true,\"message\":\"This field is required\",\"global_message\":\"This field is required\",\"global\":true}},\"input_radio_2\":{\"required\":{\"value\":true,\"message\":\"This field is required\",\"global_message\":\"This field is required\",\"global\":true}},\"terms-n-condition\":{\"required\":{\"value\":true,\"message\":\"This field is required\",\"global_message\":\"This field is required\",\"global\":true}},\"terms-n-condition_1\":{\"required\":{\"value\":true,\"message\":\"This field is required\",\"global_message\":\"This field is required\",\"global\":true}}},\"debounce_time\":300};\n                            <\/script>\n                        <\/div>\n\n            \t\t\t\t<\/div>\n\t\t\t\t<\/div>\n\t\t\t\t\t<\/div>\n\t\t<\/div>\n\t\t\t\t\t<\/div>\n\t\t<\/section>\n\t\t\t\t<\/div>\n\t\t","protected":false},"excerpt":{"rendered":"<p>Smart City Highlights 2025 Pre\u00eenregistrare PrenumeNumeFunc\u021bieInstitu\u021bieEmailTelefonZilele \u00een care dori\u021bi s\u0103 participa\u021bi Ziua 1 \u2013 7 octombrie 2025 Ziua 2 \u2013 8 octombrie 2025 Ambele zile\u00cen fiecare zi, \u00eentre 10:00 \u0219i [&hellip;]<\/p>\n","protected":false},"author":46,"featured_media":0,"parent":0,"menu_order":0,"comment_status":"closed","ping_status":"closed","template":"","meta":{"footnotes":""},"class_list":["post-26826","page","type-page","status-publish","hentry"],"_links":{"self":[{"href":"https:\/\/citicluster.upb.ro\/ro\/wp-json\/wp\/v2\/pages\/26826","targetHints":{"allow":["GET"]}}],"collection":[{"href":"https:\/\/citicluster.upb.ro\/ro\/wp-json\/wp\/v2\/pages"}],"about":[{"href":"https:\/\/citicluster.upb.ro\/ro\/wp-json\/wp\/v2\/types\/page"}],"author":[{"embeddable":true,"href":"https:\/\/citicluster.upb.ro\/ro\/wp-json\/wp\/v2\/users\/46"}],"replies":[{"embeddable":true,"href":"https:\/\/citicluster.upb.ro\/ro\/wp-json\/wp\/v2\/comments?post=26826"}],"version-history":[{"count":8,"href":"https:\/\/citicluster.upb.ro\/ro\/wp-json\/wp\/v2\/pages\/26826\/revisions"}],"predecessor-version":[{"id":26837,"href":"https:\/\/citicluster.upb.ro\/ro\/wp-json\/wp\/v2\/pages\/26826\/revisions\/26837"}],"wp:attachment":[{"href":"https:\/\/citicluster.upb.ro\/ro\/wp-json\/wp\/v2\/media?parent=26826"}],"curies":[{"name":"wp","href":"https:\/\/api.w.org\/{rel}","templated":true}]}}